{"id":14,"date":"2015-08-19T23:21:07","date_gmt":"2015-08-19T21:21:07","guid":{"rendered":"http:\/\/www.kng.agh.edu.pl\/kng\/?page_id=14"},"modified":"2026-03-06T10:00:07","modified_gmt":"2026-03-06T09:00:07","slug":"o-nas","status":"publish","type":"page","link":"https:\/\/www.kng.agh.edu.pl\/kng\/o-nas\/","title":{"rendered":"O nas"},"content":{"rendered":"<h2 style=\"padding-left: 150px; text-align: center;\"><span style=\"text-decoration: underline;\"><strong>Zarz\u0105d Ko\u0142a Naukowego Geodet\u00f3w &#8222;Dahlta&#8221; na rok 2026<\/strong><\/span><\/h2>\n<h2 style=\"padding-left: 150px; text-align: left;\">\u00a0\u00a0\u00a0\u00a0<\/h2>\n<hr \/>\n\n\n<figure class=\"wp-block-image size-full\"><img loading=\"lazy\" decoding=\"async\" width=\"1600\" height=\"900\" src=\"https:\/\/www.kng.agh.edu.pl\/kng\/wp-content\/uploads\/WhatsApp-Image-2026-01-15-at-12.03.24-AM.jpeg\" alt=\"\" class=\"wp-image-4152\" srcset=\"https:\/\/www.kng.agh.edu.pl\/kng\/wp-content\/uploads\/WhatsApp-Image-2026-01-15-at-12.03.24-AM.jpeg 1600w, https:\/\/www.kng.agh.edu.pl\/kng\/wp-content\/uploads\/WhatsApp-Image-2026-01-15-at-12.03.24-AM-300x169.jpeg 300w, https:\/\/www.kng.agh.edu.pl\/kng\/wp-content\/uploads\/WhatsApp-Image-2026-01-15-at-12.03.24-AM-1024x576.jpeg 1024w, https:\/\/www.kng.agh.edu.pl\/kng\/wp-content\/uploads\/WhatsApp-Image-2026-01-15-at-12.03.24-AM-1536x864.jpeg 1536w, https:\/\/www.kng.agh.edu.pl\/kng\/wp-content\/uploads\/WhatsApp-Image-2026-01-15-at-12.03.24-AM-400x225.jpeg 400w\" sizes=\"auto, (max-width: 1600px) 100vw, 1600px\" \/><\/figure>\n\n\n\n<div class=\"wp-block-group\"><div class=\"wp-block-group__inner-container is-layout-constrained wp-block-group-is-layout-constrained\">\n<div class=\"wp-block-columns is-layout-flex wp-container-core-columns-is-layout-9d6595d7 wp-block-columns-is-layout-flex\">\n<div class=\"wp-block-column is-layout-flow wp-block-column-is-layout-flow\" style=\"flex-basis:100%\">\n<div class=\"wp-block-columns is-layout-flex wp-container-core-columns-is-layout-9d6595d7 wp-block-columns-is-layout-flex\">\n<div class=\"wp-block-column is-layout-flow wp-block-column-is-layout-flow\" style=\"flex-basis:100%\">\n<figure class=\"wp-block-gallery aligncenter has-nested-images columns-default is-cropped wp-block-gallery-1 is-layout-flex wp-block-gallery-is-layout-flex\"><div class=\"wp-block-image\">\n<figure class=\"aligncenter size-large\"><img loading=\"lazy\" decoding=\"async\" width=\"576\" height=\"1024\" data-id=\"4188\" src=\"https:\/\/www.kng.agh.edu.pl\/kng\/wp-content\/uploads\/WhatsApp-Image-2026-01-15-at-12.03.25-AM-6-576x1024.jpeg\" alt=\"\" class=\"wp-image-4188\" srcset=\"https:\/\/www.kng.agh.edu.pl\/kng\/wp-content\/uploads\/WhatsApp-Image-2026-01-15-at-12.03.25-AM-6-576x1024.jpeg 576w, https:\/\/www.kng.agh.edu.pl\/kng\/wp-content\/uploads\/WhatsApp-Image-2026-01-15-at-12.03.25-AM-6-169x300.jpeg 169w, https:\/\/www.kng.agh.edu.pl\/kng\/wp-content\/uploads\/WhatsApp-Image-2026-01-15-at-12.03.25-AM-6-864x1536.jpeg 864w, https:\/\/www.kng.agh.edu.pl\/kng\/wp-content\/uploads\/WhatsApp-Image-2026-01-15-at-12.03.25-AM-6-338x600.jpeg 338w, https:\/\/www.kng.agh.edu.pl\/kng\/wp-content\/uploads\/WhatsApp-Image-2026-01-15-at-12.03.25-AM-6.jpeg 900w\" sizes=\"auto, (max-width: 576px) 100vw, 576px\" \/><figcaption class=\"wp-element-caption\">Opiekun ko\u0142a<br>dr in\u017c. Miko\u0142aj Skulich<\/figcaption><\/figure>\n<\/div><\/figure>\n\n\n\n<div class=\"wp-block-group\"><div class=\"wp-block-group__inner-container is-layout-constrained wp-block-group-is-layout-constrained\">\n<figure class=\"wp-block-gallery has-nested-images columns-default is-cropped wp-block-gallery-2 is-layout-flex wp-block-gallery-is-layout-flex\">\n<figure class=\"wp-block-image size-large\"><img loading=\"lazy\" decoding=\"async\" width=\"576\" height=\"1024\" data-id=\"4183\" src=\"https:\/\/www.kng.agh.edu.pl\/kng\/wp-content\/uploads\/WhatsApp-Image-2026-01-15-at-12.03.29-AM-4-576x1024.jpeg\" alt=\"\" class=\"wp-image-4183\" srcset=\"https:\/\/www.kng.agh.edu.pl\/kng\/wp-content\/uploads\/WhatsApp-Image-2026-01-15-at-12.03.29-AM-4-576x1024.jpeg 576w, https:\/\/www.kng.agh.edu.pl\/kng\/wp-content\/uploads\/WhatsApp-Image-2026-01-15-at-12.03.29-AM-4-169x300.jpeg 169w, https:\/\/www.kng.agh.edu.pl\/kng\/wp-content\/uploads\/WhatsApp-Image-2026-01-15-at-12.03.29-AM-4-864x1536.jpeg 864w, https:\/\/www.kng.agh.edu.pl\/kng\/wp-content\/uploads\/WhatsApp-Image-2026-01-15-at-12.03.29-AM-4-338x600.jpeg 338w, https:\/\/www.kng.agh.edu.pl\/kng\/wp-content\/uploads\/WhatsApp-Image-2026-01-15-at-12.03.29-AM-4.jpeg 900w\" sizes=\"auto, (max-width: 576px) 100vw, 576px\" \/><figcaption class=\"wp-element-caption\">Prezes ko\u0142a<br>Aleksandra Skawina<\/figcaption><\/figure>\n\n\n\n<figure class=\"wp-block-image size-large\"><img loading=\"lazy\" decoding=\"async\" width=\"576\" height=\"1024\" data-id=\"4187\" src=\"https:\/\/www.kng.agh.edu.pl\/kng\/wp-content\/uploads\/WhatsApp-Image-2026-01-15-at-12.03.25-AM-1-4-576x1024.jpeg\" alt=\"\" class=\"wp-image-4187\" srcset=\"https:\/\/www.kng.agh.edu.pl\/kng\/wp-content\/uploads\/WhatsApp-Image-2026-01-15-at-12.03.25-AM-1-4-576x1024.jpeg 576w, https:\/\/www.kng.agh.edu.pl\/kng\/wp-content\/uploads\/WhatsApp-Image-2026-01-15-at-12.03.25-AM-1-4-169x300.jpeg 169w, https:\/\/www.kng.agh.edu.pl\/kng\/wp-content\/uploads\/WhatsApp-Image-2026-01-15-at-12.03.25-AM-1-4-864x1536.jpeg 864w, https:\/\/www.kng.agh.edu.pl\/kng\/wp-content\/uploads\/WhatsApp-Image-2026-01-15-at-12.03.25-AM-1-4-338x600.jpeg 338w, https:\/\/www.kng.agh.edu.pl\/kng\/wp-content\/uploads\/WhatsApp-Image-2026-01-15-at-12.03.25-AM-1-4.jpeg 900w\" sizes=\"auto, (max-width: 576px) 100vw, 576px\" \/><figcaption class=\"wp-element-caption\">Wiceprezes<br>Wiktor Pohrebny<\/figcaption><\/figure>\n\n\n\n<figure class=\"wp-block-image size-large\"><img loading=\"lazy\" decoding=\"async\" width=\"576\" height=\"1024\" data-id=\"4185\" src=\"https:\/\/www.kng.agh.edu.pl\/kng\/wp-content\/uploads\/WhatsApp-Image-2026-01-15-at-12.03.27-AM-4-576x1024.jpeg\" alt=\"\" class=\"wp-image-4185\" srcset=\"https:\/\/www.kng.agh.edu.pl\/kng\/wp-content\/uploads\/WhatsApp-Image-2026-01-15-at-12.03.27-AM-4-576x1024.jpeg 576w, https:\/\/www.kng.agh.edu.pl\/kng\/wp-content\/uploads\/WhatsApp-Image-2026-01-15-at-12.03.27-AM-4-169x300.jpeg 169w, https:\/\/www.kng.agh.edu.pl\/kng\/wp-content\/uploads\/WhatsApp-Image-2026-01-15-at-12.03.27-AM-4-864x1536.jpeg 864w, https:\/\/www.kng.agh.edu.pl\/kng\/wp-content\/uploads\/WhatsApp-Image-2026-01-15-at-12.03.27-AM-4-338x600.jpeg 338w, https:\/\/www.kng.agh.edu.pl\/kng\/wp-content\/uploads\/WhatsApp-Image-2026-01-15-at-12.03.27-AM-4.jpeg 900w\" sizes=\"auto, (max-width: 576px) 100vw, 576px\" \/><figcaption class=\"wp-element-caption\">Skarbnik<br>Piotr Augustyn<\/figcaption><\/figure>\n\n\n\n<figure class=\"wp-block-image size-large\"><img loading=\"lazy\" decoding=\"async\" width=\"576\" height=\"1024\" data-id=\"4186\" src=\"https:\/\/www.kng.agh.edu.pl\/kng\/wp-content\/uploads\/WhatsApp-Image-2026-01-15-at-12.03.26-AM-4-576x1024.jpeg\" alt=\"\" class=\"wp-image-4186\" srcset=\"https:\/\/www.kng.agh.edu.pl\/kng\/wp-content\/uploads\/WhatsApp-Image-2026-01-15-at-12.03.26-AM-4-576x1024.jpeg 576w, https:\/\/www.kng.agh.edu.pl\/kng\/wp-content\/uploads\/WhatsApp-Image-2026-01-15-at-12.03.26-AM-4-169x300.jpeg 169w, https:\/\/www.kng.agh.edu.pl\/kng\/wp-content\/uploads\/WhatsApp-Image-2026-01-15-at-12.03.26-AM-4-864x1536.jpeg 864w, https:\/\/www.kng.agh.edu.pl\/kng\/wp-content\/uploads\/WhatsApp-Image-2026-01-15-at-12.03.26-AM-4-338x600.jpeg 338w, https:\/\/www.kng.agh.edu.pl\/kng\/wp-content\/uploads\/WhatsApp-Image-2026-01-15-at-12.03.26-AM-4.jpeg 900w\" sizes=\"auto, (max-width: 576px) 100vw, 576px\" \/><figcaption class=\"wp-element-caption\">Sekretarz<br>Dominik Koc\u00f3j<\/figcaption><\/figure>\n\n\n\n<figure class=\"wp-block-image size-large\"><img loading=\"lazy\" decoding=\"async\" width=\"576\" height=\"1024\" data-id=\"4182\" src=\"https:\/\/www.kng.agh.edu.pl\/kng\/wp-content\/uploads\/WhatsApp-Image-2026-01-15-at-12.03.30-AM-4-576x1024.jpeg\" alt=\"\" class=\"wp-image-4182\" srcset=\"https:\/\/www.kng.agh.edu.pl\/kng\/wp-content\/uploads\/WhatsApp-Image-2026-01-15-at-12.03.30-AM-4-576x1024.jpeg 576w, https:\/\/www.kng.agh.edu.pl\/kng\/wp-content\/uploads\/WhatsApp-Image-2026-01-15-at-12.03.30-AM-4-169x300.jpeg 169w, https:\/\/www.kng.agh.edu.pl\/kng\/wp-content\/uploads\/WhatsApp-Image-2026-01-15-at-12.03.30-AM-4-864x1536.jpeg 864w, https:\/\/www.kng.agh.edu.pl\/kng\/wp-content\/uploads\/WhatsApp-Image-2026-01-15-at-12.03.30-AM-4-338x600.jpeg 338w, https:\/\/www.kng.agh.edu.pl\/kng\/wp-content\/uploads\/WhatsApp-Image-2026-01-15-at-12.03.30-AM-4.jpeg 900w\" sizes=\"auto, (max-width: 576px) 100vw, 576px\" \/><figcaption class=\"wp-element-caption\">Rzecznik<br>Dominika Kordowska<\/figcaption><\/figure>\n\n\n\n<figure class=\"wp-block-image size-large\"><img loading=\"lazy\" decoding=\"async\" width=\"576\" height=\"1024\" data-id=\"4184\" src=\"https:\/\/www.kng.agh.edu.pl\/kng\/wp-content\/uploads\/WhatsApp-Image-2026-01-15-at-12.03.28-AM-4-576x1024.jpeg\" alt=\"\" class=\"wp-image-4184\" srcset=\"https:\/\/www.kng.agh.edu.pl\/kng\/wp-content\/uploads\/WhatsApp-Image-2026-01-15-at-12.03.28-AM-4-576x1024.jpeg 576w, https:\/\/www.kng.agh.edu.pl\/kng\/wp-content\/uploads\/WhatsApp-Image-2026-01-15-at-12.03.28-AM-4-169x300.jpeg 169w, https:\/\/www.kng.agh.edu.pl\/kng\/wp-content\/uploads\/WhatsApp-Image-2026-01-15-at-12.03.28-AM-4-864x1536.jpeg 864w, https:\/\/www.kng.agh.edu.pl\/kng\/wp-content\/uploads\/WhatsApp-Image-2026-01-15-at-12.03.28-AM-4-338x600.jpeg 338w, https:\/\/www.kng.agh.edu.pl\/kng\/wp-content\/uploads\/WhatsApp-Image-2026-01-15-at-12.03.28-AM-4.jpeg 900w\" sizes=\"auto, (max-width: 576px) 100vw, 576px\" \/><figcaption class=\"wp-element-caption\">Techniczny<br>Micha\u0142 Inglot<\/figcaption><\/figure>\n<\/figure>\n<\/div><\/div>\n<\/div>\n<\/div>\n<\/div>\n<\/div>\n<\/div><\/div>\n\n\n\n<div class=\"wp-block-columns is-layout-flex wp-container-core-columns-is-layout-9d6595d7 wp-block-columns-is-layout-flex\"><\/div>\n<div class='gt3_row-fluid'><div style='padding-bottom:40px;' class='gt3_col8 first-module module_number_1 module_cont  module_html'><div class='bg_title'><h4 style='' class='headInModule'>Cz\u0142onkowie Ko\u0142a<\/h4><\/div>\n                <div class='module_content'>\n                    <p>\n<table id=\"tablepress-1\" class=\"tablepress tablepress-id-1\">\n<thead>\n<tr class=\"row-1\">\n\t<th class=\"column-1\">Nazwisko<\/th><th class=\"column-2\">Imi\u0119<\/th><th class=\"column-3\">Rok<\/th>\n<\/tr>\n<\/thead>\n<tbody>\n<tr class=\"row-2\">\n\t<td class=\"column-1\">Bana\u015b<\/td><td class=\"column-2\">Jakub<\/td><td class=\"column-3\">IV<\/td>\n<\/tr>\n<tr class=\"row-3\">\n\t<td class=\"column-1\">Barcik<\/td><td class=\"column-2\">Micha\u0142<\/td><td class=\"column-3\">Doktorant<\/td>\n<\/tr>\n<tr class=\"row-4\">\n\t<td class=\"column-1\">Bartczak<\/td><td class=\"column-2\">Martyna<\/td><td class=\"column-3\">Doktorant<\/td>\n<\/tr>\n<tr class=\"row-5\">\n\t<td class=\"column-1\">Dziuba-Brauner<\/td><td class=\"column-2\">Natalia<\/td><td class=\"column-3\">Doktorant<\/td>\n<\/tr>\n<tr class=\"row-6\">\n\t<td class=\"column-1\">Parzniewska<\/td><td class=\"column-2\">Natalia<\/td><td class=\"column-3\">IV<\/td>\n<\/tr>\n<tr class=\"row-7\">\n\t<td class=\"column-1\">Mo\u0142dysz<\/td><td class=\"column-2\">Aleksandra<\/td><td class=\"column-3\">V<\/td>\n<\/tr>\n<tr class=\"row-8\">\n\t<td class=\"column-1\">Struga\u0142a<\/td><td class=\"column-2\">Kinga<\/td><td class=\"column-3\">V<\/td>\n<\/tr>\n<tr class=\"row-9\">\n\t<td class=\"column-1\">Wo\u017aniak<\/td><td class=\"column-2\">Zuzanna<\/td><td class=\"column-3\">V<\/td>\n<\/tr>\n<tr class=\"row-10\">\n\t<td class=\"column-1\">Pieprzowski<\/td><td class=\"column-2\">Karol<\/td><td class=\"column-3\">V<\/td>\n<\/tr>\n<tr class=\"row-11\">\n\t<td class=\"column-1\">Kosek<\/td><td class=\"column-2\">Mateusz<\/td><td class=\"column-3\">V<\/td>\n<\/tr>\n<tr class=\"row-12\">\n\t<td class=\"column-1\">Ku\u017aniar<\/td><td class=\"column-2\">Kacper<\/td><td class=\"column-3\">V<\/td>\n<\/tr>\n<tr class=\"row-13\">\n\t<td class=\"column-1\">Koc\u00f3j<\/td><td class=\"column-2\">Dominik<\/td><td class=\"column-3\">III<\/td>\n<\/tr>\n<tr class=\"row-14\">\n\t<td class=\"column-1\">Ro\u017cek<\/td><td class=\"column-2\">Karolina<\/td><td class=\"column-3\">IV<\/td>\n<\/tr>\n<tr class=\"row-15\">\n\t<td class=\"column-1\">Krowi\u0144ski<\/td><td class=\"column-2\">Marcin<\/td><td class=\"column-3\">III<\/td>\n<\/tr>\n<tr class=\"row-16\">\n\t<td class=\"column-1\">Zarosa<\/td><td class=\"column-2\">Szymon<\/td><td class=\"column-3\">III<\/td>\n<\/tr>\n<tr class=\"row-17\">\n\t<td class=\"column-1\">Stasiowska<\/td><td class=\"column-2\">Agata<\/td><td class=\"column-3\">III<\/td>\n<\/tr>\n<tr class=\"row-18\">\n\t<td class=\"column-1\">Skawina<\/td><td class=\"column-2\">Aleksandra<\/td><td class=\"column-3\">III<\/td>\n<\/tr>\n<tr class=\"row-19\">\n\t<td class=\"column-1\">P\u0142uciennik<\/td><td class=\"column-2\">Wiktoria<\/td><td class=\"column-3\">III<\/td>\n<\/tr>\n<tr class=\"row-20\">\n\t<td class=\"column-1\">Skuza<\/td><td class=\"column-2\">Dacjan<\/td><td class=\"column-3\">IV<\/td>\n<\/tr>\n<tr class=\"row-21\">\n\t<td class=\"column-1\">Augustyn<\/td><td class=\"column-2\">Piotr<\/td><td class=\"column-3\">III<\/td>\n<\/tr>\n<tr class=\"row-22\">\n\t<td class=\"column-1\">W\u00f3jcik<\/td><td class=\"column-2\">Maria<\/td><td class=\"column-3\">III<\/td>\n<\/tr>\n<tr class=\"row-23\">\n\t<td class=\"column-1\">Ga\u0142uszka<\/td><td class=\"column-2\">Micha\u0142<\/td><td class=\"column-3\">III<\/td>\n<\/tr>\n<tr class=\"row-24\">\n\t<td class=\"column-1\">Jajuga<\/td><td class=\"column-2\">Maciej<\/td><td class=\"column-3\">II<\/td>\n<\/tr>\n<tr class=\"row-25\">\n\t<td class=\"column-1\">Ko\u0142acz<\/td><td class=\"column-2\">Szymon<\/td><td class=\"column-3\">II<\/td>\n<\/tr>\n<tr class=\"row-26\">\n\t<td class=\"column-1\">Szczepaniak<\/td><td class=\"column-2\">Kacper<\/td><td class=\"column-3\">II<\/td>\n<\/tr>\n<tr class=\"row-27\">\n\t<td class=\"column-1\">Adamus<\/td><td class=\"column-2\">Arkadiusz<\/td><td class=\"column-3\">III<\/td>\n<\/tr>\n<tr class=\"row-28\">\n\t<td class=\"column-1\">Migas<\/td><td class=\"column-2\">Zuzanna<\/td><td class=\"column-3\">II<\/td>\n<\/tr>\n<tr class=\"row-29\">\n\t<td class=\"column-1\">Orze\u0142<\/td><td class=\"column-2\">Sara<\/td><td class=\"column-3\">II<\/td>\n<\/tr>\n<tr class=\"row-30\">\n\t<td class=\"column-1\">Ptak<\/td><td class=\"column-2\">Alicja<\/td><td class=\"column-3\">II<\/td>\n<\/tr>\n<tr class=\"row-31\">\n\t<td class=\"column-1\">Gebalski<\/td><td class=\"column-2\">Krzysztof<\/td><td class=\"column-3\">II<\/td>\n<\/tr>\n<tr class=\"row-32\">\n\t<td class=\"column-1\">Szersze\u0144<\/td><td class=\"column-2\">Martyna<\/td><td class=\"column-3\">II<\/td>\n<\/tr>\n<tr class=\"row-33\">\n\t<td class=\"column-1\">Guzik<\/td><td class=\"column-2\">Kinga<\/td><td class=\"column-3\">II<\/td>\n<\/tr>\n<tr class=\"row-34\">\n\t<td class=\"column-1\">Latus<\/td><td class=\"column-2\">Natalia<\/td><td class=\"column-3\">II<\/td>\n<\/tr>\n<tr class=\"row-35\">\n\t<td class=\"column-1\">Pohrebny<\/td><td class=\"column-2\">Wiktor<\/td><td class=\"column-3\">II<\/td>\n<\/tr>\n<tr class=\"row-36\">\n\t<td class=\"column-1\">Zawalska<\/td><td class=\"column-2\">Magdalena<\/td><td class=\"column-3\">II<\/td>\n<\/tr>\n<tr class=\"row-37\">\n\t<td class=\"column-1\">Inglot<\/td><td class=\"column-2\">Micha\u0142<\/td><td class=\"column-3\">II<\/td>\n<\/tr>\n<tr class=\"row-38\">\n\t<td class=\"column-1\">Ryszka<\/td><td class=\"column-2\">Maciej<\/td><td class=\"column-3\">II<\/td>\n<\/tr>\n<tr class=\"row-39\">\n\t<td class=\"column-1\">G\u0142\u0105b<\/td><td class=\"column-2\">Natalia<\/td><td class=\"column-3\">II<\/td>\n<\/tr>\n<tr class=\"row-40\">\n\t<td class=\"column-1\">Mulka<\/td><td class=\"column-2\">Robert<\/td><td class=\"column-3\">I<\/td>\n<\/tr>\n<tr class=\"row-41\">\n\t<td class=\"column-1\">Ho\u0142dy\u0144ska<\/td><td class=\"column-2\">Natalia<\/td><td class=\"column-3\">III<\/td>\n<\/tr>\n<tr class=\"row-42\">\n\t<td class=\"column-1\">Bernecki<\/td><td class=\"column-2\">Mi\u0142osz<\/td><td class=\"column-3\">I<\/td>\n<\/tr>\n<tr class=\"row-43\">\n\t<td class=\"column-1\">Maruszak<\/td><td class=\"column-2\">Kacper<\/td><td class=\"column-3\">I<\/td>\n<\/tr>\n<tr class=\"row-44\">\n\t<td class=\"column-1\">Nowak<\/td><td class=\"column-2\">Marcin (dok. Zuzanna)<\/td><td class=\"column-3\">I<\/td>\n<\/tr>\n<tr class=\"row-45\">\n\t<td class=\"column-1\">Bolmi\u0144ska<\/td><td class=\"column-2\">Zuzanna<\/td><td class=\"column-3\">I<\/td>\n<\/tr>\n<tr class=\"row-46\">\n\t<td class=\"column-1\">Owsi\u0144ska<\/td><td class=\"column-2\">Patrycja<\/td><td class=\"column-3\">I<\/td>\n<\/tr>\n<tr class=\"row-47\">\n\t<td class=\"column-1\">Kopacz<\/td><td class=\"column-2\">Anna<\/td><td class=\"column-3\">I<\/td>\n<\/tr>\n<tr class=\"row-48\">\n\t<td class=\"column-1\">Kajm<\/td><td class=\"column-2\">Piotr<\/td><td class=\"column-3\">I<\/td>\n<\/tr>\n<tr class=\"row-49\">\n\t<td class=\"column-1\">Rz\u0105sa<\/td><td class=\"column-2\">Wiktor<\/td><td class=\"column-3\">I<\/td>\n<\/tr>\n<tr class=\"row-50\">\n\t<td class=\"column-1\">Czy\u017cewski<\/td><td class=\"column-2\">Mateusz<\/td><td class=\"column-3\">I<\/td>\n<\/tr>\n<tr class=\"row-51\">\n\t<td class=\"column-1\">Maryszczak<\/td><td class=\"column-2\">Kornelia<\/td><td class=\"column-3\">I<\/td>\n<\/tr>\n<tr class=\"row-52\">\n\t<td class=\"column-1\">Pietruszka<\/td><td class=\"column-2\">Kamila<\/td><td class=\"column-3\">I<\/td>\n<\/tr>\n<tr class=\"row-53\">\n\t<td class=\"column-1\">Bednarczyk<\/td><td class=\"column-2\">Aleksandra<\/td><td class=\"column-3\">I<\/td>\n<\/tr>\n<tr class=\"row-54\">\n\t<td class=\"column-1\">Kapusta<\/td><td class=\"column-2\">Oliwia<\/td><td class=\"column-3\">I<\/td>\n<\/tr>\n<tr class=\"row-55\">\n\t<td class=\"column-1\">\u015awi\u0119cki<\/td><td class=\"column-2\">Sebastian<\/td><td class=\"column-3\">I<\/td>\n<\/tr>\n<tr class=\"row-56\">\n\t<td class=\"column-1\">\u017buber<\/td><td class=\"column-2\">Eryk (dok. Aniela)<\/td><td class=\"column-3\">I<\/td>\n<\/tr>\n<tr class=\"row-57\">\n\t<td class=\"column-1\">Sobo\u0144<\/td><td class=\"column-2\">Wojciech<\/td><td class=\"column-3\">I<\/td>\n<\/tr>\n<tr class=\"row-58\">\n\t<td class=\"column-1\">Kubus<\/td><td class=\"column-2\">Krzysztof<\/td><td class=\"column-3\">I<\/td>\n<\/tr>\n<tr class=\"row-59\">\n\t<td class=\"column-1\">Skowron<\/td><td class=\"column-2\">Pawe\u0142<\/td><td class=\"column-3\">I<\/td>\n<\/tr>\n<tr class=\"row-60\">\n\t<td class=\"column-1\">Wierzejska<\/td><td class=\"column-2\">Weronika<\/td><td class=\"column-3\">I<\/td>\n<\/tr>\n<tr class=\"row-61\">\n\t<td class=\"column-1\">Bernaciak<\/td><td class=\"column-2\">Patrycja<\/td><td class=\"column-3\">I<\/td>\n<\/tr>\n<tr class=\"row-62\">\n\t<td class=\"column-1\">Kordowska<\/td><td class=\"column-2\">Dominika<\/td><td class=\"column-3\">I<\/td>\n<\/tr>\n<\/tbody>\n<\/table>\n<!-- #tablepress-1 from cache --><\/p>\n                <\/div><\/div><!-- .module_cont --><div style='padding-bottom:40px;' class='gt3_col4  module_number_2 module_cont  module_html'><div class='bg_title'><h4 style='' class='headInModule'>Gdzie jeste\u015bmy?<\/h4><\/div>\n                <div class='module_content'>\n                    <p><iframe loading=\"lazy\" style=\"border: 0;\" src=\"https:\/\/www.google.com\/maps\/embed?pb=!1m14!1m8!1m3!1d1280.5484766719892!2d19.9194074!3d50.0657459!3m2!1i1024!2i768!4f13.1!3m3!1m2!1s0x0%3A0x0!2zNTDCsDAzJzU2LjkiTiAxOcKwNTUnMTIuNSJF!5e0!3m2!1spl!2spl!4v1517700945917\" width=\"600\" height=\"450\" frameborder=\"0\" allowfullscreen=\"allowfullscreen\"><\/iframe><\/p>\n                <\/div><\/div><!-- .module_cont --><\/div><div class='gt3_row-fluid'><div style='padding-bottom:40px;' class='gt3_col6  module_number_3 module_cont  module_promo_text'><div class='bg_title'><h4 style='' class='headInModule'>Zosta\u0144 cz\u0142onkiem<\/h4><\/div>\n\t\t\t<div class=\"shortcode_promoblock  no_additional_text \">\n\t\t\t\t<div class=\"promoblock_wrapper\">\n\t\t\t\t\t<div class=\"promo_text_block\">\n\t\t\t\t\t\t<div class=\"promo_text_block_wrapper\">\n\t\t\t\t\t\t\t<h4 >Pobierz deklaracj\u0119 cz\u0142onkowsk\u0105<\/h4>\n\t\t\t\t\t\t\t<h6 ><\/h6>\n\t\t\t\t\t\t<\/div>\n\t\t\t\t\t<\/div>\n\t\t\t\t\t\t<div class=\"promo_button_block\"><a href=\"http:\/\/www.kng.agh.edu.pl\/files\/DeklaracjaKNGDahlta.pdf\" class=\"\">*pdf<\/a><\/div>\n\t\t\t\t<\/div>\n\t\t\t<\/div>\n            <div class=\"clear\"><\/div>\n\t\t\t<\/div><!-- .module_cont --><div style='padding-bottom:40px;' class='gt3_col6  module_number_4 module_cont  module_promo_text'><div class='bg_title'><h4 style='' class='headInModule'>Statut<\/h4><\/div>\n\t\t\t<div class=\"shortcode_promoblock  no_additional_text \">\n\t\t\t\t<div class=\"promoblock_wrapper\">\n\t\t\t\t\t<div class=\"promo_text_block\">\n\t\t\t\t\t\t<div class=\"promo_text_block_wrapper\">\n\t\t\t\t\t\t\t<h4 >Zapoznaj si\u0119 ze regulaminem KNG<\/h4>\n\t\t\t\t\t\t\t<h6 ><\/h6>\n\t\t\t\t\t\t<\/div>\n\t\t\t\t\t<\/div>\n\t\t\t\t\t\t<div class=\"promo_button_block\"><a href=\"\/kng\/wp-content\/uploads\/Regulamin-KNG-Dahlta-3.pdf\" class=\"\">*pdf<\/a><\/div>\n\t\t\t\t<\/div>\n\t\t\t<\/div>\n            <div class=\"clear\"><\/div>\n\t\t\t<\/div><!-- .module_cont --><\/div><div class='gt3_row-fluid'><div style='padding-bottom:40px;' class='gt3_col12  module_number_5 module_cont  module_promo_text'><div class='bg_title'><h4 style='' class='headInModule'>Skontaktuj si\u0119 z nami<\/h4><\/div>\n\t\t\t<div class=\"shortcode_promoblock \">\n\t\t\t\t<div class=\"promoblock_wrapper\">\n\t\t\t\t\t<div class=\"promo_text_block\">\n\t\t\t\t\t\t<div class=\"promo_text_block_wrapper\">\n\t\t\t\t\t\t\t<h4 >Je\u017celi jeste\u015b zainteresowany wsp\u00f3\u0142prac\u0105 z nami:<\/h4>\n\t\t\t\t\t\t\t<h6 >\t\tkng@agh.edu.pl<\/h6>\n\t\t\t\t\t\t<\/div>\n\t\t\t\t\t<\/div>\n\t\t\t\t\t\t<div class=\"promo_button_block\"><a href=\"mailto:kngdahlta@gmail.com\" class=\"\">Napisz<\/a><\/div>\n\t\t\t\t<\/div>\n\t\t\t<\/div>\n            <div class=\"clear\"><\/div>\n\t\t\t<\/div><!-- .module_cont --><\/div>","protected":false},"excerpt":{"rendered":"<p>Zarz\u0105d Ko\u0142a Naukowego Geodet\u00f3w &#8222;Dahlta&#8221; na rok 2026 \u00a0\u00a0\u00a0\u00a0 Cz\u0142onkowie Ko\u0142a Nazwisko Imi\u0119 Rok Bana\u015b Jakub IV Barcik Micha\u0142 Doktorant Bartczak Martyna Doktorant Dziuba-Brauner Natalia Doktorant Parzniewska Natalia IV Mo\u0142dysz Aleksandra V Struga\u0142a Kinga V Wo\u017aniak Zuzanna V Pieprzowski Karol V Kosek Mateusz V Ku\u017aniar Kacper V Koc\u00f3j Dominik III Ro\u017cek Karolina IV Krowi\u0144ski Marcin III Zarosa Szymon III Stasiowska Agata III Skawina Aleksandra III P\u0142uciennik Wiktoria III Skuza Dacjan IV Augustyn Piotr III W\u00f3jcik Maria III Ga\u0142uszka Micha\u0142 III Jajuga Maciej II Ko\u0142acz Szymon II Szczepaniak Kacper II Adamus Arkadiusz III Migas Zuzanna II Orze\u0142 Sara II Ptak Alicja II Gebalski Krzysztof II Szersze\u0144 Martyna II Guzik Kinga II Latus Natalia II Pohrebny Wiktor II Zawalska Magdalena II Inglot Micha\u0142 II Ryszka Maciej II G\u0142\u0105b Natalia II Mulka Robert I Ho\u0142dy\u0144ska Natalia III Bernecki Mi\u0142osz I Maruszak Kacper I Nowak Marcin (dok. Zuzanna) I Bolmi\u0144ska Zuzanna I Owsi\u0144ska Patrycja I Kopacz Anna I Kajm Piotr I Rz\u0105sa Wiktor I Czy\u017cewski Mateusz I Maryszczak Kornelia I Pietruszka Kamila I Bednarczyk Aleksandra I Kapusta Oliwia I \u015awi\u0119cki Sebastian I \u017buber Eryk (dok. Aniela) I Sobo\u0144 Wojciech I Kubus Krzysztof I Skowron Pawe\u0142 I Wierzejska Weronika I Bernaciak Patrycja I Kordowska Dominika [&hellip;]<\/p>\n","protected":false},"author":21,"featured_media":0,"parent":0,"menu_order":0,"comment_status":"closed","ping_status":"closed","template":"","meta":{"footnotes":"","_links_to":"","_links_to_target":""},"categories":[],"tags":[],"class_list":["post-14","page","type-page","status-publish","czr-hentry"],"_links":{"self":[{"href":"https:\/\/www.kng.agh.edu.pl\/kng\/wp-json\/wp\/v2\/pages\/14","targetHints":{"allow":["GET"]}}],"collection":[{"href":"https:\/\/www.kng.agh.edu.pl\/kng\/wp-json\/wp\/v2\/pages"}],"about":[{"href":"https:\/\/www.kng.agh.edu.pl\/kng\/wp-json\/wp\/v2\/types\/page"}],"author":[{"embeddable":true,"href":"https:\/\/www.kng.agh.edu.pl\/kng\/wp-json\/wp\/v2\/users\/21"}],"replies":[{"embeddable":true,"href":"https:\/\/www.kng.agh.edu.pl\/kng\/wp-json\/wp\/v2\/comments?post=14"}],"version-history":[{"count":24,"href":"https:\/\/www.kng.agh.edu.pl\/kng\/wp-json\/wp\/v2\/pages\/14\/revisions"}],"predecessor-version":[{"id":4193,"href":"https:\/\/www.kng.agh.edu.pl\/kng\/wp-json\/wp\/v2\/pages\/14\/revisions\/4193"}],"wp:attachment":[{"href":"https:\/\/www.kng.agh.edu.pl\/kng\/wp-json\/wp\/v2\/media?parent=14"}],"wp:term":[{"taxonomy":"category","embeddable":true,"href":"https:\/\/www.kng.agh.edu.pl\/kng\/wp-json\/wp\/v2\/categories?post=14"},{"taxonomy":"post_tag","embeddable":true,"href":"https:\/\/www.kng.agh.edu.pl\/kng\/wp-json\/wp\/v2\/tags?post=14"}],"curies":[{"name":"wp","href":"https:\/\/api.w.org\/{rel}","templated":true}]}}