{"id":1912,"date":"2014-11-05T08:11:37","date_gmt":"2014-11-05T07:11:37","guid":{"rendered":"http:\/\/www.kng.agh.edu.pl\/?page_id=1912"},"modified":"2014-11-05T08:11:37","modified_gmt":"2014-11-05T07:11:37","slug":"dahltatv","status":"publish","type":"page","link":"https:\/\/www.kng.agh.edu.pl\/kng\/dahltatv\/","title":{"rendered":"DahltaTV"},"content":{"rendered":"<pre><code><ul class=\"lcp_catlist\" id=\"lcp_instance_0\"><li><a href=\"https:\/\/www.kng.agh.edu.pl\/kng\/2016\/04\/24\/httpswww-youtube-comwatchvnrvm0jrtupg\/\">FILM &#8211; Ob\u00f3z naukowy Tatry 2015<\/a><\/li><li><a href=\"https:\/\/www.kng.agh.edu.pl\/kng\/2016\/02\/17\/film-przemysl-3d\/\">FILM &#8211; Przemy\u015bl 3D<\/a><\/li><li><a href=\"https:\/\/www.kng.agh.edu.pl\/kng\/2014\/11\/10\/film-na-wyzynach-wyzyn-czyli-oboz-naukowy-mnich-2014\/\">FILM &#8211; Wy\u017cej ni\u017c g\u00f3ry &#8211; Ob\u00f3z naukowy Tatry Mnich 2014<\/a><\/li><li><a href=\"https:\/\/www.kng.agh.edu.pl\/kng\/2014\/11\/06\/film-oboz-naukowy-tatry-2014-2\/\">FILM &#8211; Ob\u00f3z naukowy Tatry 2014<\/a><\/li><li><a href=\"https:\/\/www.kng.agh.edu.pl\/kng\/2014\/11\/06\/film-justacja-teodolitu-carl-zeiss-theo-010-barborka-2013\/\">FILM &#8211; Justacja Teodolitu Carl Zeiss Theo 010 (Barb\u00f3rka 2013)<\/a><\/li><li><a href=\"https:\/\/www.kng.agh.edu.pl\/kng\/2013\/11\/06\/film-oboz-naukowy-beszczady-ukraina\/\">FILM &#8211; Ob\u00f3z naukowy Bieszczady-Ukraina<\/a><\/li><li><a href=\"https:\/\/www.kng.agh.edu.pl\/kng\/2013\/11\/06\/film-oboz-naukowy-tatry-2013\/\">FILM &#8211; Ob\u00f3z naukowy Tatry 2013<\/a><\/li><li><a href=\"https:\/\/www.kng.agh.edu.pl\/kng\/2012\/11\/06\/film-wyprawy-bari-lokalizacje\/\">FILM &#8211; Wyprawy Bari &#8211; Lokalizacje<\/a><\/li><li><a href=\"https:\/\/www.kng.agh.edu.pl\/kng\/2012\/11\/06\/film-oboz-naukowy-tatry-2012\/\">FILM &#8211; Ob\u00f3z naukowy Tatry 2012<\/a><\/li><li><a href=\"https:\/\/www.kng.agh.edu.pl\/kng\/2012\/11\/06\/film-oboz-naukowy-gis-pod-turniami-2012\/\">FILM &#8211; Ob\u00f3z naukowy GIS pod Turniami 2012<\/a><\/li><li><a href=\"https:\/\/www.kng.agh.edu.pl\/kng\/2012\/11\/06\/film-geo-azymuty-2012\/\">FILM &#8211; Geo Azymuty 2012<\/a><\/li><\/ul><\/code><\/pre>\n","protected":false},"excerpt":{"rendered":"","protected":false},"author":21,"featured_media":0,"parent":0,"menu_order":0,"comment_status":"closed","ping_status":"open","template":"","meta":{"footnotes":"","_links_to":"","_links_to_target":""},"categories":[],"tags":[],"class_list":["post-1912","page","type-page","status-publish","czr-hentry"],"_links":{"self":[{"href":"https:\/\/www.kng.agh.edu.pl\/kng\/wp-json\/wp\/v2\/pages\/1912","targetHints":{"allow":["GET"]}}],"collection":[{"href":"https:\/\/www.kng.agh.edu.pl\/kng\/wp-json\/wp\/v2\/pages"}],"about":[{"href":"https:\/\/www.kng.agh.edu.pl\/kng\/wp-json\/wp\/v2\/types\/page"}],"author":[{"embeddable":true,"href":"https:\/\/www.kng.agh.edu.pl\/kng\/wp-json\/wp\/v2\/users\/21"}],"replies":[{"embeddable":true,"href":"https:\/\/www.kng.agh.edu.pl\/kng\/wp-json\/wp\/v2\/comments?post=1912"}],"version-history":[{"count":0,"href":"https:\/\/www.kng.agh.edu.pl\/kng\/wp-json\/wp\/v2\/pages\/1912\/revisions"}],"wp:attachment":[{"href":"https:\/\/www.kng.agh.edu.pl\/kng\/wp-json\/wp\/v2\/media?parent=1912"}],"wp:term":[{"taxonomy":"category","embeddable":true,"href":"https:\/\/www.kng.agh.edu.pl\/kng\/wp-json\/wp\/v2\/categories?post=1912"},{"taxonomy":"post_tag","embeddable":true,"href":"https:\/\/www.kng.agh.edu.pl\/kng\/wp-json\/wp\/v2\/tags?post=1912"}],"curies":[{"name":"wp","href":"https:\/\/api.w.org\/{rel}","templated":true}]}}