{"id":2168,"date":"2015-01-24T14:20:19","date_gmt":"2015-01-24T13:20:19","guid":{"rendered":"http:\/\/www.kng.agh.edu.pl\/?page_id=2168"},"modified":"2018-02-03T14:36:51","modified_gmt":"2018-02-03T13:36:51","slug":"materialy-prmocyjne","status":"publish","type":"page","link":"https:\/\/www.kng.agh.edu.pl\/kng\/materialy-prmocyjne\/","title":{"rendered":"Materia\u0142y promocyjne"},"content":{"rendered":"<h3>Materia\u0142y promocyjne KNG Dahlta do wykorzystania przez cz\u0142onk\u00f3w ko\u0142a oraz w celach promocyjnych.<\/h3>\n<ol>\n<li>Logo KNG Dahlta (kolor, raster) JPG &#8211; <a href=\"https:\/\/drive.google.com\/file\/d\/0B_TbPNqnIJnRQ29WdjVDSEhMSTQ\/view?usp=sharing\">KLIK<\/a><\/li>\n<li>Logo KNG Dahlta (Kolor, raster) PNG &#8211; <a href=\"https:\/\/drive.google.com\/file\/d\/0B_TbPNqnIJnRTXh6OXFlX2Z2RVk\/view?usp=sharing\">KLIK<\/a><\/li>\n<li>Logo KNG Dahlta (Kolor, wektor) CDR &#8211; <a href=\"https:\/\/drive.google.com\/file\/d\/0B_TbPNqnIJnRSUdGVmZ0TnlJa2s\/view?usp=sharing\">KLIK<\/a><\/li>\n<li>Formatka Prezentacja PowerPoint PPT &#8211; <a href=\"https:\/\/drive.google.com\/file\/d\/0B6KjrBBc6fQDN3hCaVp0SzktMTQ\/view?usp=sharing\">KLIK<\/a><\/li>\n<\/ol>\n<p>Wszystkie zamieszczone\u00a0 materia\u0142y s\u0105 chronione prawami autorskimi. <strong>Maj\u0105tkowe prawa autorskie do materia\u0142\u00f3w umieszczonych na tych stronach<\/strong><strong> przys\u0142uguj\u0105 wy\u0142\u0105cznie KNG Dahlta.<br \/>\n<\/strong><\/p>\n","protected":false},"excerpt":{"rendered":"<p>Materia\u0142y promocyjne KNG Dahlta do wykorzystania przez cz\u0142onk\u00f3w ko\u0142a oraz w celach promocyjnych. Logo KNG Dahlta (kolor, raster) JPG &#8211; KLIK Logo KNG Dahlta (Kolor, raster) PNG &#8211; KLIK Logo KNG Dahlta (Kolor, wektor) CDR &#8211; KLIK Formatka Prezentacja PowerPoint PPT &#8211; KLIK Wszystkie zamieszczone\u00a0 materia\u0142y s\u0105 chronione prawami autorskimi. Maj\u0105tkowe prawa autorskie do materia\u0142\u00f3w umieszczonych na tych stronach przys\u0142uguj\u0105 wy\u0142\u0105cznie KNG Dahlta.<\/p>\n","protected":false},"author":21,"featured_media":0,"parent":0,"menu_order":0,"comment_status":"closed","ping_status":"open","template":"","meta":{"footnotes":"","_links_to":"","_links_to_target":""},"categories":[],"tags":[],"class_list":["post-2168","page","type-page","status-publish","czr-hentry"],"_links":{"self":[{"href":"https:\/\/www.kng.agh.edu.pl\/kng\/wp-json\/wp\/v2\/pages\/2168","targetHints":{"allow":["GET"]}}],"collection":[{"href":"https:\/\/www.kng.agh.edu.pl\/kng\/wp-json\/wp\/v2\/pages"}],"about":[{"href":"https:\/\/www.kng.agh.edu.pl\/kng\/wp-json\/wp\/v2\/types\/page"}],"author":[{"embeddable":true,"href":"https:\/\/www.kng.agh.edu.pl\/kng\/wp-json\/wp\/v2\/users\/21"}],"replies":[{"embeddable":true,"href":"https:\/\/www.kng.agh.edu.pl\/kng\/wp-json\/wp\/v2\/comments?post=2168"}],"version-history":[{"count":4,"href":"https:\/\/www.kng.agh.edu.pl\/kng\/wp-json\/wp\/v2\/pages\/2168\/revisions"}],"predecessor-version":[{"id":3531,"href":"https:\/\/www.kng.agh.edu.pl\/kng\/wp-json\/wp\/v2\/pages\/2168\/revisions\/3531"}],"wp:attachment":[{"href":"https:\/\/www.kng.agh.edu.pl\/kng\/wp-json\/wp\/v2\/media?parent=2168"}],"wp:term":[{"taxonomy":"category","embeddable":true,"href":"https:\/\/www.kng.agh.edu.pl\/kng\/wp-json\/wp\/v2\/categories?post=2168"},{"taxonomy":"post_tag","embeddable":true,"href":"https:\/\/www.kng.agh.edu.pl\/kng\/wp-json\/wp\/v2\/tags?post=2168"}],"curies":[{"name":"wp","href":"https:\/\/api.w.org\/{rel}","templated":true}]}}