{"id":2756,"date":"2015-09-29T20:30:47","date_gmt":"2015-09-29T18:30:47","guid":{"rendered":"http:\/\/www.kng.agh.edu.pl\/kng\/?page_id=2756"},"modified":"2026-03-06T10:09:32","modified_gmt":"2026-03-06T09:09:32","slug":"poczet-prezesow","status":"publish","type":"page","link":"https:\/\/www.kng.agh.edu.pl\/kng\/poczet-prezesow\/","title":{"rendered":"Poczet Prezes\u00f3w"},"content":{"rendered":"<h2>Ko\u0142a Naukowe Geodet\u00f3w<\/h2>\n<h3>Utworzenie Wydzia\u0142u Geodezji G\u00f3rniczej<\/h3>\n<p>1951 \u2013 1952\u00a0 \u00a0\u00a0<span style=\"color: #ffffff;\"> .<\/span>Koncewicz Adam<br \/>\n1953 \u2013 1954\u00a0 \u00a0 \u00a0Pisarczyk Daniel<br \/>\n1954 \u2013 195?\u00a0 \u00a0 \u00a0Frajtak Daniel<br \/>\n1957 \u2013 1958\u00a0 \u00a0 \u00a0Pytlarz Tadeusz<br \/>\n1958 \u2013 1959\u00a0 \u00a0 \u00a0\u0141opusza\u0144ska Krystyna<br \/>\n1959 \u2013 1960\u00a0 \u00a0 \u00a0Tylec Kazimierz<br \/>\n1960 \u2013 1962\u00a0 \u00a0 \u00a0Madej Wies\u0142aw<br \/>\n1962 \u2013 1963\u00a0 \u00a0 \u00a0Pielok Jan<\/p>\n<h2>Ko\u0142o Naukowe Geodet\u00f3w<\/h2>\n<h3>Reaktywacja jednego Ko\u0142a Naukowego na Wydziale i Komitetu Koordynacyjnego KNG w Warszawie<\/h3>\n<p>1963 \u2013 1965\u00a0 \u00a0 \u00a0Pielok Jan<br \/>\n1965 \u2013 1966\u00a0 \u00a0 \u00a0\u015amia\u0142owska Zofia<br \/>\n1967 \u2013 1968\u00a0 \u00a0 \u00a0Czaja j\u00f3zef<br \/>\n1968 \u2013 1969\u00a0 \u00a0 \u00a0Antoniewski Bogdan<br \/>\n1969 \u2013 1970\u00a0 \u00a0 \u00a0Kadaj Roman<br \/>\n1970 \u2013 1971\u00a0 \u00a0 \u00a0<span style=\"color: #ffffff;\">..<\/span>Chalamo\u0144ski Romuald<br \/>\n1971 \u2013 1973\u00a0 \u00a0\u00a0<span style=\"color: #ffffff;\">.<\/span>\u00a0<span style=\"color: #ffffff;\">.<\/span>Tokarczyk Andrzej<br \/>\n1973 \u2013 1974\u00a0 \u00a0\u00a0<span style=\"color: #ffffff;\">.<\/span> Zmaczy\u0144ski Leszek<br \/>\n1974 \u2013 1976\u00a0 \u00a0\u00a0<span style=\"color: #ffffff;\"> .<\/span>Wr\u00f3bel Andrzej<\/p>\n<h3>Naukowe Ko\u0142o Fotografii (1964)<\/h3>\n<p>1964\u00a0 \u00a0 Kaczmarczyk Kazimierz<\/p>\n<h3>Naukowe Ko\u0142o Fotogrametrii i Fotografii (1964 \u2013 1976)<\/h3>\n<p>1964 \u2013 1965\u00a0 \u00a0\u00a0<span style=\"color: #ffffff;\">.<\/span>\u00a0Kaczmarczyk Kazimierz<br \/>\n1965 \u2013 1966\u00a0 \u00a0\u00a0<span style=\"color: #ffffff;\">.<\/span>\u00a0Og\u00f3rek Jan<br \/>\n1966 \u2013 1968\u00a0 \u00a0\u00a0<span style=\"color: #ffffff;\">.<\/span>\u00a0\u017burek Tomasz<br \/>\n1968 \u2013 1970\u00a0 \u00a0\u00a0<span style=\"color: #ffffff;\">.<\/span>\u00a0Borowiec W\u0142adys\u0142aw<br \/>\n1970 \u2013 1973\u00a0 \u00a0 \u00a0 Mechli\u0144ski Zbigniew<br \/>\n1973 \u2013 1975\u00a0 \u00a0 \u00a0 Madejski Pawe\u0142<br \/>\n1975 \u2013 1976\u00a0 \u00a0 \u00a0 Paluch Ryszard<\/p>\n<h3>Naukowe Ko\u0142o Geodet\u00f3w G\u00f3rniczych (1964 \u2013 1976)<\/h3>\n<p>1970 \u2013 1972\u00a0 \u00a0 \u00a0 Getler Jan<br \/>\n1972 \u2013 1973\u00a0 \u00a0 \u00a0 Jarosz Andrzej<br \/>\n1973 \u2013 1974\u00a0 \u00a0 \u00a0 Urbaniak Tadeusz<br \/>\n1974 \u2013 1975\u00a0 \u00a0 \u00a0 \u0106wik Mieczys\u0142aw<br \/>\n1975 \u2013 1976\u00a0 \u00a0 \u00a0 Niedojad\u0142o Zygmunt<\/p>\n<h2>Ko\u0142o Naukowe Geodet\u00f3w<\/h2>\n<h3>Po\u0142\u0105czenie trzech K\u00f3\u0142 Naukowych 3 marca 1976 roku<\/h3>\n<p>1976 \u2013 1978\u00a0<span style=\"color: #ffffff;\">&#8230;..<\/span>Panek Tadeusz<br \/>\n1978 \u2013 1980\u00a0 \u00a0 \u00a0Bujakowski Kazimierz<br \/>\n1980 \u2013 1981\u00a0<span style=\"color: #ffffff;\">&#8230;..<\/span>Radaj Les\u0142aw<br \/>\n1981 \u2013 1982\u00a0 \u00a0 \u00a0<span style=\"color: #ffffff;\">.<\/span>Skoczek Jacek<br \/>\n1982 \u2013 1983\u00a0 \u00a0 \u00a0Smutkiewicz Jacek<br \/>\n1983 \u2013 1985\u00a0 \u00a0 \u00a0Olbrich Adam<br \/>\n1985 \u2013 1986\u00a0 \u00a0 \u00a0Grybo\u015b Franciszek<br \/>\n1986 \u2013 1987\u00a0 \u00a0 \u00a0Grodecji Jacek<br \/>\n1987 \u2013 198?\u00a0 \u00a0 \u00a0<span style=\"color: #ffffff;\">.<\/span>Kuszewski Robert<br \/>\n198? \u2013 199?\u00a0 \u00a0 \u00a0<span style=\"color: #ffffff;\">.<\/span>K\u0142opotek Marek<br \/>\n199? \u2013 1992\u00a0 \u00a0\u00a0<span style=\"color: #ffffff;\"> .<\/span>Bregalski Jerzy<br \/>\n1992 \u2013 1994\u00a0 \u00a0 \u00a0<span style=\"color: #ffffff;\">.<\/span>Babis Jacek<br \/>\n1994 \u2013 1998\u00a0 \u00a0\u00a0<span style=\"color: #ffffff;\"> .<\/span>Blezie\u0144 Jacek<br \/>\n1998 \u2013 1999\u00a0 \u00a0\u00a0<span style=\"color: #ffffff;\"> .<\/span>Frukacz Mariusz<br \/>\n1999 \u2013 2001\u00a0 \u00a0 \u00a0<span style=\"color: #ffffff;\">.<\/span>Wajda Szymon<br \/>\n2001 \u2013 2001\u00a0 \u00a0 \u00a0<span style=\"color: #ffffff;\">.<\/span>Silarski Witold<br \/>\n2001 \u2013 2002\u00a0 \u00a0 \u00a0 Boro\u0144 Marta<br \/>\n2002 \u2013 2003\u00a0 \u00a0 \u00a0 Chojowska Monika<br \/>\n2003 \u2013 2005\u00a0 \u00a0 \u00a0 \u017bygu\u0142a Tomasz<br \/>\n2005 \u2013 2006\u00a0 \u00a0 \u00a0 Iwaszczuk Dorota<br \/>\n2006 \u2013 2008\u00a0 \u00a0 \u00a0 Jarema Olga<br \/>\n2008 \u2013 2009\u00a0 \u00a0 \u00a0 Szabat Aleksandra<br \/>\n2009 \u2013 2011\u00a0 \u00a0\u00a0<span style=\"color: #ffffff;\">..<\/span> Inglot Adam<\/p>\n<h2>Ko\u0142o Naukowe Geodet\u00f3w Dahlta<\/h2>\n<h3>Nowa nazwa Ko\u0142a Naukowego 28 lutego 2011 roku<span style=\"font-weight: inherit;\"><br \/>\n<\/span><\/h3>\n<p>2011\u00a0 \u00a0 \u00a0 \u00a0 \u00a0 \u00a0 \u00a0 \u00a0 \u00a0 Marciniak Miros\u0142aw<br \/>\n2011 \u2013 2012\u00a0 \u00a0 \u00a0 Moska\u0142a Szczepan<br \/>\n2012 \u2013 2013\u00a0 \u00a0 \u00a0 Pa\u0142ka Pawe\u0142<br \/>\n2013 \u2013 2014\u00a0 \u00a0 \u00a0 Kaczorowski Kamil<br \/>\n2014 \u2013 2015\u00a0 \u00a0 \u00a0 Kara\u015b Paulina<br \/>\n2015 \u2013 2016\u00a0 \u00a0 \u00a0 Wi\u0105cek Pawe\u0142<br \/>\n2016 \u2013 2017\u00a0 \u00a0 \u00a0 Stelmach Szymon<br \/>\n2018\u00a0 \u00a0 \u00a0 \u00a0 \u00a0 \u00a0 \u00a0 \u00a0 \u00a0 Wala Adam<br \/>\n2019\u00a0 \u00a0 \u00a0 \u00a0 \u00a0 \u00a0 \u00a0 \u00a0 \u00a0 Lisowska Anna<br \/>\n2020\u00a0 \u00a0 \u00a0 \u00a0 \u00a0 \u00a0 \u00a0 \u00a0 \u00a0Ma\u0142gorzata Zontek<br \/>\n2021\u00a0 \u00a0 \u00a0 \u00a0 \u00a0 \u00a0 \u00a0 \u00a0 \u00a0 Sebastian Furtek<br \/>\n2022\u00a0 \u00a0 \u00a0 \u00a0 \u00a0 \u00a0 \u00a0 \u00a0 \u00a0 Natalia S\u0142owi\u0144ska<br \/>\n2023\u00a0 \u00a0 \u00a0 \u00a0 \u00a0 \u00a0 \u00a0 \u00a0 \u00a0 Miko\u0142aj Kowalski<br \/>\n2024\u00a0 \u00a0 \u00a0 \u00a0 \u00a0 \u00a0 \u00a0 \u00a0 \u00a0 Martyna Bartczak<br \/>\n2025\u00a0 \u00a0 \u00a0 \u00a0 \u00a0 \u00a0 \u00a0 \u00a0 \u00a0 Natalia Parzniewska<br \/>\n2026\u00a0 \u00a0 \u00a0 \u00a0 \u00a0 \u00a0 \u00a0 \u00a0 \u00a0 Aleksandra Skawina &#8211; obecny Prezes KNG Dahlta<\/p>\n<p style=\"text-align: justify;\"><!--more--><!--more--><\/p>\n","protected":false},"excerpt":{"rendered":"<p>Ko\u0142a Naukowe Geodet\u00f3w Utworzenie Wydzia\u0142u Geodezji G\u00f3rniczej 1951 \u2013 1952\u00a0 \u00a0\u00a0 .Koncewicz Adam 1953 \u2013 1954\u00a0 \u00a0 \u00a0Pisarczyk Daniel 1954 \u2013 195?\u00a0 \u00a0 \u00a0Frajtak Daniel 1957 \u2013 1958\u00a0 \u00a0 \u00a0Pytlarz Tadeusz 1958 \u2013 1959\u00a0 \u00a0 \u00a0\u0141opusza\u0144ska Krystyna 1959 \u2013 1960\u00a0 \u00a0 \u00a0Tylec Kazimierz 1960 \u2013 1962\u00a0 \u00a0 \u00a0Madej Wies\u0142aw 1962 \u2013 1963\u00a0 \u00a0 \u00a0Pielok Jan Ko\u0142o Naukowe Geodet\u00f3w Reaktywacja jednego Ko\u0142a Naukowego na Wydziale i Komitetu Koordynacyjnego KNG w Warszawie 1963 \u2013 1965\u00a0 \u00a0 \u00a0Pielok Jan 1965 \u2013 1966\u00a0 \u00a0 \u00a0\u015amia\u0142owska Zofia 1967 \u2013 1968\u00a0 \u00a0 \u00a0Czaja j\u00f3zef 1968 \u2013 1969\u00a0 \u00a0 \u00a0Antoniewski Bogdan 1969 \u2013 1970\u00a0 \u00a0 \u00a0Kadaj Roman 1970 \u2013 1971\u00a0 \u00a0 \u00a0..Chalamo\u0144ski Romuald 1971 \u2013 1973\u00a0 \u00a0\u00a0.\u00a0.Tokarczyk Andrzej 1973 \u2013 1974\u00a0 \u00a0\u00a0. Zmaczy\u0144ski Leszek 1974 \u2013 1976\u00a0 \u00a0\u00a0 .Wr\u00f3bel Andrzej Naukowe Ko\u0142o Fotografii (1964) 1964\u00a0 \u00a0 Kaczmarczyk Kazimierz Naukowe Ko\u0142o Fotogrametrii i Fotografii (1964 \u2013 1976) 1964 \u2013 1965\u00a0 \u00a0\u00a0.\u00a0Kaczmarczyk Kazimierz 1965 \u2013 1966\u00a0 \u00a0\u00a0.\u00a0Og\u00f3rek Jan 1966 \u2013 1968\u00a0 \u00a0\u00a0.\u00a0\u017burek Tomasz 1968 \u2013 1970\u00a0 \u00a0\u00a0.\u00a0Borowiec W\u0142adys\u0142aw 1970 \u2013 1973\u00a0 \u00a0 \u00a0 Mechli\u0144ski Zbigniew 1973 \u2013 1975\u00a0 \u00a0 \u00a0 Madejski Pawe\u0142 1975 \u2013 1976\u00a0 \u00a0 \u00a0 Paluch Ryszard Naukowe Ko\u0142o Geodet\u00f3w G\u00f3rniczych (1964 \u2013 1976) 1970 \u2013 1972\u00a0 \u00a0 \u00a0 Getler Jan 1972 \u2013 1973\u00a0 \u00a0 \u00a0 Jarosz [&hellip;]<\/p>\n","protected":false},"author":21,"featured_media":0,"parent":0,"menu_order":0,"comment_status":"closed","ping_status":"closed","template":"","meta":{"footnotes":"","_links_to":"","_links_to_target":""},"categories":[],"tags":[],"class_list":["post-2756","page","type-page","status-publish","czr-hentry"],"_links":{"self":[{"href":"https:\/\/www.kng.agh.edu.pl\/kng\/wp-json\/wp\/v2\/pages\/2756","targetHints":{"allow":["GET"]}}],"collection":[{"href":"https:\/\/www.kng.agh.edu.pl\/kng\/wp-json\/wp\/v2\/pages"}],"about":[{"href":"https:\/\/www.kng.agh.edu.pl\/kng\/wp-json\/wp\/v2\/types\/page"}],"author":[{"embeddable":true,"href":"https:\/\/www.kng.agh.edu.pl\/kng\/wp-json\/wp\/v2\/users\/21"}],"replies":[{"embeddable":true,"href":"https:\/\/www.kng.agh.edu.pl\/kng\/wp-json\/wp\/v2\/comments?post=2756"}],"version-history":[{"count":26,"href":"https:\/\/www.kng.agh.edu.pl\/kng\/wp-json\/wp\/v2\/pages\/2756\/revisions"}],"predecessor-version":[{"id":4199,"href":"https:\/\/www.kng.agh.edu.pl\/kng\/wp-json\/wp\/v2\/pages\/2756\/revisions\/4199"}],"wp:attachment":[{"href":"https:\/\/www.kng.agh.edu.pl\/kng\/wp-json\/wp\/v2\/media?parent=2756"}],"wp:term":[{"taxonomy":"category","embeddable":true,"href":"https:\/\/www.kng.agh.edu.pl\/kng\/wp-json\/wp\/v2\/categories?post=2756"},{"taxonomy":"post_tag","embeddable":true,"href":"https:\/\/www.kng.agh.edu.pl\/kng\/wp-json\/wp\/v2\/tags?post=2756"}],"curies":[{"name":"wp","href":"https:\/\/api.w.org\/{rel}","templated":true}]}}