{"id":2764,"date":"2015-09-29T21:18:52","date_gmt":"2015-09-29T19:18:52","guid":{"rendered":"http:\/\/www.kng.agh.edu.pl\/kng\/?page_id=2764"},"modified":"2026-03-06T12:32:59","modified_gmt":"2026-03-06T11:32:59","slug":"kontakt","status":"publish","type":"page","link":"https:\/\/www.kng.agh.edu.pl\/kng\/kontakt\/","title":{"rendered":"Kontakt"},"content":{"rendered":"<h2>Adres do korespondencji<\/h2>\n<p><strong>Ko\u0142o Naukowe Geodet\u00f3w Dahlta<\/strong><br \/>Wydzia\u0142 Geodezji G\u00f3rniczej i In\u017cynierii \u015arodowiska<br \/>Akademia G\u00f3rniczo-Hutnicza im. Stanis\u0142awa Staszica<br \/>al. A. Mickiewicza 30, pawilon C4<br \/>30-059 Krak\u00f3w<\/p>\n<h2>Adres e-mail<\/h2>\n<p><a href=\"mailto:kng@agh.edu.pl\">kng@agh.edu.pl<\/a><\/p>\n<h3>Opiekun KNG Dahlta<\/h3>\n<p><strong>Dr in\u017c. Miko\u0142aj Skulich, prof. AGH<\/strong>:\u00a0<a class=\"email\" href=\"mailto:skulich@agh.edu.pl\">skulich@agh.edu.pl<\/a>, tel. +48 12 617 41 22<\/p>\n<p>WGGiI\u015a AGH, pawilon C-4, III p., pok.\u00a0307<\/p>\n<h3>Zarz\u0105d KNG Dahlta<\/h3>\n<p><span style=\"font-family: trebuchet ms, sans-serif;\"><b>Prezes<\/b> \u2013 <span style=\"color: #000000; font-family: trebuchet ms, sans-serif;\">Aleksandra Skawina:<\/span><span style=\"color: #000000;\">\u00a0<a href=\"mailto:askawina@student.agh.edu.pl\" target=\"_blank\" rel=\"noopener\">askawina@student.agh.edu.pl<\/a>\u00a0<\/span><span style=\"color: #000000; font-family: georgia, serif;\">tel. 730 749 280<\/span><\/span><br \/><span style=\"font-family: trebuchet ms, sans-serif;\"><b>Wiceprezes<\/b> \u2013 <span style=\"color: #000000; font-family: trebuchet ms, sans-serif;\">Wiktor Pohrebny: <span style=\"color: #000000;\"><a href=\"mailto:askawina@student.agh.edu.pl\" target=\"_blank\" rel=\"noopener\">wpohrebny@student.agh.edu.pl<\/a><\/span>\u00a0<span style=\"color: #000000; font-family: georgia, serif;\">tel. 571 462 666<\/span><\/span><\/span><br \/><span style=\"color: #000000;\"><span style=\"font-family: trebuchet ms, sans-serif;\"><b>Skarbnik<\/b> \u2013 Piotr Augustyn: <a href=\"mailto:askawina@student.agh.edu.pl\" target=\"_blank\" rel=\"noopener\">paugustyn@student.agh.edu.pl<\/a> <span style=\"color: #000000; font-family: georgia, serif;\">tel. 789 011 847<\/span><\/span><\/span><br \/><span style=\"color: #000000; font-family: trebuchet ms, sans-serif;\"><b>Sekretarz<\/b> \u2013 <span style=\"font-family: trebuchet ms, sans-serif;\">Dominik Koc\u00f3j: <span style=\"color: #000000;\"><a href=\"mailto:askawina@student.agh.edu.pl\" target=\"_blank\" rel=\"noopener\">dkocoj@student.agh.edu.pl<\/a><\/span> <span style=\"color: #000000; font-family: georgia, serif;\">tel. 532 565 636<\/span><\/span><\/span><br \/><span style=\"font-family: trebuchet ms, sans-serif;\"><b>Rzecznik<\/b> \u2013 Dominika Kordowska: <span style=\"color: #000000; font-family: trebuchet ms, sans-serif;\"><span style=\"color: #000000;\"><a href=\"mailto:askawina@student.agh.edu.pl\" target=\"_blank\" rel=\"noopener\">dkordowska@student.agh.edu.pl<\/a><\/span><\/span> tel. <span style=\"color: #000000; font-family: georgia, serif;\">574 185 978<\/span>\u00a0 \u00a0 \u00a0 \u00a0 \u00a0 \u00a0 \u00a0 \u00a0 \u00a0 \u00a0 \u00a0 \u00a0 \u00a0 \u00a0 \u00a0 \u00a0 \u00a0 \u00a0 \u00a0 \u00a0 \u00a0 \u00a0 \u00a0 \u00a0 \u00a0 \u00a0 \u00a0 \u00a0 \u00a0 \u00a0 \u00a0 \u00a0 \u00a0 \u00a0 \u00a0 \u00a0 \u00a0 \u00a0 \u00a0 \u00a0 <strong>Techniczny<\/strong> \u2013 Micha\u0142 Inglot: <span style=\"color: #000000; font-family: trebuchet ms, sans-serif;\"><span style=\"color: #000000;\"><a href=\"mailto:askawina@student.agh.edu.pl\" target=\"_blank\" rel=\"noopener\">minglot@student.agh.edu.pl<\/a><\/span><\/span> tel. <span style=\"color: #000000; font-family: georgia, serif;\">505 682 869<\/span>\u00a0 \u00a0<\/span><\/p>\n\n","protected":false},"excerpt":{"rendered":"<p>Adres do korespondencji Ko\u0142o Naukowe Geodet\u00f3w DahltaWydzia\u0142 Geodezji G\u00f3rniczej i In\u017cynierii \u015arodowiskaAkademia G\u00f3rniczo-Hutnicza im. Stanis\u0142awa Staszicaal. A. Mickiewicza 30, pawilon C430-059 Krak\u00f3w Adres e-mail kng@agh.edu.pl Opiekun KNG Dahlta Dr in\u017c. Miko\u0142aj Skulich, prof. AGH:\u00a0skulich@agh.edu.pl, tel. +48 12 617 41 22 WGGiI\u015a AGH, pawilon C-4, III p., pok.\u00a0307 Zarz\u0105d KNG Dahlta Prezes \u2013 Aleksandra Skawina:\u00a0askawina@student.agh.edu.pl\u00a0tel. 730 749 280Wiceprezes \u2013 Wiktor Pohrebny: wpohrebny@student.agh.edu.pl\u00a0tel. 571 462 666Skarbnik \u2013 Piotr Augustyn: paugustyn@student.agh.edu.pl tel. 789 011 847Sekretarz \u2013 Dominik Koc\u00f3j: dkocoj@student.agh.edu.pl tel. 532 565 636Rzecznik \u2013 Dominika Kordowska: dkordowska@student.agh.edu.pl tel. 574 185 978\u00a0 \u00a0 \u00a0 \u00a0 \u00a0 \u00a0 \u00a0 \u00a0 \u00a0 \u00a0 \u00a0 \u00a0 \u00a0 \u00a0 \u00a0 \u00a0 \u00a0 \u00a0 \u00a0 \u00a0 \u00a0 \u00a0 \u00a0 \u00a0 \u00a0 \u00a0 \u00a0 \u00a0 \u00a0 \u00a0 \u00a0 \u00a0 \u00a0 \u00a0 \u00a0 \u00a0 \u00a0 \u00a0 \u00a0 \u00a0 Techniczny \u2013 Micha\u0142 Inglot: minglot@student.agh.edu.pl tel. 505 682 869\u00a0 \u00a0<\/p>\n","protected":false},"author":21,"featured_media":0,"parent":0,"menu_order":0,"comment_status":"closed","ping_status":"closed","template":"","meta":{"footnotes":"","_links_to":"","_links_to_target":""},"categories":[],"tags":[],"class_list":["post-2764","page","type-page","status-publish","czr-hentry"],"_links":{"self":[{"href":"https:\/\/www.kng.agh.edu.pl\/kng\/wp-json\/wp\/v2\/pages\/2764","targetHints":{"allow":["GET"]}}],"collection":[{"href":"https:\/\/www.kng.agh.edu.pl\/kng\/wp-json\/wp\/v2\/pages"}],"about":[{"href":"https:\/\/www.kng.agh.edu.pl\/kng\/wp-json\/wp\/v2\/types\/page"}],"author":[{"embeddable":true,"href":"https:\/\/www.kng.agh.edu.pl\/kng\/wp-json\/wp\/v2\/users\/21"}],"replies":[{"embeddable":true,"href":"https:\/\/www.kng.agh.edu.pl\/kng\/wp-json\/wp\/v2\/comments?post=2764"}],"version-history":[{"count":33,"href":"https:\/\/www.kng.agh.edu.pl\/kng\/wp-json\/wp\/v2\/pages\/2764\/revisions"}],"predecessor-version":[{"id":4368,"href":"https:\/\/www.kng.agh.edu.pl\/kng\/wp-json\/wp\/v2\/pages\/2764\/revisions\/4368"}],"wp:attachment":[{"href":"https:\/\/www.kng.agh.edu.pl\/kng\/wp-json\/wp\/v2\/media?parent=2764"}],"wp:term":[{"taxonomy":"category","embeddable":true,"href":"https:\/\/www.kng.agh.edu.pl\/kng\/wp-json\/wp\/v2\/categories?post=2764"},{"taxonomy":"post_tag","embeddable":true,"href":"https:\/\/www.kng.agh.edu.pl\/kng\/wp-json\/wp\/v2\/tags?post=2764"}],"curies":[{"name":"wp","href":"https:\/\/api.w.org\/{rel}","templated":true}]}}