{"id":3110,"date":"2015-11-17T12:00:06","date_gmt":"2015-11-17T11:00:06","guid":{"rendered":"http:\/\/www.kng.agh.edu.pl\/kng\/?page_id=3110"},"modified":"2022-11-30T15:21:48","modified_gmt":"2022-11-30T14:21:48","slug":"partnerzy","status":"publish","type":"page","link":"https:\/\/www.kng.agh.edu.pl\/kng\/partnerzy\/","title":{"rendered":"Partnerzy"},"content":{"rendered":"<div class='gt3_row-fluid'><div style='padding-bottom:10px;' class='gt3_col12 first-module module_number_1 module_cont center_title module_partners'><div class='bg_title'><h4 style='text-align:center;' class='headInModule'>Partnerzy, kt\u00f3rzy poprzez pomoc finansow\u0105, sprz\u0119tow\u0105 lub merytoryczn\u0105 wsparli dzia\u0142alno\u015b\u0107 ko\u0142a<\/h4><\/div><div class=\"module_content sponsors_works\"><div class=\"parnters_list\">\r\n                <div class=\"partners_item\" style=\"width:25%\">\r\n\t\t\t\t\t<div class=\"item_wrapper\">\r\n\t\t\t\t\t\t<div class=\"item\">\r\n\t\t\t\t\t\t\t<a href='https:\/\/www.3deling.pl\/' target='_blank'><img loading=\"lazy\" decoding=\"async\" width=\"170\" height=\"60\" src=\"https:\/\/www.kng.agh.edu.pl\/kng\/wp-content\/uploads\/3deling.jpg\" alt=\"3Deling\" title=\"3Deling\" \/><\/a>\r\n\t\t\t\t\t\t<\/div>\r\n\t\t\t\t\t<\/div>\r\n                <\/div>\r\n\r\n            \r\n                <div class=\"partners_item\" style=\"width:25%\">\r\n\t\t\t\t\t<div class=\"item_wrapper\">\r\n\t\t\t\t\t\t<div class=\"item\">\r\n\t\t\t\t\t\t\t<a href='www.slowinskipn.pl' target='_blank'><img loading=\"lazy\" decoding=\"async\" width=\"170\" height=\"60\" src=\"https:\/\/www.kng.agh.edu.pl\/kng\/wp-content\/uploads\/spn.jpg\" alt=\"S\u0142owi\u0144ski Park Narodowy\" title=\"S\u0142owi\u0144ski Park Narodowy\" \/><\/a>\r\n\t\t\t\t\t\t<\/div>\r\n\t\t\t\t\t<\/div>\r\n                <\/div>\r\n\r\n            \r\n                <div class=\"partners_item\" style=\"width:25%\">\r\n\t\t\t\t\t<div class=\"item_wrapper\">\r\n\t\t\t\t\t\t<div class=\"item\">\r\n\t\t\t\t\t\t\t<a href='www.tpn.pl' target='_blank'><img loading=\"lazy\" decoding=\"async\" width=\"170\" height=\"60\" src=\"https:\/\/www.kng.agh.edu.pl\/kng\/wp-content\/uploads\/tpn.jpg\" alt=\"Tatrza\u0144ski Park Narodowy\" title=\"Tatrza\u0144ski Park Narodowy\" \/><\/a>\r\n\t\t\t\t\t\t<\/div>\r\n\t\t\t\t\t<\/div>\r\n                <\/div>\r\n\r\n            \r\n                <div class=\"partners_item\" style=\"width:25%\">\r\n\t\t\t\t\t<div class=\"item_wrapper\">\r\n\t\t\t\t\t\t<div class=\"item\">\r\n\t\t\t\t\t\t\t<a href='http:\/\/www.konektor5000.pl\/' target='_blank'><img loading=\"lazy\" decoding=\"async\" width=\"170\" height=\"60\" src=\"https:\/\/www.kng.agh.edu.pl\/kng\/wp-content\/uploads\/cb.jpg\" alt=\"Konektor\" title=\"Konektor\" \/><\/a>\r\n\t\t\t\t\t\t<\/div>\r\n\t\t\t\t\t<\/div>\r\n                <\/div>\r\n\r\n            \r\n                <div class=\"partners_item\" style=\"width:25%\">\r\n\t\t\t\t\t<div class=\"item_wrapper\">\r\n\t\t\t\t\t\t<div class=\"item\">\r\n\t\t\t\t\t\t\t<a href='https:\/\/www.here.com\/' target='_blank'><img loading=\"lazy\" decoding=\"async\" width=\"170\" height=\"60\" src=\"https:\/\/www.kng.agh.edu.pl\/kng\/wp-content\/uploads\/here.jpg\" alt=\"Here Maps\" title=\"Here Maps\" \/><\/a>\r\n\t\t\t\t\t\t<\/div>\r\n\t\t\t\t\t<\/div>\r\n                <\/div>\r\n\r\n            \r\n                <div class=\"partners_item\" style=\"width:25%\">\r\n\t\t\t\t\t<div class=\"item_wrapper\">\r\n\t\t\t\t\t\t<div class=\"item\">\r\n\t\t\t\t\t\t\t<a href='http:\/\/progea.pl\/' target='_blank'><img loading=\"lazy\" decoding=\"async\" width=\"170\" height=\"60\" src=\"https:\/\/www.kng.agh.edu.pl\/kng\/wp-content\/uploads\/Progea.jpg\" alt=\"Progea Consulting\" title=\"Progea Consulting\" \/><\/a>\r\n\t\t\t\t\t\t<\/div>\r\n\t\t\t\t\t<\/div>\r\n                <\/div>\r\n\r\n            \r\n                <div class=\"partners_item\" style=\"width:25%\">\r\n\t\t\t\t\t<div class=\"item_wrapper\">\r\n\t\t\t\t\t\t<div class=\"item\">\r\n\t\t\t\t\t\t\t<a href='http:\/\/www.flytechuav.pl\/' target='_blank'><img loading=\"lazy\" decoding=\"async\" width=\"170\" height=\"60\" src=\"https:\/\/www.kng.agh.edu.pl\/kng\/wp-content\/uploads\/flytech.jpg\" alt=\"FlyTech Solutions\" title=\"FlyTech Solutions\" \/><\/a>\r\n\t\t\t\t\t\t<\/div>\r\n\t\t\t\t\t<\/div>\r\n                <\/div>\r\n\r\n            \r\n                <div class=\"partners_item\" style=\"width:25%\">\r\n\t\t\t\t\t<div class=\"item_wrapper\">\r\n\t\t\t\t\t\t<div class=\"item\">\r\n\t\t\t\t\t\t\t<a href='http:\/\/www.3dtotal.pt\/content_en.html' target='_blank'><img loading=\"lazy\" decoding=\"async\" width=\"170\" height=\"60\" src=\"https:\/\/www.kng.agh.edu.pl\/kng\/wp-content\/uploads\/3DTotal.png\" alt=\"3D Total\" title=\"3D Total\" \/><\/a>\r\n\t\t\t\t\t\t<\/div>\r\n\t\t\t\t\t<\/div>\r\n                <\/div>\r\n\r\n            \r\n                <div class=\"partners_item\" style=\"width:25%\">\r\n\t\t\t\t\t<div class=\"item_wrapper\">\r\n\t\t\t\t\t\t<div class=\"item\">\r\n\t\t\t\t\t\t\t<a href='http:\/\/www.parquesdesintra.pt\/' target='_blank'><img loading=\"lazy\" decoding=\"async\" width=\"170\" height=\"60\" src=\"https:\/\/www.kng.agh.edu.pl\/kng\/wp-content\/uploads\/sintra.jpeg\" alt=\"Parques de Sintra\" title=\"Parques de Sintra\" \/><\/a>\r\n\t\t\t\t\t\t<\/div>\r\n\t\t\t\t\t<\/div>\r\n                <\/div>\r\n\r\n            \r\n                <div class=\"partners_item\" style=\"width:25%\">\r\n\t\t\t\t\t<div class=\"item_wrapper\">\r\n\t\t\t\t\t\t<div class=\"item\">\r\n\t\t\t\t\t\t\t<a href='http:\/\/softline.xgeo.pl\/' target='_blank'><img loading=\"lazy\" decoding=\"async\" width=\"170\" height=\"60\" src=\"https:\/\/www.kng.agh.edu.pl\/kng\/wp-content\/uploads\/softline.jpg\" alt=\"Softline\" title=\"Softline\" \/><\/a>\r\n\t\t\t\t\t\t<\/div>\r\n\t\t\t\t\t<\/div>\r\n                <\/div>\r\n\r\n            \r\n                <div class=\"partners_item\" style=\"width:25%\">\r\n\t\t\t\t\t<div class=\"item_wrapper\">\r\n\t\t\t\t\t\t<div class=\"item\">\r\n\t\t\t\t\t\t\t<a href='http:\/\/www.batimetria.pl\/' target='_blank'><img loading=\"lazy\" decoding=\"async\" width=\"170\" height=\"60\" src=\"https:\/\/www.kng.agh.edu.pl\/kng\/wp-content\/uploads\/MGSzajt.jpg\" alt=\"Miernictwo G\u00f3rnicze &#8211; Piotr Szajt\" title=\"Miernictwo G\u00f3rnicze &#8211; Piotr Szajt\" \/><\/a>\r\n\t\t\t\t\t\t<\/div>\r\n\t\t\t\t\t<\/div>\r\n                <\/div>\r\n\r\n            \r\n                <div class=\"partners_item\" style=\"width:25%\">\r\n\t\t\t\t\t<div class=\"item_wrapper\">\r\n\t\t\t\t\t\t<div class=\"item\">\r\n\t\t\t\t\t\t\t<img loading=\"lazy\" decoding=\"async\" width=\"170\" height=\"60\" src=\"https:\/\/www.kng.agh.edu.pl\/kng\/wp-content\/uploads\/mggp.jpg\" alt=\"MGGP S.A.\" title=\"MGGP S.A.\" \/>\r\n\t\t\t\t\t\t<\/div>\r\n\t\t\t\t\t<\/div>\r\n                <\/div>\r\n\r\n            \r\n                <div class=\"partners_item\" style=\"width:25%\">\r\n\t\t\t\t\t<div class=\"item_wrapper\">\r\n\t\t\t\t\t\t<div class=\"item\">\r\n\t\t\t\t\t\t\t<img loading=\"lazy\" decoding=\"async\" width=\"170\" height=\"60\" src=\"https:\/\/www.kng.agh.edu.pl\/kng\/wp-content\/uploads\/geofun.jpg\" alt=\"Geo Fun Factory\" title=\"Geo Fun Factory\" \/>\r\n\t\t\t\t\t\t<\/div>\r\n\t\t\t\t\t<\/div>\r\n                <\/div>\r\n\r\n            \r\n                <div class=\"partners_item\" style=\"width:25%\">\r\n\t\t\t\t\t<div class=\"item_wrapper\">\r\n\t\t\t\t\t\t<div class=\"item\">\r\n\t\t\t\t\t\t\t<img loading=\"lazy\" decoding=\"async\" width=\"170\" height=\"60\" src=\"https:\/\/www.kng.agh.edu.pl\/kng\/wp-content\/uploads\/Geomap.jpg\" alt=\"Geomap-Konin Sp. z o.o.\" title=\"Geomap-Konin Sp. z o.o.\" \/>\r\n\t\t\t\t\t\t<\/div>\r\n\t\t\t\t\t<\/div>\r\n                <\/div>\r\n\r\n            \r\n                <div class=\"partners_item\" style=\"width:25%\">\r\n\t\t\t\t\t<div class=\"item_wrapper\">\r\n\t\t\t\t\t\t<div class=\"item\">\r\n\t\t\t\t\t\t\t<img loading=\"lazy\" decoding=\"async\" width=\"170\" height=\"60\" src=\"https:\/\/www.kng.agh.edu.pl\/kng\/wp-content\/uploads\/sgp.jpg\" alt=\"Stowarzyszenie Geodet\u00f3w Polskich o. Krak\u00f3w\" title=\"Stowarzyszenie Geodet\u00f3w Polskich o. Krak\u00f3w\" \/>\r\n\t\t\t\t\t\t<\/div>\r\n\t\t\t\t\t<\/div>\r\n                <\/div>\r\n\r\n            \r\n                <div class=\"partners_item\" style=\"width:25%\">\r\n\t\t\t\t\t<div class=\"item_wrapper\">\r\n\t\t\t\t\t\t<div class=\"item\">\r\n\t\t\t\t\t\t\t<img loading=\"lazy\" decoding=\"async\" width=\"170\" height=\"60\" src=\"https:\/\/www.kng.agh.edu.pl\/kng\/wp-content\/uploads\/opgk.jpg\" alt=\"OPGK Krak\u00f3w\" title=\"OPGK Krak\u00f3w\" \/>\r\n\t\t\t\t\t\t<\/div>\r\n\t\t\t\t\t<\/div>\r\n                <\/div>\r\n\r\n            \r\n                <div class=\"partners_item\" style=\"width:25%\">\r\n\t\t\t\t\t<div class=\"item_wrapper\">\r\n\t\t\t\t\t\t<div class=\"item\">\r\n\t\t\t\t\t\t\t<img loading=\"lazy\" decoding=\"async\" width=\"170\" height=\"60\" src=\"https:\/\/www.kng.agh.edu.pl\/kng\/wp-content\/uploads\/limanowa.jpg\" alt=\"Gmina Limanowa\" title=\"Gmina Limanowa\" \/>\r\n\t\t\t\t\t\t<\/div>\r\n\t\t\t\t\t<\/div>\r\n                <\/div>\r\n\r\n            \r\n                <div class=\"partners_item\" style=\"width:25%\">\r\n\t\t\t\t\t<div class=\"item_wrapper\">\r\n\t\t\t\t\t\t<div class=\"item\">\r\n\t\t\t\t\t\t\t<a href='http:\/\/www.agh.edu.pl\/' target='_blank'><img loading=\"lazy\" decoding=\"async\" width=\"170\" height=\"60\" src=\"https:\/\/www.kng.agh.edu.pl\/kng\/wp-content\/uploads\/agh2.jpg\" alt=\"AGH\" title=\"AGH\" \/><\/a>\r\n\t\t\t\t\t\t<\/div>\r\n\t\t\t\t\t<\/div>\r\n                <\/div>\r\n\r\n            \r\n                <div class=\"partners_item\" style=\"width:25%\">\r\n\t\t\t\t\t<div class=\"item_wrapper\">\r\n\t\t\t\t\t\t<div class=\"item\">\r\n\t\t\t\t\t\t\t<a href='http:\/\/nadowski.pl\/v2\/' target='_blank'><img loading=\"lazy\" decoding=\"async\" width=\"170\" height=\"60\" src=\"https:\/\/www.kng.agh.edu.pl\/kng\/wp-content\/uploads\/Nadowski.jpg\" alt=\"Nadowski Instrumenty Geodezyjne\" title=\"Nadowski Instrumenty Geodezyjne\" \/><\/a>\r\n\t\t\t\t\t\t<\/div>\r\n\t\t\t\t\t<\/div>\r\n                <\/div>\r\n\r\n            \r\n                <div class=\"partners_item\" style=\"width:25%\">\r\n\t\t\t\t\t<div class=\"item_wrapper\">\r\n\t\t\t\t\t\t<div class=\"item\">\r\n\t\t\t\t\t\t\t<a href='http:\/\/www.tpi.com.pl\/' target='_blank'><img loading=\"lazy\" decoding=\"async\" width=\"170\" height=\"60\" src=\"https:\/\/www.kng.agh.edu.pl\/kng\/wp-content\/uploads\/tpi.jpg\" alt=\"TPI Rozwi\u0105zania Pomiarowe\" title=\"TPI Rozwi\u0105zania Pomiarowe\" \/><\/a>\r\n\t\t\t\t\t\t<\/div>\r\n\t\t\t\t\t<\/div>\r\n                <\/div>\r\n\r\n            \r\n                <div class=\"partners_item\" style=\"width:25%\">\r\n\t\t\t\t\t<div class=\"item_wrapper\">\r\n\t\t\t\t\t\t<div class=\"item\">\r\n\t\t\t\t\t\t\t<a href='http:\/\/www.fundacja.agh.edu.pl\/' target='_blank'><img loading=\"lazy\" decoding=\"async\" width=\"170\" height=\"60\" src=\"https:\/\/www.kng.agh.edu.pl\/kng\/wp-content\/uploads\/FAGH.jpg\" alt=\"Fundacja dla AGH\" title=\"Fundacja dla AGH\" \/><\/a>\r\n\t\t\t\t\t\t<\/div>\r\n\t\t\t\t\t<\/div>\r\n                <\/div>\r\n\r\n            \r\n                <div class=\"partners_item\" style=\"width:25%\">\r\n\t\t\t\t\t<div class=\"item_wrapper\">\r\n\t\t\t\t\t\t<div class=\"item\">\r\n\t\t\t\t\t\t\t<img loading=\"lazy\" decoding=\"async\" width=\"170\" height=\"60\" src=\"https:\/\/www.kng.agh.edu.pl\/kng\/wp-content\/uploads\/wggiis.jpg\" alt=\"WGGiI\u015a AGH\" title=\"WGGiI\u015a AGH\" \/>\r\n\t\t\t\t\t\t<\/div>\r\n\t\t\t\t\t<\/div>\r\n                <\/div>\r\n\r\n            <\/div><\/div><\/div><!-- .module_cont --><\/div>","protected":false},"excerpt":{"rendered":"","protected":false},"author":21,"featured_media":0,"parent":0,"menu_order":0,"comment_status":"closed","ping_status":"closed","template":"","meta":{"footnotes":"","_links_to":"","_links_to_target":""},"categories":[],"tags":[],"class_list":["post-3110","page","type-page","status-publish","czr-hentry"],"_links":{"self":[{"href":"https:\/\/www.kng.agh.edu.pl\/kng\/wp-json\/wp\/v2\/pages\/3110","targetHints":{"allow":["GET"]}}],"collection":[{"href":"https:\/\/www.kng.agh.edu.pl\/kng\/wp-json\/wp\/v2\/pages"}],"about":[{"href":"https:\/\/www.kng.agh.edu.pl\/kng\/wp-json\/wp\/v2\/types\/page"}],"author":[{"embeddable":true,"href":"https:\/\/www.kng.agh.edu.pl\/kng\/wp-json\/wp\/v2\/users\/21"}],"replies":[{"embeddable":true,"href":"https:\/\/www.kng.agh.edu.pl\/kng\/wp-json\/wp\/v2\/comments?post=3110"}],"version-history":[{"count":1,"href":"https:\/\/www.kng.agh.edu.pl\/kng\/wp-json\/wp\/v2\/pages\/3110\/revisions"}],"predecessor-version":[{"id":3111,"href":"https:\/\/www.kng.agh.edu.pl\/kng\/wp-json\/wp\/v2\/pages\/3110\/revisions\/3111"}],"wp:attachment":[{"href":"https:\/\/www.kng.agh.edu.pl\/kng\/wp-json\/wp\/v2\/media?parent=3110"}],"wp:term":[{"taxonomy":"category","embeddable":true,"href":"https:\/\/www.kng.agh.edu.pl\/kng\/wp-json\/wp\/v2\/categories?post=3110"},{"taxonomy":"post_tag","embeddable":true,"href":"https:\/\/www.kng.agh.edu.pl\/kng\/wp-json\/wp\/v2\/tags?post=3110"}],"curies":[{"name":"wp","href":"https:\/\/api.w.org\/{rel}","templated":true}]}}