{"id":3206,"date":"2016-04-16T23:27:18","date_gmt":"2016-04-16T21:27:18","guid":{"rendered":"http:\/\/www.kng.agh.edu.pl\/kng\/?page_id=3206"},"modified":"2017-03-25T16:21:23","modified_gmt":"2017-03-25T15:21:23","slug":"geodezyjny-slownik-pol-niem-ang","status":"publish","type":"page","link":"https:\/\/www.kng.agh.edu.pl\/kng\/geodezyjny-slownik-pol-niem-ang\/","title":{"rendered":"Geodezyjny s\u0142ownik POL-NIEM-ANG"},"content":{"rendered":"<div class='gt3_row-fluid'><div style='padding-bottom:40px;' class='gt3_col12 first-module module_number_1 module_cont  module_text_area'><div class='bg_title'><h2 style='color:#2f910b;' class='headInModule'>Szczeg\u00f3\u0142y:<\/h2><\/div>\n                <div class='module_content'>\n                    <h4><span style=\"color: #2f910b;\">Temat<\/span><span style=\"color: #808080;\">:&nbsp;Geodezyjny s\u0142ownik POL-NIEM-ANG<\/span><\/h4>\r\n<h4><span style=\"color: #2f910b;\">Miejsce<\/span><span style=\"color: #808080;\">:&nbsp;Akademia G&oacute;rniczo-Hutnicza im. Stanis\u0142awa Staszica w Krakowie, woj. ma\u0142opolskie<\/span><\/h4>\r\n<h4><span style=\"color: #2f910b;\">Kiedy<\/span><span style=\"color: #808080;\">: 2015 - 2016<\/span><\/h4>\n                <\/div><\/div><!-- .module_cont --><\/div><div class='gt3_row-fluid'><div style='padding-bottom:40px;' class='gt3_col12  module_number_2 module_cont  module_content'><div class='bg_title'><h2 style='color:#2f910b;' class='headInModule'>Opis:<\/h2><\/div><div class='module_content'><p style=\"text-align: justify;\">Projekt opracowania s\u0142ownika poj\u0119\u0107 geodezyjnych powsta\u0142 z inicjatywy Damiana Biela i Micha\u0142a Piwody w 2015 r. Celem projektu jest utworzenie darmowej aplikacji mobilnej, kt\u00f3ra pozwoli\u0142aby na szybkie sprawdzenie t\u0142umaczenia wszelkich poj\u0119\u0107 geodezyjnych, kt\u00f3rych znalezienie w zwyk\u0142ych s\u0142ownikach jest niemo\u017cliwe. Projekt sk\u0142ada si\u0119 z cz\u0119\u015bci przygotowawczej, na kt\u00f3r\u0105 sk\u0142ada si\u0119 stworzenie bazy s\u0142\u00f3w oraz cz\u0119\u015bci w\u0142a\u015bciwej - informatyczne opracowanie bazy. W projekcie bior\u0105 udzia\u0142 tak\u017ce Dominik Sowi\u0144ski, Agnieszka Stru\u015b oraz Paulina Kara\u015b.<\/p><br \/>\n<p style=\"text-align: justify;\">W pierwszym stadium projektu, tj. od marca 2015 r. (bez ustalonej daty ko\u0144cowej), zaj\u0119to si\u0119 opracowaniem bazy s\u0142\u00f3w. S\u0142ownictwo zebrano pocz\u0105tkowo z posiadanych materia\u0142\u00f3w udost\u0119pnionych przez prowadz\u0105cych (w toku zaj\u0119\u0107 z j\u0119zykiem niemieckim i angielskim), a nast\u0119pnie z istniej\u0105cych ju\u017c papierowych s\u0142ownik\u00f3w polsko-angielskich i polsko-niemieckich. Dodatkowo t\u0142umacze\u0144 szukano w naukowych opracowaniach obcoj\u0119zycznych, artyku\u0142ach naukowych, fachowej literaturze, konspektach z TU Freiberg i w innych materia\u0142ach, tak\u017ce internetowych. Ka\u017cde s\u0142owo znalezione w innym \u017ar\u00f3dle ni\u017c s\u0142ownik jest kontrolowane w celu wykluczenia pomy\u0142ek. Kontrola polega zwykle na znalezieniu danego s\u0142owa w opracowaniu w odpowiednim kontek\u015bcie w j\u0119zyku angielskim i niemieckim.<\/p><br \/>\n<p style=\"text-align: justify;\">W drugiej cz\u0119\u015bci projektu planowane jest utworzenie aplikacji mobilnej, kt\u00f3r\u0105 b\u0119dzie mo\u017cna \u015bci\u0105gn\u0105\u0107 na dowolny telefon z systemem Android. W tym celu planuje si\u0119 wykorzystanie j\u0119zyka programowania Java. Przewidziane jest tak\u017ce umieszczenie s\u0142ownika bezpo\u015brednio w sieci.<\/p><br \/>\n<p style=\"text-align: justify;\">Baza s\u0142\u00f3w b\u0119dzie stale poszerzana i aktualizowana. Pozostawia si\u0119 mo\u017cliwo\u015b\u0107 rozszerzenia s\u0142ownika o nowe j\u0119zyki.<\/p><br \/>\n<p style=\"text-align: justify;\">W marcu 2017 roku udost\u0119pniono pierwsz\u0105 wersj\u0119 s\u0142ownika jako aplikacj\u0119 przeznaczon\u0105 dla komputer\u00f3w. \u00a0Za opracowanie programistyczne odpowiada Dominik Sowi\u0144ski, a za koncepcj\u0119 graficzn\u0105 Agnieszka Stru\u015b. Merytoryczny aspekt powsta\u0142 przy udziale koordynator\u00f3w: Damiana Biela i Micha\u0142a Piwody. Tworzenie\u00a0s\u0142ownika wspomaga\u0142a r\u00f3wnie\u017c Paulina Kara\u015b. Aplikacja wymaga zainstalowanej aktualnej wersji oprogramowania Java.<\/p><br \/>\n<p style=\"text-align: justify;\">Baza s\u0142\u00f3w, oraz sam projekt b\u0119d\u0105 ci\u0119gle kontynuowane i ulepszane.<\/p><br \/>\n<p style=\"text-align: left;\">link do dropboxa ze s\u0142ownikiem (format exe): <a href=\"https:\/\/l.facebook.com\/l.php?u=https%3A%2F%2Fwww.dropbox.com%2Fsh%2Fdgde7t7wvvhyuax%2FAAAgrLtOwrlrU3gWuEPJx9J7a%3Fdl%3D0&amp;h=ATOUD5zz_gaw0CHfNy7aE1KW7YbYgQjjr4oh0xSdKvwEyMaIxJ4eQQdABJJ1vk2gs8qj1Nxh7SJP-WGISp2pWq_KgKHIZQOMQwEaX7LIh0NfG3e-UoTQSTv9gw9izdOEMXhnJkA\" target=\"_blank\">S\u0142ownik Poj\u0119\u0107 Geodezyjnych<\/a><\/p><br \/>\n<p style=\"text-align: left;\">link do oprogramowania Java: \u00a0 \u00a0 \u00a0 \u00a0 \u00a0 \u00a0 \u00a0 \u00a0 \u00a0 \u00a0 \u00a0 \u00a0 \u00a0 \u00a0<a href=\"https:\/\/www.java.com\/pl\/download\/\" target=\"_blank\">oprogramowanie Java<\/a><\/p><\/div><\/div><!-- .module_cont --><\/div><div class='gt3_row-fluid'><div style='padding-bottom:40px;' class='gt3_col6  module_number_3 module_cont  module_team'><div class='bg_title'><a href='javascript:void(0)' class='btn_carousel_left'><\/a><h4 style='color:#2f910b;' class='headInModule'>Prowadz\u0105cy projekt:<\/h4><a href='javascript:void(0)' class='btn_carousel_right'><\/a><\/div>\r\n        <div class=\"team_slider\">\r\n            <div class=\"carouselslider teamslider items2\" data-count=\"2\">\r\n            \t<div class=\"team_list\">\r\n\t\t\t\t\t<div class=\"team_item\" style=\"width:50%\">\r\n\t\t\t\t\t\t<div class=\"item_wrapper\">\r\n\t\t\t\t\t\t\t<div class=\"item\">\r\n\t\t\t\t\t\t\t\t<div class=\"img_block\"><img decoding=\"async\" src=\"https:\/\/www.kng.agh.edu.pl\/kng\/wp-content\/uploads\/noname-840x622.jpg\" alt=\"Damian Biel\" \/>\r\n\t\t\t\t\t\t\t\t<\/div>\r\n\t\t\t\t\t\t\t\t<div class=\"carousel_body\">\r\n\t\t\t\t\t\t\t\t\t<div class=\"carousel_title\">Damian Biel<\/div>\r\n\t\t\t\t\t\t\t\t\t<div class=\"op\"><\/div>\r\n\t\t\t\t\t\t\t\t\t\r\n\t\t\t\t\t\t\t\t\t<div class=\"carousel_desc\">\r\n\t\t\t\t\t\t\t\t\t\t<div class=\"exc\"><\/div>\r\n                                    <\/div>\r\n\t\t\t\t\t\t\t\t\t<div class=\"smallproflinks\">\r\n\t\t\t\t\t\t\t\t\t\t<div class=\"team_icons_wrapper\">   \t\t<\/div>\r\n\t\t\t\t\t\t\t\t\t<\/div>\r\n\t\t\t\t\t\t\t\t\t\r\n\t\t\t\t\t\t\t\t<\/div>\r\n\t\t\t\t\t\t\t<\/div>\r\n\t\t\t\t\t\t<\/div>\r\n                    <\/div><!-- .team_item -->\r\n\t\t\t\t\r\n\t\t\t\t\t<div class=\"team_item\" style=\"width:50%\">\r\n\t\t\t\t\t\t<div class=\"item_wrapper\">\r\n\t\t\t\t\t\t\t<div class=\"item\">\r\n\t\t\t\t\t\t\t\t<div class=\"img_block\"><img decoding=\"async\" src=\"https:\/\/www.kng.agh.edu.pl\/kng\/wp-content\/uploads\/noname-840x622.jpg\" alt=\"Micha\u0142 Piwoda\" \/>\r\n\t\t\t\t\t\t\t\t<\/div>\r\n\t\t\t\t\t\t\t\t<div class=\"carousel_body\">\r\n\t\t\t\t\t\t\t\t\t<div class=\"carousel_title\">Micha\u0142 Piwoda<\/div>\r\n\t\t\t\t\t\t\t\t\t<div class=\"op\"><\/div>\r\n\t\t\t\t\t\t\t\t\t\r\n\t\t\t\t\t\t\t\t\t<div class=\"carousel_desc\">\r\n\t\t\t\t\t\t\t\t\t\t<div class=\"exc\"><\/div>\r\n                                    <\/div>\r\n\t\t\t\t\t\t\t\t\t<div class=\"smallproflinks\">\r\n\t\t\t\t\t\t\t\t\t\t<div class=\"team_icons_wrapper\">   \t\t<\/div>\r\n\t\t\t\t\t\t\t\t\t<\/div>\r\n\t\t\t\t\t\t\t\t\t\r\n\t\t\t\t\t\t\t\t<\/div>\r\n\t\t\t\t\t\t\t<\/div>\r\n\t\t\t\t\t\t<\/div>\r\n                    <\/div><!-- .team_item -->\r\n\t\t\t\t<\/div>\r\n             <\/div>\r\n             <div class=\"clear\"><\/div>\r\n        <\/div>  \r\n        <div class=\"clear\"><\/div><\/div><!-- .module_cont --><div style='padding-bottom:40px;' class='gt3_col6  module_number_4 module_cont  module_google_map'><div class='bg_title'><h4 style='color:#2f910b;' class='headInModule'>Gdzie?<\/h4><\/div>\n                <div class='module_content'>\n                    <div class=''>\n                        <iframe loading=\"lazy\" src=\"https:\/\/www.google.com\/maps\/embed?pb=!1m14!1m12!1m3!1d1595.5240078016282!2d19.920343013476!3d50.06564136974316!2m3!1f0!2f0!3f0!3m2!1i1024!2i768!4f13.1!5e1!3m2!1spl!2spl!4v1460886622176\" width=\"600\" height=\"450\" frameborder=\"0\" style=\"border:0\" allowfullscreen><\/iframe>\n                    <\/div>\n                <\/div><\/div><!-- .module_cont --><\/div><div class='gt3_row-fluid'><div style='padding-bottom:40px;' class='gt3_col6  module_number_5 module_cont  module_html'><div class='bg_title'><h2 style='color:#2f910b;' class='headInModule'>Lista uczestnik\u00f3w:<\/h2><\/div>\n                <div class='module_content'>\n                    <p>\n<table id=\"tablepress-15\" class=\"tablepress tablepress-id-15\">\n<thead>\n<tr class=\"row-1\">\n\t<th class=\"column-1\">Nazwisko<\/th><th class=\"column-2\">Imi\u0119<\/th><th class=\"column-3\">Rola<\/th>\n<\/tr>\n<\/thead>\n<tbody class=\"row-striping row-hover\">\n<tr class=\"row-2\">\n\t<td class=\"column-1\">Biel<\/td><td class=\"column-2\">Damian<\/td><td class=\"column-3\">Opracowanie<\/td>\n<\/tr>\n<tr class=\"row-3\">\n\t<td class=\"column-1\">Kara\u015b<\/td><td class=\"column-2\">Paulina<\/td><td class=\"column-3\">Opracowanie<\/td>\n<\/tr>\n<tr class=\"row-4\">\n\t<td class=\"column-1\">Piwoda<\/td><td class=\"column-2\">Micha\u0142<\/td><td class=\"column-3\">Opracowanie<\/td>\n<\/tr>\n<tr class=\"row-5\">\n\t<td class=\"column-1\">Sowi\u0144ski<\/td><td class=\"column-2\">Dominik<\/td><td class=\"column-3\">Opracowanie<\/td>\n<\/tr>\n<tr class=\"row-6\">\n\t<td class=\"column-1\">Stru\u015b<\/td><td class=\"column-2\">Agnieszka<\/td><td class=\"column-3\">Opracowanie<\/td>\n<\/tr>\n<\/tbody>\n<\/table>\n<!-- #tablepress-15 from cache --><\/p>\n                <\/div><\/div><!-- .module_cont --><\/div>","protected":false},"excerpt":{"rendered":"","protected":false},"author":21,"featured_media":0,"parent":0,"menu_order":0,"comment_status":"closed","ping_status":"closed","template":"","meta":{"footnotes":"","_links_to":"","_links_to_target":""},"categories":[87,76],"tags":[],"class_list":{"0":"post-3206","1":"page","2":"type-page","3":"status-publish","5":"category-87","6":"category-proj","7":"czr-hentry"},"_links":{"self":[{"href":"https:\/\/www.kng.agh.edu.pl\/kng\/wp-json\/wp\/v2\/pages\/3206","targetHints":{"allow":["GET"]}}],"collection":[{"href":"https:\/\/www.kng.agh.edu.pl\/kng\/wp-json\/wp\/v2\/pages"}],"about":[{"href":"https:\/\/www.kng.agh.edu.pl\/kng\/wp-json\/wp\/v2\/types\/page"}],"author":[{"embeddable":true,"href":"https:\/\/www.kng.agh.edu.pl\/kng\/wp-json\/wp\/v2\/users\/21"}],"replies":[{"embeddable":true,"href":"https:\/\/www.kng.agh.edu.pl\/kng\/wp-json\/wp\/v2\/comments?post=3206"}],"version-history":[{"count":9,"href":"https:\/\/www.kng.agh.edu.pl\/kng\/wp-json\/wp\/v2\/pages\/3206\/revisions"}],"predecessor-version":[{"id":3423,"href":"https:\/\/www.kng.agh.edu.pl\/kng\/wp-json\/wp\/v2\/pages\/3206\/revisions\/3423"}],"wp:attachment":[{"href":"https:\/\/www.kng.agh.edu.pl\/kng\/wp-json\/wp\/v2\/media?parent=3206"}],"wp:term":[{"taxonomy":"category","embeddable":true,"href":"https:\/\/www.kng.agh.edu.pl\/kng\/wp-json\/wp\/v2\/categories?post=3206"},{"taxonomy":"post_tag","embeddable":true,"href":"https:\/\/www.kng.agh.edu.pl\/kng\/wp-json\/wp\/v2\/tags?post=3206"}],"curies":[{"name":"wp","href":"https:\/\/api.w.org\/{rel}","templated":true}]}}