{"id":3228,"date":"2016-04-17T11:11:33","date_gmt":"2016-04-17T09:11:33","guid":{"rendered":"http:\/\/www.kng.agh.edu.pl\/kng\/?page_id=3228"},"modified":"2017-03-25T15:39:18","modified_gmt":"2017-03-25T14:39:18","slug":"polesie","status":"publish","type":"page","link":"https:\/\/www.kng.agh.edu.pl\/kng\/polesie\/","title":{"rendered":"Polesie"},"content":{"rendered":"<div class='gt3_row-fluid'><div style='padding-bottom:40px;' class='gt3_col12 first-module module_number_1 module_cont  module_text_area'><div class='bg_title'><h2 style='color:#2f910b;' class='headInModule'>Szczeg\u00f3\u0142y:<\/h2><\/div>\n                <div class='module_content'>\n                    <h4><span style=\"color: #2f910b;\">Temat<\/span><span style=\"color: #808080;\">:&nbsp;Analiza zmienno\u015bci stosunk&oacute;w wodnych w Poleskim Parku Narodowym w uj\u0119ciu bada\u0144 geodezyjnych<\/span><\/h4>\r\n<h4><span style=\"color: #2f910b;\">Miejsce<\/span><span style=\"color: #808080;\">:&nbsp;Poleski Park Narodowy, woj. lubelskie<\/span><\/h4>\r\n<h4><span style=\"color: #2f910b;\">Kiedy<\/span><span style=\"color: #808080;\">: 2016<\/span><\/h4>\n                <\/div><\/div><!-- .module_cont --><\/div><div class='gt3_row-fluid'><div style='padding-bottom:40px;' class='gt3_col12  module_number_2 module_cont  module_content'><div class='bg_title'><h2 style='color:#2f910b;' class='headInModule'>Opis:<\/h2><\/div><div class='module_content'><p style=\"text-align: center;\"><strong><span style=\"text-decoration: underline;\">PROJEKT REALIZOWANY W RAMACH GRANTU REKTORSKIEGO AGH W 2016 r.<\/span><\/strong><\/p><br \/>\n<p style=\"text-align: justify;\">Poleski Park Narodowy zlokalizowany jest na Polesiu Zachodnim, w \u015brodkowej cz\u0119\u015bci R\u00f3wniny \u0141\u0119czy\u0144sko \u2013 W\u0142odawskiej, w wojew\u00f3dztwie lubelskim. Jest to teren w\u00a0znacznej cz\u0119\u015bci podmok\u0142y; stanowi\u0105 go liczne bagna, torfowiska i jeziora krasowe oraz naturalne kompleksy le\u015bne. Park zosta\u0142 ustanowiony w celu ochrony ekosystem\u00f3w wodno \u2013 torfowiskowych, jako jeden z trzech o takim charakterze w\u00a0Polsce. Jest tak\u017ce chroniony przez konwencj\u0119 ramsarsk\u0105 jako wa\u017cny obszar podmok\u0142y.<\/p><br \/>\n<p style=\"text-align: justify;\">Jednym z istotnych problem\u00f3w wp\u0142ywaj\u0105cych na zachwianie stanu r\u00f3wnowagi gospodarki wodnej, a tym samym ekosystemu Parku w skali makro, jest nadmierny odp\u0142yw wody. W\u015br\u00f3d potencjalnych przyczyn wyst\u0119powania tego zjawiska nale\u017cy wymieni\u0107: zmiany klimatyczne oraz wp\u0142yw podziemnej eksploatacji z\u0142\u00f3\u017c w\u0119gla kamiennego, kt\u00f3ra prowadzona jest na obszarze Lubelskiego Zag\u0142\u0119bia W\u0119glowego. Analiza zmienno\u015bci klimatu na przestrzeni ostatnich kilkudziesi\u0119ciu lat pozwala zauwa\u017cy\u0107 wzrostow\u0105 tendencj\u0119 do wyst\u0119powania gwa\u0142townych zjawisk pogodowych i\u00a0nieregularno\u015b\u0107 ich przebiegu. D\u0142ugie okresy suszy, a przy tym intensywne, lecz\u00a0kr\u00f3tkotrwa\u0142e opady powoduj\u0105 nadmierne odparowywanie wody z wierzchnich warstw gruntu oraz zaburzaj\u0105 naturaln\u0105 retencj\u0119. W przypadku prowadzenia podziemnej eksploatacji z\u0142\u00f3\u017c surowc\u00f3w mineralnych istotnym problemem pozostaj\u0105 m.in. deformacje ci\u0105g\u0142e powierzchni terenu. \u0141agodne, lecz obszerne powierzchniowo niecki odwodnieniowe powoduj\u0105 nie tylko obni\u017cenie terenu, ale r\u00f3wnie\u017c zmieniaj\u0105 stosunki wodne w g\u0142\u0119bszych partiach g\u00f3rotworu.<\/p><br \/>\n<p style=\"text-align: justify;\">W zwi\u0105zku z charakterem obszar\u00f3w chronionych w PPN, przeprowadzenie analiz stosunk\u00f3w wodnych oraz stworzenie symulacji komputerowych wp\u0142ywu przetamowa\u0144 na stan w\u00f3d wydaje si\u0119 by\u0107 dzia\u0142aniem niezb\u0119dnym i koniecznym dla zachowania unikalnych ekosystem\u00f3w w pierwotnej postaci.<\/p><br \/>\n<p style=\"text-align: justify;\">Inwentaryzacja tego obszaru metodami geodezji klasycznej jest zadaniem problematycznym. Liczne jeziora i\u00a0bagna uniemo\u017cliwiaj\u0105 lub znacz\u0105co utrudniaj\u0105 stabilizacj\u0119 punkt\u00f3w osnowy geodezyjnej, a tak\u017ce zmniejszaj\u0105 dok\u0142adno\u015b\u0107 pomiaru.\u00a0 W takich przypadkach znajduj\u0105 zastosowanie nowoczesne technologie, np. lotnicze skanowanie laserowe (LIDAR) oraz fotogrametria lotnicza z u\u017cyciem bezza\u0142ogowego statku lataj\u0105cego (drona).<\/p><br \/>\n<p style=\"text-align: justify;\">Celem grantu jest stworzenie dla cz\u0119\u015bci obszaru Poleskiego Parku Narodowego: Numerycznego Modelu Terenu (NMT), Numerycznego Modelu Pokrycia Terenu (NMPT), ortofotomapy oraz przekroj\u00f3w pod\u0142u\u017cnych i poprzecznych w wybranych miejscach. Wed\u0142ug plan\u00f3w opracowania zostan\u0105 wykonane na podstawie: og\u00f3lnodost\u0119pnych danych LIDAR z projektu ISOK, materia\u0142\u00f3w dost\u0119pnych w Centralnym i Powiatowym O\u015brodku Dokumentacji Geodezyjnej i Kartograficznej (CODGiK i PODGiK), danych udost\u0119pnionych przez Dzia\u0142 ds. Nauki i Bada\u0144 Parku oraz przeprowadzone przez uczestnik\u00f3w projektu geodezyjne pomiary klasyczne i nalot fotogrametryczny wykonany przy pomocy Bezza\u0142ogowego Statku Lataj\u0105cego, kt\u00f3ry stanowi w\u0142asno\u015b\u0107 Wydzia\u0142u Geodezji G\u00f3rniczej i In\u017cynierii \u015arodowiska AGH.<\/p><br \/>\n<p style=\"text-align: justify;\">Wyniki prac zostan\u0105 zintegrowane przy pomocy narz\u0119dzi GIS. Dzi\u0119ki rozwojowi technologicznemu mo\u017cliwe jest stworzenie bazy danych, kt\u00f3ra umo\u017cliwia nie tylko przegl\u0105danie, ale i analizowanie dost\u0119pnych informacji, a tak\u017ce prezentowanie wynik\u00f3w analiz w postaci map i innych dogodnych dla u\u017cytkownik\u00f3w form. Jedn\u0105\u00a0z\u00a0najwa\u017cniejszych zalet map GIS jest mo\u017cliwo\u015b\u0107 aktualizacji i uzupe\u0142niania danych w dowolnym momencie i czasie.<\/p><\/div><\/div><!-- .module_cont --><\/div><div class='gt3_row-fluid'><div style='padding-bottom:40px;' class='gt3_col3  module_number_3 module_cont  module_team'><div class='bg_title'><a href='javascript:void(0)' class='btn_carousel_left'><\/a><h4 style='color:#2f910b;' class='headInModule'>Prowadz\u0105cy projekt:<\/h4><a href='javascript:void(0)' class='btn_carousel_right'><\/a><\/div>\r\n        <div class=\"team_slider\">\r\n            <div class=\"carouselslider teamslider items1\" data-count=\"1\">\r\n            \t<div class=\"team_list\">\r\n\t\t\t\t\t<div class=\"team_item\" style=\"width:100%\">\r\n\t\t\t\t\t\t<div class=\"item_wrapper\">\r\n\t\t\t\t\t\t\t<div class=\"item\">\r\n\t\t\t\t\t\t\t\t<div class=\"img_block\"><img decoding=\"async\" src=\"https:\/\/www.kng.agh.edu.pl\/kng\/wp-content\/uploads\/1-840x622.jpg\" alt=\"Hubert Dec\" \/>\r\n\t\t\t\t\t\t\t\t<\/div>\r\n\t\t\t\t\t\t\t\t<div class=\"carousel_body\">\r\n\t\t\t\t\t\t\t\t\t<div class=\"carousel_title\">Hubert Dec<\/div>\r\n\t\t\t\t\t\t\t\t\t<div class=\"op\"><\/div>\r\n\t\t\t\t\t\t\t\t\t\r\n\t\t\t\t\t\t\t\t\t<div class=\"carousel_desc\">\r\n\t\t\t\t\t\t\t\t\t\t<div class=\"exc\"><p style=\"text-align: justify;\">Wiceprezes<\/p><\/div>\r\n                                    <\/div>\r\n\t\t\t\t\t\t\t\t\t<div class=\"smallproflinks\">\r\n\t\t\t\t\t\t\t\t\t\t<div class=\"team_icons_wrapper\">   \t\t<\/div>\r\n\t\t\t\t\t\t\t\t\t<\/div>\r\n\t\t\t\t\t\t\t\t\t\r\n\t\t\t\t\t\t\t\t<\/div>\r\n\t\t\t\t\t\t\t<\/div>\r\n\t\t\t\t\t\t<\/div>\r\n                    <\/div><!-- .team_item -->\r\n\t\t\t\t<\/div>\r\n             <\/div>\r\n             <div class=\"clear\"><\/div>\r\n        <\/div>  \r\n        <div class=\"clear\"><\/div><\/div><!-- .module_cont --><div style='padding-bottom:40px;' class='gt3_col3  module_number_4 module_cont  module_team'><div class='bg_title'><a href='javascript:void(0)' class='btn_carousel_left'><\/a><h4 style='color:#2f910b;' class='headInModule'>Opiekun naukowy:<\/h4><a href='javascript:void(0)' class='btn_carousel_right'><\/a><\/div>\r\n        <div class=\"team_slider\">\r\n            <div class=\"carouselslider teamslider items1\" data-count=\"1\">\r\n            \t<div class=\"team_list\">\r\n\t\t\t\t\t<div class=\"team_item\" style=\"width:100%\">\r\n\t\t\t\t\t\t<div class=\"item_wrapper\">\r\n\t\t\t\t\t\t\t<div class=\"item\">\r\n\t\t\t\t\t\t\t\t<div class=\"img_block\"><img decoding=\"async\" src=\"https:\/\/www.kng.agh.edu.pl\/kng\/wp-content\/uploads\/noname-840x622.jpg\" alt=\"dr in\u017c. Edyta Puniach\" \/>\r\n\t\t\t\t\t\t\t\t<\/div>\r\n\t\t\t\t\t\t\t\t<div class=\"carousel_body\">\r\n\t\t\t\t\t\t\t\t\t<div class=\"carousel_title\">dr in\u017c. Edyta Puniach<\/div>\r\n\t\t\t\t\t\t\t\t\t<div class=\"op\"><\/div>\r\n\t\t\t\t\t\t\t\t\t\r\n\t\t\t\t\t\t\t\t\t<div class=\"carousel_desc\">\r\n\t\t\t\t\t\t\t\t\t\t<div class=\"exc\"><\/div>\r\n                                    <\/div>\r\n\t\t\t\t\t\t\t\t\t<div class=\"smallproflinks\">\r\n\t\t\t\t\t\t\t\t\t\t<div class=\"team_icons_wrapper\">   \t\t<\/div>\r\n\t\t\t\t\t\t\t\t\t<\/div>\r\n\t\t\t\t\t\t\t\t\t\r\n\t\t\t\t\t\t\t\t<\/div>\r\n\t\t\t\t\t\t\t<\/div>\r\n\t\t\t\t\t\t<\/div>\r\n                    <\/div><!-- .team_item -->\r\n\t\t\t\t<\/div>\r\n             <\/div>\r\n             <div class=\"clear\"><\/div>\r\n        <\/div>  \r\n        <div class=\"clear\"><\/div><\/div><!-- .module_cont --><div style='padding-bottom:40px;' class='gt3_col6  module_number_5 module_cont  module_google_map'><div class='bg_title'><h4 style='color:#2f910b;' class='headInModule'>Gdzie?<\/h4><\/div>\n                <div class='module_content'>\n                    <div class=''>\n                        <iframe loading=\"lazy\" src=\"https:\/\/www.google.com\/maps\/embed?pb=!1m14!1m12!1m3!1d112526.60728381884!2d23.167939952024884!3d51.448788059904295!2m3!1f0!2f0!3f0!3m2!1i1024!2i768!4f13.1!5e0!3m2!1spl!2spl!4v1460888281946\" width=\"600\" height=\"450\" frameborder=\"0\" style=\"border:0\" allowfullscreen><\/iframe>\n                    <\/div>\n                <\/div><\/div><!-- .module_cont --><\/div><div class='gt3_row-fluid'><div style='padding-bottom:40px;' class='gt3_col6  module_number_6 module_cont  module_html'><div class='bg_title'><h2 style='color:#2f910b;' class='headInModule'>Lista uczestnik\u00f3w:<\/h2><\/div>\n                <div class='module_content'>\n                    <p>\n<table id=\"tablepress-16\" class=\"tablepress tablepress-id-16\">\n<thead>\n<tr class=\"row-1\">\n\t<th class=\"column-1\">Imi\u0119<\/th><th class=\"column-2\">Nazwisko<\/th><th class=\"column-3\">Rola<\/th>\n<\/tr>\n<\/thead>\n<tbody class=\"row-striping row-hover\">\n<tr class=\"row-2\">\n\t<td class=\"column-1\">Hubert<\/td><td class=\"column-2\">Dec<\/td><td class=\"column-3\">Opracowanie<\/td>\n<\/tr>\n<tr class=\"row-3\">\n\t<td class=\"column-1\">Miko\u0142aj<\/td><td class=\"column-2\">Beza<\/td><td class=\"column-3\">Opracowanie<\/td>\n<\/tr>\n<tr class=\"row-4\">\n\t<td class=\"column-1\">Paulina<\/td><td class=\"column-2\">Cierpich<\/td><td class=\"column-3\">Opracowanie<\/td>\n<\/tr>\n<tr class=\"row-5\">\n\t<td class=\"column-1\">Aleksandra<\/td><td class=\"column-2\">Cie\u015blik<\/td><td class=\"column-3\">Opracowanie<\/td>\n<\/tr>\n<tr class=\"row-6\">\n\t<td class=\"column-1\">Edyta<\/td><td class=\"column-2\">Druzga\u0142a<\/td><td class=\"column-3\">Opracowanie<\/td>\n<\/tr>\n<tr class=\"row-7\">\n\t<td class=\"column-1\">Agnieszka<\/td><td class=\"column-2\">Grabowska<\/td><td class=\"column-3\">Opracowanie<\/td>\n<\/tr>\n<tr class=\"row-8\">\n\t<td class=\"column-1\">Przemys\u0142aw<\/td><td class=\"column-2\">Mojecki<\/td><td class=\"column-3\">Opracowanie<\/td>\n<\/tr>\n<tr class=\"row-9\">\n\t<td class=\"column-1\">Katarzyna<\/td><td class=\"column-2\">Sawicka<\/td><td class=\"column-3\">Opracowanie<\/td>\n<\/tr>\n<tr class=\"row-10\">\n\t<td class=\"column-1\">Justyna<\/td><td class=\"column-2\">Rucha\u0142a<\/td><td class=\"column-3\">Opracowanie<\/td>\n<\/tr>\n<tr class=\"row-11\">\n\t<td class=\"column-1\">Aleksandra<\/td><td class=\"column-2\">S\u0142odowska<\/td><td class=\"column-3\">Opracowanie<\/td>\n<\/tr>\n<\/tbody>\n<\/table>\n<!-- #tablepress-16 from cache --><\/p>\n                <\/div><\/div><!-- .module_cont --><div style='padding-bottom:40px;' class='gt3_col6  module_number_7 module_cont  module_html'><div class='bg_title'><h2 style='color:#2f910b;' class='headInModule'>Osi\u0105gni\u0119cia:<\/h2><\/div>\n                <div class='module_content'>\n                    <p>II miejsce w 57 Studenckiej Konferencji Naukowej Pionu G&oacute;rniczego - Sekcja Geodezja.<\/p>\r\n<p>Temat referatu: Analiza por&oacute;wnawcza Numerycznych Modeli Terenu oraz dok\u0142adno\u015bci<\/p>\r\n<p>&nbsp; &nbsp; &nbsp; &nbsp; &nbsp; &nbsp; &nbsp; &nbsp; &nbsp; &nbsp; &nbsp; &nbsp; &nbsp; <span style=\"color: #ffffff;\">&nbsp;..<\/span>ortofotomapy na przyk\u0142ad otuliny Poleskiego Parku Narodowego.<\/p>\r\n<p>Autorzy: Paulina Cierpich, Justyna Rucha\u0142a<\/p>\n                <\/div><\/div><!-- .module_cont --><\/div><div class='gt3_row-fluid'><div style='padding-bottom:40px;' class='gt3_col3  module_number_8 module_cont  module_counter'><div class='bg_title'><h2 style='color:#2f910b;' class='headInModule'>Koszt organizacji:<\/h2><\/div>\t\t\n\t\t\t<div class='module_content shortcode_counter'>\n\t\t\t\t<div class='counter_wrapper'>\n\t\t\t\t\t<div class='counter_ico_wrapper'>\n\t\t\t\t\t\t<span class='ico'><i class=icon-share-square-o><\/i><\/span>\t\t\t\t\t\t\n\t\t\t\t\t<\/div>\n\t\t\t\t\t<div class='counter_content'>\n\t\t\t\t\t\t<div class='counter_body'>\n\t\t\t\t\t\t\t<span class='counter_title'>PLN<\/span>\n\t\t\t\t\t\t\t<span class='stat_count' data-count='7600'>0<\/span>\n\t\t\t\t\t\t\t<div class='stat_temp'><\/div>\n\t\t\t\t\t\t<\/div>\n\t\t\t\t\t<\/div>\n\t\t\t\t<\/div>\n\t\t\t<\/div>\n\t\t\t\n\t\t\t<script>\n\t\t\t\tjQuery(document).ready(function($) {\n\t\t\t\t\tif (jQuery(window).width() > 760) {\t\t\t\t\t\t\n\t\t\t\t\t\tjQuery('.shortcode_counter').each(function(){\t\t\t\t\t\t\t\n\t\t\t\t\t\t\tif (jQuery(this).offset().top < jQuery(window).height()) {\n\t\t\t\t\t\t\t\tif (!jQuery(this).hasClass('done')) {\n\t\t\t\t\t\t\t\t\tvar set_count = jQuery(this).find('.stat_count').attr('data-count');\n\t\t\t\t\t\t\t\t\tjQuery(this).find('.stat_temp').stop().animate({width: set_count}, {duration: 3000, step: function(now) {\n\t\t\t\t\t\t\t\t\t\t\tvar data = Math.floor(now);\n\t\t\t\t\t\t\t\t\t\t\tjQuery(this).parents('.counter_wrapper').find('.stat_count').html(data);\n\t\t\t\t\t\t\t\t\t\t}\n\t\t\t\t\t\t\t\t\t});\t\n\t\t\t\t\t\t\t\t\tjQuery(this).addClass('done');\n\t\t\t\t\t\t\t\t\tjQuery(this).find('.stat_count');\n\t\t\t\t\t\t\t\t}\t\t\t\t\t\t\t\n\t\t\t\t\t\t\t} else {\n\t\t\t\t\t\t\t\tjQuery(this).waypoint(function(){\n\t\t\t\t\t\t\t\t\tif (!jQuery(this).hasClass('done')) {\n\t\t\t\t\t\t\t\t\t\tvar set_count = jQuery(this).find('.stat_count').attr('data-count');\n\t\t\t\t\t\t\t\t\t\tjQuery(this).find('.stat_temp').stop().animate({width: set_count}, {duration: 3000, step: function(now) {\n\t\t\t\t\t\t\t\t\t\t\t\tvar data = Math.floor(now);\n\t\t\t\t\t\t\t\t\t\t\t\tjQuery(this).parents('.counter_wrapper').find('.stat_count').html(data);\n\t\t\t\t\t\t\t\t\t\t\t}\n\t\t\t\t\t\t\t\t\t\t});\t\n\t\t\t\t\t\t\t\t\t\tjQuery(this).addClass('done');\n\t\t\t\t\t\t\t\t\t\tjQuery(this).find('.stat_count');\n\t\t\t\t\t\t\t\t\t}\n\t\t\t\t\t\t\t\t},{offset: 'bottom-in-view'});\t\t\t\t\t\t\t\t\n\t\t\t\t\t\t\t}\t\t\t\t\t\t\t\t\t\t\t\t\t\t\n\t\t\t\t\t\t});\n\t\t\t\t\t} else {\n\t\t\t\t\t\tjQuery('.shortcode_counter').each(function(){\t\t\t\t\t\t\t\n\t\t\t\t\t\t\tvar set_count = jQuery(this).find('.stat_count').attr('data-count');\n\t\t\t\t\t\t\tjQuery(this).find('.stat_temp').animate({width: set_count}, {duration: 3000, step: function(now) {\n\t\t\t\t\t\t\t\t\tvar data = Math.floor(now);\n\t\t\t\t\t\t\t\t\tjQuery(this).parents('.counter_wrapper').find('.stat_count').html(data);\n\t\t\t\t\t\t\t\t}\n\t\t\t\t\t\t\t});\n\t\t\t\t\t\t\tjQuery(this).find('.stat_count');\n\t\t\t\t\t\t},{offset: 'bottom-in-view'});\t\n\t\t\t\t\t}\n\t\t\t\t});\n\t\t\t<\/script>\n\t\t\t<\/div><!-- .module_cont --><div style='padding-bottom:40px;' class='gt3_col9  module_number_9 module_cont  module_partners'><div class='bg_title'><h2 style='color:#2f910f;' class='headInModule'>Sponsorzy:<\/h2><\/div><div class=\"module_content sponsors_works\"><div class=\"parnters_list\">\r\n                <div class=\"partners_item\" style=\"width:16.666666666667%\">\r\n\t\t\t\t\t<div class=\"item_wrapper\">\r\n\t\t\t\t\t\t<div class=\"item\">\r\n\t\t\t\t\t\t\t<img loading=\"lazy\" decoding=\"async\" width=\"170\" height=\"60\" src=\"https:\/\/www.kng.agh.edu.pl\/kng\/wp-content\/uploads\/ludzie.jpg\" alt=\"Koszt pokryty przez uczestnik\u00f3w projektu\" title=\"Koszt pokryty przez uczestnik\u00f3w projektu\" \/>\r\n\t\t\t\t\t\t<\/div>\r\n\t\t\t\t\t<\/div>\r\n                <\/div>\r\n\r\n            \r\n                <div class=\"partners_item\" style=\"width:16.666666666667%\">\r\n\t\t\t\t\t<div class=\"item_wrapper\">\r\n\t\t\t\t\t\t<div class=\"item\">\r\n\t\t\t\t\t\t\t<img loading=\"lazy\" decoding=\"async\" width=\"170\" height=\"60\" src=\"https:\/\/www.kng.agh.edu.pl\/kng\/wp-content\/uploads\/agh.jpg\" alt=\"Grant Rektorski AGH\" title=\"Grant Rektorski AGH\" \/>\r\n\t\t\t\t\t\t<\/div>\r\n\t\t\t\t\t<\/div>\r\n                <\/div>\r\n\r\n            <\/div><\/div><\/div><!-- .module_cont --><\/div><div class='gt3_row-fluid'><div style='padding-bottom:40px;' class='gt3_col3  module_number_10 module_cont  module_counter'>\t\t\n\t\t\t<div class='module_content shortcode_counter'>\n\t\t\t\t<div class='counter_wrapper'>\n\t\t\t\t\t<div class='counter_ico_wrapper'>\n\t\t\t\t\t\t<span class='ico'><i class=><\/i><\/span>\t\t\t\t\t\t\n\t\t\t\t\t<\/div>\n\t\t\t\t\t<div class='counter_content'>\n\t\t\t\t\t\t<div class='counter_body'>\n\t\t\t\t\t\t\t<span class='counter_title'><\/span>\n\t\t\t\t\t\t\t<span class='stat_count' data-count=''>0<\/span>\n\t\t\t\t\t\t\t<div class='stat_temp'><\/div>\n\t\t\t\t\t\t<\/div>\n\t\t\t\t\t<\/div>\n\t\t\t\t<\/div>\n\t\t\t<\/div>\n\t\t\t<\/div><!-- .module_cont --><\/div>","protected":false},"excerpt":{"rendered":"","protected":false},"author":21,"featured_media":0,"parent":0,"menu_order":0,"comment_status":"closed","ping_status":"closed","template":"","meta":{"footnotes":"","_links_to":"","_links_to_target":""},"categories":[87,89,76,10],"tags":[],"class_list":{"0":"post-3228","1":"page","2":"type-page","3":"status-publish","5":"category-87","6":"category-89","7":"category-proj","8":"category-projekty","9":"czr-hentry"},"_links":{"self":[{"href":"https:\/\/www.kng.agh.edu.pl\/kng\/wp-json\/wp\/v2\/pages\/3228","targetHints":{"allow":["GET"]}}],"collection":[{"href":"https:\/\/www.kng.agh.edu.pl\/kng\/wp-json\/wp\/v2\/pages"}],"about":[{"href":"https:\/\/www.kng.agh.edu.pl\/kng\/wp-json\/wp\/v2\/types\/page"}],"author":[{"embeddable":true,"href":"https:\/\/www.kng.agh.edu.pl\/kng\/wp-json\/wp\/v2\/users\/21"}],"replies":[{"embeddable":true,"href":"https:\/\/www.kng.agh.edu.pl\/kng\/wp-json\/wp\/v2\/comments?post=3228"}],"version-history":[{"count":5,"href":"https:\/\/www.kng.agh.edu.pl\/kng\/wp-json\/wp\/v2\/pages\/3228\/revisions"}],"predecessor-version":[{"id":3256,"href":"https:\/\/www.kng.agh.edu.pl\/kng\/wp-json\/wp\/v2\/pages\/3228\/revisions\/3256"}],"wp:attachment":[{"href":"https:\/\/www.kng.agh.edu.pl\/kng\/wp-json\/wp\/v2\/media?parent=3228"}],"wp:term":[{"taxonomy":"category","embeddable":true,"href":"https:\/\/www.kng.agh.edu.pl\/kng\/wp-json\/wp\/v2\/categories?post=3228"},{"taxonomy":"post_tag","embeddable":true,"href":"https:\/\/www.kng.agh.edu.pl\/kng\/wp-json\/wp\/v2\/tags?post=3228"}],"curies":[{"name":"wp","href":"https:\/\/api.w.org\/{rel}","templated":true}]}}