{"id":3230,"date":"2016-04-17T11:12:28","date_gmt":"2016-04-17T09:12:28","guid":{"rendered":"http:\/\/www.kng.agh.edu.pl\/kng\/?page_id=3230"},"modified":"2016-10-11T00:36:06","modified_gmt":"2016-10-10T22:36:06","slug":"focus-sphere","status":"publish","type":"page","link":"https:\/\/www.kng.agh.edu.pl\/kng\/focus-sphere\/","title":{"rendered":"Focus Sphere"},"content":{"rendered":"<div class='gt3_row-fluid'><div style='padding-bottom:40px;' class='gt3_col12 first-module module_number_1 module_cont  module_text_area'><div class='bg_title'><h2 style='color:#2f910b;' class='headInModule'>Szczeg\u00f3\u0142y:<\/h2><\/div>\n                <div class='module_content'>\n                    <h4><span style=\"color: #2f910b;\">Temat<\/span><span style=\"color: #808080;\">:&nbsp;Focus Sphere - zautomatyzowana platforma fotogrametryczna<\/span><\/h4>\r\n<h4><span style=\"color: #2f910b;\">Miejsce<\/span><span style=\"color: #808080;\">:&nbsp;Akademia G&oacute;rniczo-Hutnicza im. Stanis\u0142awa Staszica w Krakowie, woj. ma\u0142opolskie<\/span><\/h4>\r\n<h4><span style=\"color: #2f910b;\">Kiedy<\/span><span style=\"color: #808080;\">: 2016<\/span><\/h4>\n                <\/div><\/div><!-- .module_cont --><\/div><div class='gt3_row-fluid'><div style='padding-bottom:40px;' class='gt3_col12  module_number_2 module_cont  module_content'><div class='bg_title'><h2 style='color:#2f910b;' class='headInModule'>Opis:<\/h2><\/div><div class='module_content'><p style=\"text-align: center;\"><strong><span style=\"text-decoration: underline;\">PROJEKT REALIZOWANY W RAMACH GRANTU REKTORSKIEGO AGH W 2016 r.<\/span><\/strong><\/p><br \/>\n<p style=\"text-align: justify;\">Fotogrametria jest nauk\u0105 zajmuj\u0105c\u0105 si\u0119 badaniem geometrii obiekt\u00f3w na podstawie zdj\u0119\u0107 fotograficznych. Dzi\u0119ki wykorzystaniu wielu zdj\u0119\u0107 mo\u017cliwe jest wygenerowanie chmury punkt\u00f3w reprezentuj\u0105cej obiekt. Ten spos\u00f3b inwentaryzacji kszta\u0142tu i rozmiar\u00f3w przedmiot\u00f3w znajduje szerokie zastosowanie w wielu ga\u0142\u0119ziach techniki, przemys\u0142u i\u00a0nauki.<\/p><br \/>\n<p style=\"text-align: justify;\">Celem grantu jest zaprojektowanie i wykonanie zautomatyzowanej platformy fotogrametrycznej pozwalaj\u0105cej na wykonywanie skierowanych zdj\u0119\u0107, r\u00f3wnomiernie pokrywaj\u0105cych badany przedmiot. Pozyskane zdj\u0119cia pos\u0142u\u017c\u0105 wykonywaniu tr\u00f3jwymiarowych modeli obiekt\u00f3w ma\u0142o gabarytowych. Dodatkowo projekt zak\u0142ada zintegrowanie konstrukcji z oprogramowaniem fotogrametrycznym w celu stworzenia kompletnego i funkcjonalnego narz\u0119dzia pomiarowego.<\/p><br \/>\n<p style=\"text-align: justify;\">Podstaw\u0119 konstrukcji b\u0119dzie stanowi\u0142a rama, po kt\u00f3rej porusza\u0107 si\u0119 b\u0119dzie kamera fotogrametryczna fotografuj\u0105ca badany obiekt. Umo\u017cliwi to pozyskiwanie zdj\u0119\u0107 z\u00a0dok\u0142adnie zaprogramowanych przez u\u017cytkownika miejsc wok\u00f3\u0142 przedmiotu bada\u0144. Znajomo\u015b\u0107 po\u0142o\u017cenia aparatu, jego zwrotu i kierunku ma kluczowe znaczenie dla dok\u0142adno\u015bci uzyskanego modelu. W projekcie grantowym planowane jest r\u00f3wnie\u017c wykonanie systemu nap\u0119dzaj\u0105cego prowadnice, po kt\u00f3rych b\u0119dzie porusza\u0142 si\u0119 aparat. Dzi\u0119ki nim mo\u017cliwe b\u0119dzie automatyczne przemieszczanie si\u0119 konstrukcji wykonuj\u0105cej zadanie zdefiniowane przez u\u017cytkownika. Wykorzystane zostan\u0105 silniki elektryczne oraz modu\u0142y oprogramowania pozwalaj\u0105ce na sterowanie nimi. Kolejn\u0105 cz\u0119\u015bci\u0105 maszyny b\u0119dzie kamera fotograficzna pozwalaj\u0105ca na uzyskiwanie zdj\u0119\u0107 o wysokiej rozdzielczo\u015bci. Planowane jest takie dobranie parametr\u00f3w optycznych uk\u0142adu, aby zapewnia\u0142y najlepsz\u0105 jako\u015b\u0107 pozyskiwanych obraz\u00f3w i wsp\u00f3\u0142gra\u0142y z geometri\u0105 ca\u0142ej platformy. Dodatkowo migawka aparatu b\u0119dzie synchronizowana z serwomotorami. System o\u015bwietlenia b\u0119dzie zawiera\u0142 elementy zapewniaj\u0105ce optymalne warunki fotograficzne. Planowane jest zamontowanie wydajnych lamp i urz\u0105dze\u0144 moduluj\u0105cych o\u015bwietlenie, kt\u00f3re zapewni\u0105 jednorodne \u015bwiat\u0142o padaj\u0105ce ze wszystkich stron. Dzi\u0119ki temu zniwelowane zostan\u0105 przes\u0142oni\u0119cia zwi\u0105zane zacienieniami element\u00f3w obiektu. Jednolite \u015bwiat\u0142o zmniejszy te\u017c trudno\u015bci w po\u0142\u0105czeniu zdj\u0119\u0107.<\/p><br \/>\n<p style=\"text-align: justify;\">W ramach pracy poruszone zostan\u0105 r\u00f3wnie\u017c zagadnienia zwi\u0105zane z obr\u00f3bk\u0105 danych fotograficznych. Wykorzystane b\u0119dzie oprogramowanie umo\u017cliwiaj\u0105ce wykonywanie zobrazowa\u0144 3D badanych obiekt\u00f3w. Poruszone zostanie tak\u017ce zagadnienie eksportu gotowych modeli do popularnych format\u00f3w plik\u00f3w zawieraj\u0105cych chmury punkt\u00f3w, modele tr\u00f3jwymiarowe lub rysunki CAD.<\/p><br \/>\n<p style=\"text-align: justify;\">Wykonawcami projektu s\u0105 studenci kierunku Geodezja i Kartografia nale\u017c\u0105cy do Ko\u0142a Naukowego Geodet\u00f3w Dahlta. Przewidywany potencja\u0142 dydaktyczny projektu jest bardzo du\u017cy ze wzgl\u0119du na zaanga\u017cowanie do systemu rozwi\u0105za\u0144 z wielu pokrewnych dziedzin techniki. W ramach projektu studenci zamierzaj\u0105 samodzielnie zaprojektowa\u0107 elementy konstrukcyjne platformy, po\u0142\u0105czy\u0107 je, zaprogramowa\u0107 system kontroli ruchu aparatu oraz stworzy\u0107 oprogramowanie do obr\u00f3bki uzyskanych w wyniku pomiaru materia\u0142\u00f3w fotograficznych. Planowany jest tak\u017ce szereg prelekcji i szkole\u0144 z u\u017cywania systemu i\u00a0rozwi\u0105za\u0144 w nim zastosowanych.<\/p><br \/>\n<p style=\"text-align: justify;\">Celem projektu jest dostarczenie funkcjonalnego rozwi\u0105zania do wykonywania inwentaryzacji tr\u00f3jwymiarowej obiekt\u00f3w o wysokich standardach dok\u0142adno\u015bciowych. System jest innowacyjnym narz\u0119dziem dla praktycznie nieograniczonej liczby beneficjent\u00f3w. FocusSphere pozwoli na przeprowadzanie bada\u0144 na Wydziale Geodezji G\u00f3rniczej i In\u017cynierii \u015arodowiska. Umo\u017cliwi dalsze dopracowywanie oprogramowania i\u00a0wykonywania bada\u0144 ju\u017c istniej\u0105cych rozwi\u0105za\u0144 cyfrowych. R\u00f3wnie istotne jest zastosowanie platformy przez przedsi\u0119biorstwa produkcyjne. Egzemplarz produktu z ka\u017cdej serii mo\u017ce by\u0107 przebadany pod wzgl\u0119dem zgodno\u015bci z projektem. System dostarczy szczeg\u00f3\u0142owej informacji o nawet najdrobniejszej zmianie geometrii obiektu. Ponadto ciekawe jest zastosowanie urz\u0105dzenia do wspierania archeologii lub muzealnictwa. Dziedzictwa kultury, zabytki i dzie\u0142a sztuki b\u0119dzie mo\u017cna bez przeszk\u00f3d analizowa\u0107 na ekranie komputera, pozyskuj\u0105c informacje dzi\u0119ki nieinwazyjnym metodom fotogrametrycznym. Ga\u0142\u0119ziami gospodarki, kt\u00f3re r\u00f3wnie\u017c skorzystaj\u0105 na systemie s\u0105 handel i marketing. Stosunkowo niewielki koszt urz\u0105dzenia stworzy mo\u017cliwo\u015b\u0107 wykorzystania go przez sprzedawc\u00f3w, pozwalaj\u0105c im na prezentacj\u0119 modelu 3D oferowanych produkt\u00f3w. Tym samym - mamy nadziej\u0119 - umo\u017cliwi sprzeda\u017c internetow\u0105 na wi\u0119ksz\u0105 skal\u0119 i spowoduje wzrost satysfakcji klient\u00f3w.<\/p><\/div><\/div><!-- .module_cont --><\/div><div class='gt3_row-fluid'><div style='padding-bottom:40px;' class='gt3_col3  module_number_3 module_cont  module_team'><div class='bg_title'><a href='javascript:void(0)' class='btn_carousel_left'><\/a><h4 style='color:#2f910b;' class='headInModule'>Prowadz\u0105cy projekt:<\/h4><a href='javascript:void(0)' class='btn_carousel_right'><\/a><\/div>\r\n        <div class=\"team_slider\">\r\n            <div class=\"carouselslider teamslider items1\" data-count=\"1\">\r\n            \t<div class=\"team_list\">\r\n\t\t\t\t\t<div class=\"team_item\" style=\"width:100%\">\r\n\t\t\t\t\t\t<div class=\"item_wrapper\">\r\n\t\t\t\t\t\t\t<div class=\"item\">\r\n\t\t\t\t\t\t\t\t<div class=\"img_block\"><img decoding=\"async\" src=\"https:\/\/www.kng.agh.edu.pl\/kng\/wp-content\/uploads\/noname-840x622.jpg\" alt=\"Witold Niewiem\" \/>\r\n\t\t\t\t\t\t\t\t<\/div>\r\n\t\t\t\t\t\t\t\t<div class=\"carousel_body\">\r\n\t\t\t\t\t\t\t\t\t<div class=\"carousel_title\">Witold Niewiem<\/div>\r\n\t\t\t\t\t\t\t\t\t<div class=\"op\"><\/div>\r\n\t\t\t\t\t\t\t\t\t\r\n\t\t\t\t\t\t\t\t\t<div class=\"carousel_desc\">\r\n\t\t\t\t\t\t\t\t\t\t<div class=\"exc\"><\/div>\r\n                                    <\/div>\r\n\t\t\t\t\t\t\t\t\t<div class=\"smallproflinks\">\r\n\t\t\t\t\t\t\t\t\t\t<div class=\"team_icons_wrapper\">   \t\t<\/div>\r\n\t\t\t\t\t\t\t\t\t<\/div>\r\n\t\t\t\t\t\t\t\t\t\r\n\t\t\t\t\t\t\t\t<\/div>\r\n\t\t\t\t\t\t\t<\/div>\r\n\t\t\t\t\t\t<\/div>\r\n                    <\/div><!-- .team_item -->\r\n\t\t\t\t<\/div>\r\n             <\/div>\r\n             <div class=\"clear\"><\/div>\r\n        <\/div>  \r\n        <div class=\"clear\"><\/div><\/div><!-- .module_cont --><div style='padding-bottom:40px;' class='gt3_col3  module_number_4 module_cont  module_team'><div class='bg_title'><a href='javascript:void(0)' class='btn_carousel_left'><\/a><h4 style='color:#2f910b;' class='headInModule'>Opiekun naukowy:<\/h4><a href='javascript:void(0)' class='btn_carousel_right'><\/a><\/div>\r\n        <div class=\"team_slider\">\r\n            <div class=\"carouselslider teamslider items1\" data-count=\"1\">\r\n            \t<div class=\"team_list\">\r\n\t\t\t\t\t<div class=\"team_item\" style=\"width:100%\">\r\n\t\t\t\t\t\t<div class=\"item_wrapper\">\r\n\t\t\t\t\t\t\t<div class=\"item\">\r\n\t\t\t\t\t\t\t\t<div class=\"img_block\"><img decoding=\"async\" src=\"https:\/\/www.kng.agh.edu.pl\/kng\/wp-content\/uploads\/noname-840x622.jpg\" alt=\"dr in\u017c. Jakub Kolecki\" \/>\r\n\t\t\t\t\t\t\t\t<\/div>\r\n\t\t\t\t\t\t\t\t<div class=\"carousel_body\">\r\n\t\t\t\t\t\t\t\t\t<div class=\"carousel_title\">dr in\u017c. Jakub Kolecki<\/div>\r\n\t\t\t\t\t\t\t\t\t<div class=\"op\"><\/div>\r\n\t\t\t\t\t\t\t\t\t\r\n\t\t\t\t\t\t\t\t\t<div class=\"carousel_desc\">\r\n\t\t\t\t\t\t\t\t\t\t<div class=\"exc\"><\/div>\r\n                                    <\/div>\r\n\t\t\t\t\t\t\t\t\t<div class=\"smallproflinks\">\r\n\t\t\t\t\t\t\t\t\t\t<div class=\"team_icons_wrapper\">   \t\t<\/div>\r\n\t\t\t\t\t\t\t\t\t<\/div>\r\n\t\t\t\t\t\t\t\t\t\r\n\t\t\t\t\t\t\t\t<\/div>\r\n\t\t\t\t\t\t\t<\/div>\r\n\t\t\t\t\t\t<\/div>\r\n                    <\/div><!-- .team_item -->\r\n\t\t\t\t<\/div>\r\n             <\/div>\r\n             <div class=\"clear\"><\/div>\r\n        <\/div>  \r\n        <div class=\"clear\"><\/div><\/div><!-- .module_cont --><div style='padding-bottom:40px;' class='gt3_col6  module_number_5 module_cont  module_google_map'><div class='bg_title'><h4 style='color:#2f910b;' class='headInModule'>Gdzie?<\/h4><\/div>\n                <div class='module_content'>\n                    <div class=''>\n                        <iframe loading=\"lazy\" src=\"https:\/\/www.google.com\/maps\/embed?pb=!1m14!1m12!1m3!1d1595.5240078016282!2d19.920343013476!3d50.06564136974316!2m3!1f0!2f0!3f0!3m2!1i1024!2i768!4f13.1!5e1!3m2!1spl!2spl!4v1460886622176\" width=\"600\" height=\"450\" frameborder=\"0\" style=\"border:0\" allowfullscreen><\/iframe>\n                    <\/div>\n                <\/div><\/div><!-- .module_cont --><\/div><div class='gt3_row-fluid'><div style='padding-bottom:40px;' class='gt3_col6  module_number_6 module_cont  module_html'><div class='bg_title'><h2 style='color:#2f910b;' class='headInModule'>Lista uczestnik\u00f3w:<\/h2><\/div>\n                <div class='module_content'>\n                    <p>\n<table id=\"tablepress-17\" class=\"tablepress tablepress-id-17\">\n<thead>\n<tr class=\"row-1\">\n\t<th class=\"column-1\">Nazwisko<\/th><th class=\"column-2\">Imi\u0119<\/th><th class=\"column-3\">Rola<\/th>\n<\/tr>\n<\/thead>\n<tbody class=\"row-striping row-hover\">\n<tr class=\"row-2\">\n\t<td class=\"column-1\">Chmiel<\/td><td class=\"column-2\">Wojciech<\/td><td class=\"column-3\">Opracowanie<\/td>\n<\/tr>\n<tr class=\"row-3\">\n\t<td class=\"column-1\">Faltyn<\/td><td class=\"column-2\">Artur<\/td><td class=\"column-3\">Opracowanie<\/td>\n<\/tr>\n<tr class=\"row-4\">\n\t<td class=\"column-1\">Niewiem<\/td><td class=\"column-2\">Witold<\/td><td class=\"column-3\">Opracowanie<\/td>\n<\/tr>\n<tr class=\"row-5\">\n\t<td class=\"column-1\">Rudnicki<\/td><td class=\"column-2\">Robert<\/td><td class=\"column-3\">Opracowanie<\/td>\n<\/tr>\n<tr class=\"row-6\">\n\t<td class=\"column-1\">Stelmach<\/td><td class=\"column-2\">Szymon<\/td><td class=\"column-3\">Opracowanie<\/td>\n<\/tr>\n<tr class=\"row-7\">\n\t<td class=\"column-1\">Sukta<\/td><td class=\"column-2\">Arkadiusz<\/td><td class=\"column-3\">Opracowanie<\/td>\n<\/tr>\n<tr class=\"row-8\">\n\t<td class=\"column-1\">Wandzich<\/td><td class=\"column-2\">\u0141ukasz<\/td><td class=\"column-3\">Opracowanie<\/td>\n<\/tr>\n<tr class=\"row-9\">\n\t<td class=\"column-1\">Widuch<\/td><td class=\"column-2\">Kacper<\/td><td class=\"column-3\">Opracowanie<\/td>\n<\/tr>\n<tr class=\"row-10\">\n\t<td class=\"column-1\">Wi\u0105cek<\/td><td class=\"column-2\">Pawe\u0142<\/td><td class=\"column-3\">Opracowanie<\/td>\n<\/tr>\n<\/tbody>\n<\/table>\n<!-- #tablepress-17 from cache --><\/p>\n                <\/div><\/div><!-- .module_cont --><div style='padding-bottom:40px;' class='gt3_col6  module_number_7 module_cont  module_html'><div class='bg_title'><h2 style='color:#2f910b;' class='headInModule'>Osi\u0105gni\u0119cia:<\/h2><\/div>\n                <div class='module_content'>\n                    \n                <\/div><\/div><!-- .module_cont --><\/div><div class='gt3_row-fluid'><div style='padding-bottom:40px;' class='gt3_col3  module_number_8 module_cont  module_counter'><div class='bg_title'><h2 style='color:#2f910b;' class='headInModule'>Koszt organizacji:<\/h2><\/div>\t\t\n\t\t\t<div class='module_content shortcode_counter'>\n\t\t\t\t<div class='counter_wrapper'>\n\t\t\t\t\t<div class='counter_ico_wrapper'>\n\t\t\t\t\t\t<span class='ico'><i class=icon-share-square-o><\/i><\/span>\t\t\t\t\t\t\n\t\t\t\t\t<\/div>\n\t\t\t\t\t<div class='counter_content'>\n\t\t\t\t\t\t<div class='counter_body'>\n\t\t\t\t\t\t\t<span class='counter_title'>PLN<\/span>\n\t\t\t\t\t\t\t<span class='stat_count' data-count='7150'>0<\/span>\n\t\t\t\t\t\t\t<div class='stat_temp'><\/div>\n\t\t\t\t\t\t<\/div>\n\t\t\t\t\t<\/div>\n\t\t\t\t<\/div>\n\t\t\t<\/div>\n\t\t\t\n\t\t\t<script>\n\t\t\t\tjQuery(document).ready(function($) {\n\t\t\t\t\tif (jQuery(window).width() > 760) {\t\t\t\t\t\t\n\t\t\t\t\t\tjQuery('.shortcode_counter').each(function(){\t\t\t\t\t\t\t\n\t\t\t\t\t\t\tif (jQuery(this).offset().top < jQuery(window).height()) {\n\t\t\t\t\t\t\t\tif (!jQuery(this).hasClass('done')) {\n\t\t\t\t\t\t\t\t\tvar set_count = jQuery(this).find('.stat_count').attr('data-count');\n\t\t\t\t\t\t\t\t\tjQuery(this).find('.stat_temp').stop().animate({width: set_count}, {duration: 3000, step: function(now) {\n\t\t\t\t\t\t\t\t\t\t\tvar data = Math.floor(now);\n\t\t\t\t\t\t\t\t\t\t\tjQuery(this).parents('.counter_wrapper').find('.stat_count').html(data);\n\t\t\t\t\t\t\t\t\t\t}\n\t\t\t\t\t\t\t\t\t});\t\n\t\t\t\t\t\t\t\t\tjQuery(this).addClass('done');\n\t\t\t\t\t\t\t\t\tjQuery(this).find('.stat_count');\n\t\t\t\t\t\t\t\t}\t\t\t\t\t\t\t\n\t\t\t\t\t\t\t} else {\n\t\t\t\t\t\t\t\tjQuery(this).waypoint(function(){\n\t\t\t\t\t\t\t\t\tif (!jQuery(this).hasClass('done')) {\n\t\t\t\t\t\t\t\t\t\tvar set_count = jQuery(this).find('.stat_count').attr('data-count');\n\t\t\t\t\t\t\t\t\t\tjQuery(this).find('.stat_temp').stop().animate({width: set_count}, {duration: 3000, step: function(now) {\n\t\t\t\t\t\t\t\t\t\t\t\tvar data = Math.floor(now);\n\t\t\t\t\t\t\t\t\t\t\t\tjQuery(this).parents('.counter_wrapper').find('.stat_count').html(data);\n\t\t\t\t\t\t\t\t\t\t\t}\n\t\t\t\t\t\t\t\t\t\t});\t\n\t\t\t\t\t\t\t\t\t\tjQuery(this).addClass('done');\n\t\t\t\t\t\t\t\t\t\tjQuery(this).find('.stat_count');\n\t\t\t\t\t\t\t\t\t}\n\t\t\t\t\t\t\t\t},{offset: 'bottom-in-view'});\t\t\t\t\t\t\t\t\n\t\t\t\t\t\t\t}\t\t\t\t\t\t\t\t\t\t\t\t\t\t\n\t\t\t\t\t\t});\n\t\t\t\t\t} else {\n\t\t\t\t\t\tjQuery('.shortcode_counter').each(function(){\t\t\t\t\t\t\t\n\t\t\t\t\t\t\tvar set_count = jQuery(this).find('.stat_count').attr('data-count');\n\t\t\t\t\t\t\tjQuery(this).find('.stat_temp').animate({width: set_count}, {duration: 3000, step: function(now) {\n\t\t\t\t\t\t\t\t\tvar data = Math.floor(now);\n\t\t\t\t\t\t\t\t\tjQuery(this).parents('.counter_wrapper').find('.stat_count').html(data);\n\t\t\t\t\t\t\t\t}\n\t\t\t\t\t\t\t});\n\t\t\t\t\t\t\tjQuery(this).find('.stat_count');\n\t\t\t\t\t\t},{offset: 'bottom-in-view'});\t\n\t\t\t\t\t}\n\t\t\t\t});\n\t\t\t<\/script>\n\t\t\t<\/div><!-- .module_cont --><div style='padding-bottom:40px;' class='gt3_col9  module_number_9 module_cont  module_partners'><div class='bg_title'><h2 style='color:#2f910f;' class='headInModule'>Sponsorzy:<\/h2><\/div><div class=\"module_content sponsors_works\"><div class=\"parnters_list\">\r\n                <div class=\"partners_item\" style=\"width:16.666666666667%\">\r\n\t\t\t\t\t<div class=\"item_wrapper\">\r\n\t\t\t\t\t\t<div class=\"item\">\r\n\t\t\t\t\t\t\t<img loading=\"lazy\" decoding=\"async\" width=\"170\" height=\"60\" src=\"https:\/\/www.kng.agh.edu.pl\/kng\/wp-content\/uploads\/ludzie.jpg\" alt=\"Koszt pokryty przez uczestnik\u00f3w projektu\" title=\"Koszt pokryty przez uczestnik\u00f3w projektu\" \/>\r\n\t\t\t\t\t\t<\/div>\r\n\t\t\t\t\t<\/div>\r\n                <\/div>\r\n\r\n            \r\n                <div class=\"partners_item\" style=\"width:16.666666666667%\">\r\n\t\t\t\t\t<div class=\"item_wrapper\">\r\n\t\t\t\t\t\t<div class=\"item\">\r\n\t\t\t\t\t\t\t<img loading=\"lazy\" decoding=\"async\" width=\"170\" height=\"60\" src=\"https:\/\/www.kng.agh.edu.pl\/kng\/wp-content\/uploads\/agh.jpg\" alt=\"Grant Rektorski AGH\" title=\"Grant Rektorski AGH\" \/>\r\n\t\t\t\t\t\t<\/div>\r\n\t\t\t\t\t<\/div>\r\n                <\/div>\r\n\r\n            \r\n                <div class=\"partners_item\" style=\"width:16.666666666667%\">\r\n\t\t\t\t\t<div class=\"item_wrapper\">\r\n\t\t\t\t\t\t<div class=\"item\">\r\n\t\t\t\t\t\t\t<img loading=\"lazy\" decoding=\"async\" width=\"170\" height=\"60\" src=\"https:\/\/www.kng.agh.edu.pl\/kng\/wp-content\/uploads\/wggiis.jpg\" alt=\"WGGiI\u015a AGH\" title=\"WGGiI\u015a AGH\" \/>\r\n\t\t\t\t\t\t<\/div>\r\n\t\t\t\t\t<\/div>\r\n                <\/div>\r\n\r\n            <\/div><\/div><\/div><!-- .module_cont --><\/div>","protected":false},"excerpt":{"rendered":"","protected":false},"author":21,"featured_media":0,"parent":0,"menu_order":0,"comment_status":"closed","ping_status":"closed","template":"","meta":{"footnotes":"","_links_to":"","_links_to_target":""},"categories":[87,89,76],"tags":[],"class_list":{"0":"post-3230","1":"page","2":"type-page","3":"status-publish","5":"category-87","6":"category-89","7":"category-proj","8":"czr-hentry"},"_links":{"self":[{"href":"https:\/\/www.kng.agh.edu.pl\/kng\/wp-json\/wp\/v2\/pages\/3230","targetHints":{"allow":["GET"]}}],"collection":[{"href":"https:\/\/www.kng.agh.edu.pl\/kng\/wp-json\/wp\/v2\/pages"}],"about":[{"href":"https:\/\/www.kng.agh.edu.pl\/kng\/wp-json\/wp\/v2\/types\/page"}],"author":[{"embeddable":true,"href":"https:\/\/www.kng.agh.edu.pl\/kng\/wp-json\/wp\/v2\/users\/21"}],"replies":[{"embeddable":true,"href":"https:\/\/www.kng.agh.edu.pl\/kng\/wp-json\/wp\/v2\/comments?post=3230"}],"version-history":[{"count":4,"href":"https:\/\/www.kng.agh.edu.pl\/kng\/wp-json\/wp\/v2\/pages\/3230\/revisions"}],"predecessor-version":[{"id":3258,"href":"https:\/\/www.kng.agh.edu.pl\/kng\/wp-json\/wp\/v2\/pages\/3230\/revisions\/3258"}],"wp:attachment":[{"href":"https:\/\/www.kng.agh.edu.pl\/kng\/wp-json\/wp\/v2\/media?parent=3230"}],"wp:term":[{"taxonomy":"category","embeddable":true,"href":"https:\/\/www.kng.agh.edu.pl\/kng\/wp-json\/wp\/v2\/categories?post=3230"},{"taxonomy":"post_tag","embeddable":true,"href":"https:\/\/www.kng.agh.edu.pl\/kng\/wp-json\/wp\/v2\/tags?post=3230"}],"curies":[{"name":"wp","href":"https:\/\/api.w.org\/{rel}","templated":true}]}}