{"id":3631,"date":"2022-11-30T16:06:52","date_gmt":"2022-11-30T15:06:52","guid":{"rendered":"http:\/\/www.kng.agh.edu.pl\/kng\/?page_id=3631"},"modified":"2022-12-31T15:54:28","modified_gmt":"2022-12-31T14:54:28","slug":"vii-forum-uni-biznes-gps","status":"publish","type":"page","link":"https:\/\/www.kng.agh.edu.pl\/kng\/vii-forum-uni-biznes-gps\/","title":{"rendered":"Zapowied\u017a VII Forum Uni-Biznes GPS"},"content":{"rendered":"<p><img loading=\"lazy\" decoding=\"async\" class=\"alignnone wp-image-3632 aligncenter\" src=\"http:\/\/www.kng.agh.edu.pl\/kng\/wp-content\/uploads\/logo_GPS-300x290.png\" alt=\"logo_GPS\" width=\"263\" height=\"254\" srcset=\"https:\/\/www.kng.agh.edu.pl\/kng\/wp-content\/uploads\/logo_GPS-300x290.png 300w, https:\/\/www.kng.agh.edu.pl\/kng\/wp-content\/uploads\/logo_GPS-1024x991.png 1024w, https:\/\/www.kng.agh.edu.pl\/kng\/wp-content\/uploads\/logo_GPS-400x387.png 400w, https:\/\/www.kng.agh.edu.pl\/kng\/wp-content\/uploads\/logo_GPS.png 1269w\" sizes=\"auto, (max-width: 263px) 100vw, 263px\" \/><\/p>\n<p><strong>VII Forum Uni \u2013 Biznes Geodezja Przedsi\u0119biorcy Studenci odb\u0119dzie si\u0119 ju\u017c 9.12.2022 r.<\/strong> na Wydziale Geodezji G\u00f3rniczej i In\u017cynierii \u015arodowiska Akademii G\u00f3rniczo-Hutniczej im. Stanis\u0142awa Staszica w Krakowie w Sali 301 o godzinie 9:45. Konferencja ma na celu przede wszystkim wzmocnienie integracji mi\u0119dzy studentami z r\u00f3\u017cnych k\u00f3\u0142 naukowych z przedstawicielami firm geodezyjnych dzia\u0142aj\u0105cych na polskim, a tak\u017ce zagranicznym rynku geodezyjnym i geoinformatycznym. Forum niezmiennie sk\u0142ada si\u0119 z trzech cz\u0119\u015bci: sesji referatowej, sesji prezentacyjnej oraz panelu dyskusyjnego. W tym dniu studenci zaprezentuj\u0105 wyniki swoich prac i zrealizowanych projekt\u00f3w, natomiast przedsi\u0119biorcy mog\u0105 przedstawi\u0107 dzia\u0142alno\u015b\u0107 swoich firm oraz skonkretyzowa\u0107 swoje oczekiwania wobec przysz\u0142ych pracownik\u00f3w. Harmonogram wyst\u0105pie\u0144 dost\u0119pny b\u0119dzie ju\u017c nied\u0142ugo.<\/p>\n<p>Cieszymy si\u0119, \u017ce w tym roku mo\u017cemy zorganizowa\u0107 kolejne Forum GPS na naszym wydziale i wymieni\u0107 si\u0119 swoimi do\u015bwiadczeniami zar\u00f3wno z naszymi r\u00f3wie\u015bnikami, jak i zaproszonymi go\u015b\u0107mi.<\/p>\n<p><strong>Ponadto w tym roku chcieliby\u015bmy podzi\u0119kowa\u0107 Dziekanowi wydzia\u0142u WGGiI\u015a oraz JM Rektorowi AGH za obj\u0119cie patronatu honorowego nad naszym wydarzeniem!<\/strong><\/p>\n<p class=\"alignnone\"><a href=\"https:\/\/geod.agh.edu.pl\/index.php?lang=pl\" target=\"_blank\"><img loading=\"lazy\" decoding=\"async\" class=\"aligncenter\" src=\"https:\/\/encrypted-tbn0.gstatic.com\/images?q=tbn:ANd9GcRkzFQnoYnLC-RrMu-HAyxPHGSA1OkJDqRf12MocJ8kDIP4yKyZsnYdE7hN_T5EW-nJyQ&amp;usqp=CAU\" alt=\"Studium GIS AGH\" width=\"63\" height=\"97\" \/><\/a><img loading=\"lazy\" decoding=\"async\" class=\"aligncenter\" src=\"https:\/\/www.agh.edu.pl\/home\/ckim\/multimedia\/znak_graficzny\/znak_bez_nazwy\/agh_znk_wbr_rgb_150ppi.jpg\" alt=\"Znak graficzny \u2013 pliki do pobrania -- Serwis Akademii G\u00f3rniczo-Hutniczej\" width=\"64\" height=\"101\" \/><\/p>\n<p>Dodatkowo nasze wydarzenie zosta\u0142o obj\u0119te patronatem \u015al\u0105skiego Wojew\u00f3dzkiego Inspektora Nadzoru Geodezyjnego i Kartograficznego w Katowicach<\/p>\n<p><a href=\"https:\/\/wingik.slask.eu\/index.php\" target=\"_blank\"><img loading=\"lazy\" decoding=\"async\" class=\"aligncenter wp-image-3671 size-full\" src=\"http:\/\/www.kng.agh.edu.pl\/kng\/wp-content\/uploads\/logo-m.png\" alt=\"wingik_Katowice\" width=\"79\" height=\"79\" \/><\/a><\/p>\n<p>Zapraszamy do obserwowania naszej <a href=\"https:\/\/www.facebook.com\/KNGDahlta\">strony na Facebooku KNG Dahlta<\/a>, gdzie podamy wi\u0119cej informacji o zbli\u017caj\u0105cym si\u0119 VII Forum GPS, a tak\u017ce zach\u0119camy do odwiedzenia <a href=\"https:\/\/www.facebook.com\/events\/649435873345741\/\">strony wydarzenia<\/a> i wzi\u0119cia udzia\u0142u!<\/p>\n<div class='gt3_row-fluid'><div style='padding-bottom:10px;' class='gt3_col12 first-module module_number_1 module_cont  module_partners'><div class='bg_title'><h4 style='color:#00693c;' class='headInModule'>W tym roku wspieraj\u0105 nas:<\/h4><\/div><div class=\"module_content sponsors_works\"><div class=\"parnters_list\">\r\n                <div class=\"partners_item\" style=\"width:25%\">\r\n\t\t\t\t\t<div class=\"item_wrapper\">\r\n\t\t\t\t\t\t<div class=\"item\">\r\n\t\t\t\t\t\t\t<a href='http:\/\/www.czerski.com\/' target='_blank'><img loading=\"lazy\" decoding=\"async\" width=\"170\" height=\"60\" src=\"https:\/\/www.kng.agh.edu.pl\/kng\/wp-content\/uploads\/316873969_1142045533092070_1681166784858844786_n.jpg\" alt=\"Czerski Trade Polska Sp. z o.o.\" title=\"Czerski Trade Polska Sp. z o.o.\" \/><\/a>\r\n\t\t\t\t\t\t<\/div>\r\n\t\t\t\t\t<\/div>\r\n                <\/div>\r\n\r\n            \r\n                <div class=\"partners_item\" style=\"width:25%\">\r\n\t\t\t\t\t<div class=\"item_wrapper\">\r\n\t\t\t\t\t\t<div class=\"item\">\r\n\t\t\t\t\t\t\t<a href='https:\/\/www.verisk.com\/' target='_blank'><img loading=\"lazy\" decoding=\"async\" width=\"170\" height=\"60\" src=\"https:\/\/www.kng.agh.edu.pl\/kng\/wp-content\/uploads\/317639589_867314584293488_8815263656674100326_n.gif\" alt=\"Verisk\" title=\"Verisk\" \/><\/a>\r\n\t\t\t\t\t\t<\/div>\r\n\t\t\t\t\t<\/div>\r\n                <\/div>\r\n\r\n            \r\n                <div class=\"partners_item\" style=\"width:25%\">\r\n\t\t\t\t\t<div class=\"item_wrapper\">\r\n\t\t\t\t\t\t<div class=\"item\">\r\n\t\t\t\t\t\t\t<a href='https:\/\/www.openstreetmap.org\/' target='_blank'><img loading=\"lazy\" decoding=\"async\" width=\"170\" height=\"60\" src=\"https:\/\/www.kng.agh.edu.pl\/kng\/wp-content\/uploads\/275481349_383539810284703_512383876102127659_n.png\" alt=\"OpenStreerMap\" title=\"OpenStreerMap\" \/><\/a>\r\n\t\t\t\t\t\t<\/div>\r\n\t\t\t\t\t<\/div>\r\n                <\/div>\r\n\r\n            \r\n                <div class=\"partners_item\" style=\"width:25%\">\r\n\t\t\t\t\t<div class=\"item_wrapper\">\r\n\t\t\t\t\t\t<div class=\"item\">\r\n\t\t\t\t\t\t\t<a href='https:\/\/www.capnor.com\/' target='_blank'><img loading=\"lazy\" decoding=\"async\" width=\"170\" height=\"60\" src=\"https:\/\/www.kng.agh.edu.pl\/kng\/wp-content\/uploads\/317266416_1127348037966218_4748784364351393724_n.png\" alt=\"Capnor\" title=\"Capnor\" \/><\/a>\r\n\t\t\t\t\t\t<\/div>\r\n\t\t\t\t\t<\/div>\r\n                <\/div>\r\n\r\n            \r\n                <div class=\"partners_item\" style=\"width:25%\">\r\n\t\t\t\t\t<div class=\"item_wrapper\">\r\n\t\t\t\t\t\t<div class=\"item\">\r\n\t\t\t\t\t\t\t<a href='https:\/\/www.esri.pl\/' target='_blank'><img loading=\"lazy\" decoding=\"async\" width=\"170\" height=\"60\" src=\"https:\/\/www.kng.agh.edu.pl\/kng\/wp-content\/uploads\/317475890_664034821831362_2623653652629993439_n.jpg\" alt=\"ESRI Polska\" title=\"ESRI Polska\" \/><\/a>\r\n\t\t\t\t\t\t<\/div>\r\n\t\t\t\t\t<\/div>\r\n                <\/div>\r\n\r\n            \r\n                <div class=\"partners_item\" style=\"width:25%\">\r\n\t\t\t\t\t<div class=\"item_wrapper\">\r\n\t\t\t\t\t\t<div class=\"item\">\r\n\t\t\t\t\t\t\t<a href='https:\/\/www.3deling.pl\/' target='_blank'><img loading=\"lazy\" decoding=\"async\" width=\"170\" height=\"60\" src=\"https:\/\/www.kng.agh.edu.pl\/kng\/wp-content\/uploads\/3deling.jpg\" alt=\"3Deling\" title=\"3Deling\" \/><\/a>\r\n\t\t\t\t\t\t<\/div>\r\n\t\t\t\t\t<\/div>\r\n                <\/div>\r\n\r\n            \r\n                <div class=\"partners_item\" style=\"width:25%\">\r\n\t\t\t\t\t<div class=\"item_wrapper\">\r\n\t\t\t\t\t\t<div class=\"item\">\r\n\t\t\t\t\t\t\t<img loading=\"lazy\" decoding=\"async\" width=\"170\" height=\"60\" src=\"https:\/\/www.kng.agh.edu.pl\/kng\/wp-content\/uploads\/316845564_471237258481509_5885751086348524682_n.png\" alt=\"Stowarzyszenie Naukowe im. Stanis\u0142awa Staszica Krak\u00f3w\" title=\"Stowarzyszenie Naukowe im. Stanis\u0142awa Staszica Krak\u00f3w\" \/>\r\n\t\t\t\t\t\t<\/div>\r\n\t\t\t\t\t<\/div>\r\n                <\/div>\r\n\r\n            \r\n                <div class=\"partners_item\" style=\"width:25%\">\r\n\t\t\t\t\t<div class=\"item_wrapper\">\r\n\t\t\t\t\t\t<div class=\"item\">\r\n\t\t\t\t\t\t\t<a href='https:\/\/www.apogeo.pl\/' target='_blank'><img loading=\"lazy\" decoding=\"async\" width=\"170\" height=\"60\" src=\"https:\/\/www.kng.agh.edu.pl\/kng\/wp-content\/uploads\/Zrzut-ekranu-2022-11-30-151728.png\" alt=\"Apogeo\" title=\"Apogeo\" \/><\/a>\r\n\t\t\t\t\t\t<\/div>\r\n\t\t\t\t\t<\/div>\r\n                <\/div>\r\n\r\n            \r\n                <div class=\"partners_item\" style=\"width:25%\">\r\n\t\t\t\t\t<div class=\"item_wrapper\">\r\n\t\t\t\t\t\t<div class=\"item\">\r\n\t\t\t\t\t\t\t<a href='http:\/\/www.tpi.com.pl\/' target='_blank'><img loading=\"lazy\" decoding=\"async\" width=\"170\" height=\"60\" src=\"https:\/\/www.kng.agh.edu.pl\/kng\/wp-content\/uploads\/tpi.jpg\" alt=\"TPI Rozwi\u0105zania Pomiarowe\" title=\"TPI Rozwi\u0105zania Pomiarowe\" \/><\/a>\r\n\t\t\t\t\t\t<\/div>\r\n\t\t\t\t\t<\/div>\r\n                <\/div>\r\n\r\n            <\/div><\/div><\/div><!-- .module_cont --><\/div><div class='gt3_row-fluid'><div style='padding-bottom:10px;' class='gt3_col12  module_number_2 module_cont  module_partners'><div class='bg_title'><h4 style='' class='headInModule'>Ko\u0142a Naukowe:<\/h4><\/div><div class=\"module_content sponsors_works\"><div class=\"parnters_list\">\r\n                <div class=\"partners_item\" style=\"width:16.666666666667%\">\r\n\t\t\t\t\t<div class=\"item_wrapper\">\r\n\t\t\t\t\t\t<div class=\"item\">\r\n\t\t\t\t\t\t\t<a href='https:\/\/www.facebook.com\/knhm.ams' target='_blank'><img loading=\"lazy\" decoding=\"async\" width=\"170\" height=\"60\" src=\"https:\/\/www.kng.agh.edu.pl\/kng\/wp-content\/uploads\/317016777_700742654653191_2127984601199813167_n.jpg\" alt=\"Ko\u0142o Naukowe Hydrografii Morskiej PM Szczecin\" title=\"Ko\u0142o Naukowe Hydrografii Morskiej PM Szczecin\" \/><\/a>\r\n\t\t\t\t\t\t<\/div>\r\n\t\t\t\t\t<\/div>\r\n                <\/div>\r\n\r\n            \r\n                <div class=\"partners_item\" style=\"width:16.666666666667%\">\r\n\t\t\t\t\t<div class=\"item_wrapper\">\r\n\t\t\t\t\t\t<div class=\"item\">\r\n\t\t\t\t\t\t\t<a href='https:\/\/www.facebook.com\/kngkmetiri' target='_blank'><img loading=\"lazy\" decoding=\"async\" width=\"170\" height=\"60\" src=\"https:\/\/www.kng.agh.edu.pl\/kng\/wp-content\/uploads\/317346920_800767907686193_4536229772441637836_n.png\" alt=\"KNGiK Metiri\" title=\"KNGiK Metiri\" \/><\/a>\r\n\t\t\t\t\t\t<\/div>\r\n\t\t\t\t\t<\/div>\r\n                <\/div>\r\n\r\n            \r\n                <div class=\"partners_item\" style=\"width:16.666666666667%\">\r\n\t\t\t\t\t<div class=\"item_wrapper\">\r\n\t\t\t\t\t\t<div class=\"item\">\r\n\t\t\t\t\t\t\t<a href='https:\/\/www.facebook.com\/KoloNaukoweGLOB\/' target='_blank'><img loading=\"lazy\" decoding=\"async\" width=\"170\" height=\"60\" src=\"https:\/\/www.kng.agh.edu.pl\/kng\/wp-content\/uploads\/316666148_1212439076298112_1649416586754552506_n.png\" alt=\"KN Geodet\u00f3w GLOB\" title=\"KN Geodet\u00f3w GLOB\" \/><\/a>\r\n\t\t\t\t\t\t<\/div>\r\n\t\t\t\t\t<\/div>\r\n                <\/div>\r\n\r\n            \r\n                <div class=\"partners_item\" style=\"width:16.666666666667%\">\r\n\t\t\t\t\t<div class=\"item_wrapper\">\r\n\t\t\t\t\t\t<div class=\"item\">\r\n\t\t\t\t\t\t\t<a href='https:\/\/www.facebook.com\/SKNGeodetow\/' target='_blank'><img loading=\"lazy\" decoding=\"async\" width=\"170\" height=\"60\" src=\"https:\/\/www.kng.agh.edu.pl\/kng\/wp-content\/uploads\/251241948_1497591727273266_9126891483933204212_n.jpg\" alt=\"SKN Geodet\u00f3w UPWr\" title=\"SKN Geodet\u00f3w UPWr\" \/><\/a>\r\n\t\t\t\t\t\t<\/div>\r\n\t\t\t\t\t<\/div>\r\n                <\/div>\r\n\r\n            \r\n                <div class=\"partners_item\" style=\"width:16.666666666667%\">\r\n\t\t\t\t\t<div class=\"item_wrapper\">\r\n\t\t\t\t\t\t<div class=\"item\">\r\n\t\t\t\t\t\t\t<a href='https:\/\/www.facebook.com\/KNGKAGH' target='_blank'><img loading=\"lazy\" decoding=\"async\" width=\"170\" height=\"60\" src=\"https:\/\/www.kng.agh.edu.pl\/kng\/wp-content\/uploads\/kngk.jpg\" alt=\"KNGK Geoinformatyka\" title=\"KNGK Geoinformatyka\" \/><\/a>\r\n\t\t\t\t\t\t<\/div>\r\n\t\t\t\t\t<\/div>\r\n                <\/div>\r\n\r\n            \r\n                <div class=\"partners_item\" style=\"width:16.666666666667%\">\r\n\t\t\t\t\t<div class=\"item_wrapper\">\r\n\t\t\t\t\t\t<div class=\"item\">\r\n\t\t\t\t\t\t\t<a href='https:\/\/www.facebook.com\/KNGDahlta' target='_blank'><img loading=\"lazy\" decoding=\"async\" width=\"170\" height=\"60\" src=\"https:\/\/www.kng.agh.edu.pl\/kng\/wp-content\/uploads\/kng.jpg\" alt=\"KNG Dahlta\" title=\"KNG Dahlta\" \/><\/a>\r\n\t\t\t\t\t\t<\/div>\r\n\t\t\t\t\t<\/div>\r\n                <\/div>\r\n\r\n            <\/div><\/div><\/div><!-- .module_cont --><\/div><div class='gt3_row-fluid'><div style='padding-bottom:10px;' class='gt3_col12  module_number_3 module_cont  module_partners'><div class='bg_title'><h4 style='color:#a71931;' class='headInModule'>Patroni medialni:<\/h4><\/div><div class=\"module_content sponsors_works\"><div class=\"parnters_list\">\r\n                <div class=\"partners_item\" style=\"width:33.333333333333%\">\r\n\t\t\t\t\t<div class=\"item_wrapper\">\r\n\t\t\t\t\t\t<div class=\"item\">\r\n\t\t\t\t\t\t\t<a href='https:\/\/radio17.pl\/' target='_blank'><img loading=\"lazy\" decoding=\"async\" width=\"170\" height=\"60\" src=\"https:\/\/www.kng.agh.edu.pl\/kng\/wp-content\/uploads\/radio17.png\" alt=\"Radio 1.7\" title=\"Radio 1.7\" \/><\/a>\r\n\t\t\t\t\t\t<\/div>\r\n\t\t\t\t\t<\/div>\r\n                <\/div>\r\n\r\n            \r\n                <div class=\"partners_item\" style=\"width:33.333333333333%\">\r\n\t\t\t\t\t<div class=\"item_wrapper\">\r\n\t\t\t\t\t\t<div class=\"item\">\r\n\t\t\t\t\t\t\t<a href='https:\/\/www.studentnews.pl\/' target='_blank'><img loading=\"lazy\" decoding=\"async\" width=\"170\" height=\"60\" src=\"https:\/\/www.kng.agh.edu.pl\/kng\/wp-content\/uploads\/316448530_853243545919747_462579300348556668_n.png\" alt=\"Grupa StudentNews\" title=\"Grupa StudentNews\" \/><\/a>\r\n\t\t\t\t\t\t<\/div>\r\n\t\t\t\t\t<\/div>\r\n                <\/div>\r\n\r\n            \r\n                <div class=\"partners_item\" style=\"width:33.333333333333%\">\r\n\t\t\t\t\t<div class=\"item_wrapper\">\r\n\t\t\t\t\t\t<div class=\"item\">\r\n\t\t\t\t\t\t\t<a href='https:\/\/geoforum.pl\/' target='_blank'><img loading=\"lazy\" decoding=\"async\" width=\"170\" height=\"60\" src=\"https:\/\/www.kng.agh.edu.pl\/kng\/wp-content\/uploads\/315118816_658378055743522_7915578391004419408_n.jpg\" alt=\"Geodeta GEOFORUM\" title=\"Geodeta GEOFORUM\" \/><\/a>\r\n\t\t\t\t\t\t<\/div>\r\n\t\t\t\t\t<\/div>\r\n                <\/div>\r\n\r\n            \r\n                <div class=\"partners_item\" style=\"width:33.333333333333%\">\r\n\t\t\t\t\t<div class=\"item_wrapper\">\r\n\t\t\t\t\t\t<div class=\"item\">\r\n\t\t\t\t\t\t\t<a href='https:\/\/gisplay.pl\/' target='_blank'><img loading=\"lazy\" decoding=\"async\" width=\"170\" height=\"60\" src=\"https:\/\/www.kng.agh.edu.pl\/kng\/wp-content\/uploads\/316434160_840424167278541_8206091880311760650_n.png\" alt=\"Gisplay.pl\" title=\"Gisplay.pl\" \/><\/a>\r\n\t\t\t\t\t\t<\/div>\r\n\t\t\t\t\t<\/div>\r\n                <\/div>\r\n\r\n            <\/div><\/div><\/div><!-- .module_cont --><\/div>","protected":false},"excerpt":{"rendered":"<p>VII Forum Uni \u2013 Biznes Geodezja Przedsi\u0119biorcy Studenci odb\u0119dzie si\u0119 ju\u017c 9.12.2022 r. na Wydziale Geodezji G\u00f3rniczej i In\u017cynierii \u015arodowiska Akademii G\u00f3rniczo-Hutniczej im. Stanis\u0142awa Staszica w Krakowie w Sali 301 o godzinie 9:45. Konferencja ma na celu przede wszystkim wzmocnienie integracji mi\u0119dzy studentami z r\u00f3\u017cnych k\u00f3\u0142 naukowych z przedstawicielami firm geodezyjnych dzia\u0142aj\u0105cych na polskim, a tak\u017ce zagranicznym rynku geodezyjnym i geoinformatycznym. Forum niezmiennie sk\u0142ada si\u0119 z trzech cz\u0119\u015bci: sesji referatowej, sesji prezentacyjnej oraz panelu dyskusyjnego. W tym dniu studenci zaprezentuj\u0105 wyniki swoich prac i zrealizowanych projekt\u00f3w, natomiast przedsi\u0119biorcy mog\u0105 przedstawi\u0107 dzia\u0142alno\u015b\u0107 swoich firm oraz skonkretyzowa\u0107 swoje oczekiwania wobec przysz\u0142ych pracownik\u00f3w. Harmonogram wyst\u0105pie\u0144 dost\u0119pny b\u0119dzie ju\u017c nied\u0142ugo. Cieszymy si\u0119, \u017ce w tym roku mo\u017cemy zorganizowa\u0107 kolejne Forum GPS na naszym wydziale i wymieni\u0107 si\u0119 swoimi do\u015bwiadczeniami zar\u00f3wno z naszymi r\u00f3wie\u015bnikami, jak i zaproszonymi go\u015b\u0107mi. Ponadto w tym roku chcieliby\u015bmy podzi\u0119kowa\u0107 Dziekanowi wydzia\u0142u WGGiI\u015a oraz JM Rektorowi AGH za obj\u0119cie patronatu honorowego nad naszym wydarzeniem! Dodatkowo nasze wydarzenie zosta\u0142o obj\u0119te patronatem \u015al\u0105skiego Wojew\u00f3dzkiego Inspektora Nadzoru Geodezyjnego i Kartograficznego w Katowicach Zapraszamy do obserwowania naszej strony na Facebooku KNG Dahlta, gdzie podamy wi\u0119cej informacji o zbli\u017caj\u0105cym si\u0119 VII Forum GPS, a tak\u017ce zach\u0119camy do odwiedzenia strony wydarzenia i wzi\u0119cia udzia\u0142u!<\/p>\n","protected":false},"author":21,"featured_media":0,"parent":0,"menu_order":0,"comment_status":"closed","ping_status":"closed","template":"","meta":{"footnotes":"","_links_to":"","_links_to_target":""},"categories":[4],"tags":[],"class_list":{"0":"post-3631","1":"page","2":"type-page","3":"status-publish","5":"category-aktualnosci","6":"czr-hentry"},"_links":{"self":[{"href":"https:\/\/www.kng.agh.edu.pl\/kng\/wp-json\/wp\/v2\/pages\/3631","targetHints":{"allow":["GET"]}}],"collection":[{"href":"https:\/\/www.kng.agh.edu.pl\/kng\/wp-json\/wp\/v2\/pages"}],"about":[{"href":"https:\/\/www.kng.agh.edu.pl\/kng\/wp-json\/wp\/v2\/types\/page"}],"author":[{"embeddable":true,"href":"https:\/\/www.kng.agh.edu.pl\/kng\/wp-json\/wp\/v2\/users\/21"}],"replies":[{"embeddable":true,"href":"https:\/\/www.kng.agh.edu.pl\/kng\/wp-json\/wp\/v2\/comments?post=3631"}],"version-history":[{"count":8,"href":"https:\/\/www.kng.agh.edu.pl\/kng\/wp-json\/wp\/v2\/pages\/3631\/revisions"}],"predecessor-version":[{"id":3768,"href":"https:\/\/www.kng.agh.edu.pl\/kng\/wp-json\/wp\/v2\/pages\/3631\/revisions\/3768"}],"wp:attachment":[{"href":"https:\/\/www.kng.agh.edu.pl\/kng\/wp-json\/wp\/v2\/media?parent=3631"}],"wp:term":[{"taxonomy":"category","embeddable":true,"href":"https:\/\/www.kng.agh.edu.pl\/kng\/wp-json\/wp\/v2\/categories?post=3631"},{"taxonomy":"post_tag","embeddable":true,"href":"https:\/\/www.kng.agh.edu.pl\/kng\/wp-json\/wp\/v2\/tags?post=3631"}],"curies":[{"name":"wp","href":"https:\/\/api.w.org\/{rel}","templated":true}]}}