{"id":458,"date":"2011-02-21T00:47:42","date_gmt":"2011-02-20T23:47:42","guid":{"rendered":"http:\/\/www.kng.agh.edu.pl\/kng\/?page_id=458"},"modified":"2015-09-29T21:31:20","modified_gmt":"2015-09-29T19:31:20","slug":"wspolpraca-z-mggp","status":"publish","type":"page","link":"https:\/\/www.kng.agh.edu.pl\/kng\/wspolpraca-z-mggp\/","title":{"rendered":"Wsp\u00f3\u0142praca z MGGP"},"content":{"rendered":"<p>Na pocz\u0105tku 2011 roku Ko\u0142o Naukowe Geodet\u00f3w Dahlta (KNG Dahlta) rozpocz\u0119\u0142o wsp\u00f3\u0142prac\u0119 z <strong>MGGP S.A.<\/strong> oraz <strong>MGGP Aero,<\/strong> b\u0119d\u0105cymi potentatami na rynku bran\u017cy geodezyjnej nie tylko w Polsce, ale r\u00f3wnie\u017c za granic\u0105 (oddzia\u0142y w Europie \u015arodkowo-Wschodniej, Afryce P\u00f3\u0142nocnej i na Bliskim Wschodzie). Firma MGGP swoim asortymencie us\u0142ug obejmuje in\u017cynieri\u0119, architektur\u0119 oraz geoinformacj\u0119. Firma MGGP Aero oferuje us\u0142ugi fotolotnicze i fotogrametryczne, specjalizuj\u0105c si\u0119 w pozyskiwaniu zdj\u0119\u0107 lotniczych i zaawansowanych technologiach przetwarzania danych w produkty geoinformatyczne. Firma MGGP Aero posiada w\u0142asne samoloty i kamery.<\/p>\n<p>Studenci w ramach wsp\u00f3\u0142pracy zwanej <strong>\u201eKu\u017ania Talent\u00f3w MGGP \u2013 Nie tra\u0107 czasu, zadbaj o swoj\u0105 przysz\u0142o\u015b\u0107!\u201d<\/strong> b\u0119d\u0105 opracowywa\u0107 i analizowa\u0107 r\u00f3\u017cne zagadnienia z dziedziny geodezji i fotogrametrii. Idea polega na tym, \u017ce tematy te s\u0105 ciekawe ze wzgl\u0119d\u00f3w naukowo-badawczych, a jednocze\u015bnie nie s\u0105 przedmiotem komercyjnych opracowa\u0144. Pierwsze z podj\u0119tych zada\u0144 maj\u0105 na celu: testowanie portalu \u201eGeoConnection\u201d, opracowanie <em>&#8222;true ortho&#8221;<\/em> centrum Warszawy, czy analiz\u0119 funkcjonalno\u015bci komercyjnych stacji fotogrametrycznych (Inpho, OrthoPro).<\/p>\n<p>&lt;p&#8221;&gt;Wsp\u00f3\u0142praca stwarza studentom z KNG Dahlta mo\u017cliwo\u015b\u0107 nabycia praktycznych do\u015bwiadcze\u0144 poprzez korzystanie z narz\u0119dzi oraz wiedzy pracownik\u00f3w MGGP i MGGP Aero, oraz mo\u017cliwo\u015b\u0107 wakacyjnych praktyk zawodowych. Ko\u0142o Naukowe jako organizacja studencka zyskuje r\u00f3wnie\u017c wsparcie na rozw\u00f3j swoich pozosta\u0142ych dzia\u0142a\u0144.<\/p>\n<p style=\"text-align: justify;\">Wsp\u00f3\u0142praca z <b>MGGP S.A.<\/b> i <b>MGGP Aero<\/b> zawi\u0105zana zosta\u0142a w roku akademickim 2010\/2011 z inicjatywy <b>Prezesa KNG Adama Inglota<\/b>. Opiekunem naukowym projektu ze strony Akademii G\u00f3rniczo-Hutniczej zosta\u0142 Kierownik Katedry Geoinformacji Fotogrametrii i Teledetekcji \u015arodowiska (GFiT\u015a) <b>dr hab. in\u017c. Krystian Pyka, prof. AGH<\/b>.<\/p>\n<p>Obecnie projekt ten nie jest ju\u017c kontynuowany.<\/p>\n<p>&nbsp;<\/p>\n","protected":false},"excerpt":{"rendered":"<p>Na pocz\u0105tku 2011 roku Ko\u0142o Naukowe Geodet\u00f3w Dahlta (KNG Dahlta) rozpocz\u0119\u0142o wsp\u00f3\u0142prac\u0119 z MGGP S.A. oraz MGGP Aero, b\u0119d\u0105cymi potentatami na rynku bran\u017cy geodezyjnej nie tylko w Polsce, ale r\u00f3wnie\u017c za granic\u0105 (oddzia\u0142y w Europie \u015arodkowo-Wschodniej, Afryce P\u00f3\u0142nocnej i na Bliskim Wschodzie). Firma MGGP swoim asortymencie us\u0142ug obejmuje in\u017cynieri\u0119, architektur\u0119 oraz geoinformacj\u0119. Firma MGGP Aero oferuje us\u0142ugi fotolotnicze i fotogrametryczne, specjalizuj\u0105c si\u0119 w pozyskiwaniu zdj\u0119\u0107 lotniczych i zaawansowanych technologiach przetwarzania danych w produkty geoinformatyczne. Firma MGGP Aero posiada w\u0142asne samoloty i kamery. Studenci w ramach wsp\u00f3\u0142pracy zwanej \u201eKu\u017ania Talent\u00f3w MGGP \u2013 Nie tra\u0107 czasu, zadbaj o swoj\u0105 przysz\u0142o\u015b\u0107!\u201d b\u0119d\u0105 opracowywa\u0107 i analizowa\u0107 r\u00f3\u017cne zagadnienia z dziedziny geodezji i fotogrametrii. Idea polega na tym, \u017ce tematy te s\u0105 ciekawe ze wzgl\u0119d\u00f3w naukowo-badawczych, a jednocze\u015bnie nie s\u0105 przedmiotem komercyjnych opracowa\u0144. Pierwsze z podj\u0119tych zada\u0144 maj\u0105 na celu: testowanie portalu \u201eGeoConnection\u201d, opracowanie &#8222;true ortho&#8221; centrum Warszawy, czy analiz\u0119 funkcjonalno\u015bci komercyjnych stacji fotogrametrycznych (Inpho, OrthoPro). &lt;p&#8221;&gt;Wsp\u00f3\u0142praca stwarza studentom z KNG Dahlta mo\u017cliwo\u015b\u0107 nabycia praktycznych do\u015bwiadcze\u0144 poprzez korzystanie z narz\u0119dzi oraz wiedzy pracownik\u00f3w MGGP i MGGP Aero, oraz mo\u017cliwo\u015b\u0107 wakacyjnych praktyk zawodowych. Ko\u0142o Naukowe jako organizacja studencka zyskuje r\u00f3wnie\u017c wsparcie na rozw\u00f3j swoich pozosta\u0142ych dzia\u0142a\u0144. Wsp\u00f3\u0142praca z MGGP S.A. i MGGP Aero zawi\u0105zana zosta\u0142a w [&hellip;]<\/p>\n","protected":false},"author":21,"featured_media":0,"parent":0,"menu_order":0,"comment_status":"closed","ping_status":"open","template":"","meta":{"footnotes":"","_links_to":"","_links_to_target":""},"categories":[81,76],"tags":[],"class_list":{"0":"post-458","1":"page","2":"type-page","3":"status-publish","5":"category-81","6":"category-proj","7":"czr-hentry"},"_links":{"self":[{"href":"https:\/\/www.kng.agh.edu.pl\/kng\/wp-json\/wp\/v2\/pages\/458","targetHints":{"allow":["GET"]}}],"collection":[{"href":"https:\/\/www.kng.agh.edu.pl\/kng\/wp-json\/wp\/v2\/pages"}],"about":[{"href":"https:\/\/www.kng.agh.edu.pl\/kng\/wp-json\/wp\/v2\/types\/page"}],"author":[{"embeddable":true,"href":"https:\/\/www.kng.agh.edu.pl\/kng\/wp-json\/wp\/v2\/users\/21"}],"replies":[{"embeddable":true,"href":"https:\/\/www.kng.agh.edu.pl\/kng\/wp-json\/wp\/v2\/comments?post=458"}],"version-history":[{"count":3,"href":"https:\/\/www.kng.agh.edu.pl\/kng\/wp-json\/wp\/v2\/pages\/458\/revisions"}],"predecessor-version":[{"id":2768,"href":"https:\/\/www.kng.agh.edu.pl\/kng\/wp-json\/wp\/v2\/pages\/458\/revisions\/2768"}],"wp:attachment":[{"href":"https:\/\/www.kng.agh.edu.pl\/kng\/wp-json\/wp\/v2\/media?parent=458"}],"wp:term":[{"taxonomy":"category","embeddable":true,"href":"https:\/\/www.kng.agh.edu.pl\/kng\/wp-json\/wp\/v2\/categories?post=458"},{"taxonomy":"post_tag","embeddable":true,"href":"https:\/\/www.kng.agh.edu.pl\/kng\/wp-json\/wp\/v2\/tags?post=458"}],"curies":[{"name":"wp","href":"https:\/\/api.w.org\/{rel}","templated":true}]}}