{"id":532,"date":"2013-02-21T23:56:05","date_gmt":"2013-02-21T22:56:05","guid":{"rendered":"http:\/\/www.kng.agh.edu.pl\/kng\/?page_id=532"},"modified":"2023-11-09T16:14:06","modified_gmt":"2023-11-09T15:14:06","slug":"oksg","status":"publish","type":"page","link":"https:\/\/www.kng.agh.edu.pl\/kng\/dzialalnosc\/oksg\/","title":{"rendered":"OKSG"},"content":{"rendered":"<p style=\"text-align: center;\"><img loading=\"lazy\" decoding=\"async\" class=\"alignnone size-full wp-image-3736\" src=\"http:\/\/www.kng.agh.edu.pl\/kng\/wp-content\/uploads\/pobrane-1.png\" alt=\"pobrane (1)\" width=\"225\" height=\"225\" srcset=\"https:\/\/www.kng.agh.edu.pl\/kng\/wp-content\/uploads\/pobrane-1.png 225w, https:\/\/www.kng.agh.edu.pl\/kng\/wp-content\/uploads\/pobrane-1-150x150.png 150w, https:\/\/www.kng.agh.edu.pl\/kng\/wp-content\/uploads\/pobrane-1-200x200.png 200w\" sizes=\"auto, (max-width: 225px) 100vw, 225px\" \/><\/p>\n<p style=\"text-align: justify;\">Ko\u0142o Naukowe Geodet\u00f3w Dahlta nale\u017cy do <strong>Og\u00f3lopolskiego Klubu Student\u00f3w Geodezji <\/strong>(OKSG), organizacji zrzeszaj\u0105cej student\u00f3w geodezji z wi\u0105d\u0105cych o\u015brodk\u00f3w akademickich w Polsce. Klub dzia\u0142a przy <strong>Stowarzyszeniu Geodet\u00f3w Polskich<\/strong> od dnia <strong>9 kietnia 2002 roku<\/strong>. OKSG zrzesza student\u00f3w z <strong>Akademii G\u00f3rniczo-Hutniczej<\/strong> w <strong>Krakowie, Politechniki Warszawskiej<\/strong>, <strong>Uniwersytetu Rolniczego<\/strong> w <strong>Krakowie<\/strong>, <strong>Uniwersytetu Przyrodniczego<\/strong> we <strong>Wroc\u0142awiu<\/strong>, <strong>Uniwersytetu Warmi\u0144sko-Mazurskiego<\/strong> w <strong>Olsztynie, <\/strong><strong>Wojskowej Akademii Technicznej<\/strong> w <strong>Warszawie<\/strong> oraz <strong>Politechniki \u015al\u0105skiej<\/strong> w <strong>Gliwicach<\/strong>.<\/p>\n<p style=\"text-align: justify;\"><strong>OKSG posiada sw\u00f3j statut, w\u0142adze, logo<\/strong> oraz realizuje <strong>cele<\/strong>, kt\u00f3rymi s\u0105:<br \/>\n&#8211; og\u0142\u0119bianie wiedzy w zakresie szeroko poj\u0119tej geodezji,<br \/>\n&#8211; nawi\u0105zanie wsp\u00f3\u0142pracy z ko\u0142ami i organizacjami z zakresu geodezji dzia\u0142aj\u0105cymi na uczelniach polskich i poza jej granicami,<br \/>\n&#8211; stworzenie reprezentacji wyst\u0119puj\u0105cej w imieniu student\u00f3w kierunk\u00f3w geodezyjnych przy wsp\u00f3\u0142pracy z Komisjami G\u0142\u00f3wnymi SGP oraz innymi organizacjami zwi\u0105zanymi z geodezj\u0105,<br \/>\n&#8211; pomoc studentom i absolwentom kierunk\u00f3w geodezji i pokrewnych, wymiana do\u015bwiadcze\u0144 i informacji.<\/p>\n<p style=\"text-align: justify;\">Cz\u0142onkowie Klubu spotykaj\u0105 si\u0119 na obradach dwa razy w ci\u0105gu roku akademickiego. Pierwszy raz podczas na prze\u0142omie listopada i grudnia, drugi na <strong>Og\u00f3lopolskiej Konferencji Student\u00f3w Geodezji<\/strong>. Spotkania organizuj\u0105 studenci z uczelni maj\u0105cej prezydencj\u0119 w OKSG. <strong>KNG sprawowa\u0142o prezydencj\u0119 w OKSG dwukrotnie: w roku 2007 oraz 2010.<\/strong><\/p>\n<p style=\"text-align: justify;\">Cz\u0142onkowie Klubu uczestnicz\u0105 ponadto w Mi\u0119dzynarodowym Spotkaniu Student\u00f3w Geodezji (IGSM), Kongresie FIG, Polsko \u2013 Czesko \u2013 S\u0142owackim Dniu Geodezji oraz w wielu innych imprezach naukowych, szkoleniach, wyjazdach, seminariach oraz spotkaniach z okazji wydarze\u0144 wydzia\u0142owych i uczelnianych.<\/p>\n<p style=\"text-align: justify;\">Najwa\u017cniejszym do tej pory wydarzeniem organizowanym przez Klub by\u0142a <strong>wyprawa naukowo-badawcza na Spitsbergen<\/strong> we wsp\u00f3\u0142pracy z PAN. G\u0142ownym celem wyprawy by\u0142o <strong>przeprowadzenie bada\u0144 geodynamicznych<\/strong> w okolicach Polskiej Stacji Polarnej PAN w Horsundzie.<\/p>\n<p><strong>Poczet Prezes\u00f3w OKSG:<\/strong><\/p>\n<p>Rok akademicki 2002\/2004 <b>\u00a0\u00a0 Adamek Artur <\/b> pierwszy Prezes OKSG<br \/>\nPrezydencja: <b>Politechnika Warszawska<\/b><\/p>\n<p><strong>Rok akademicki 2004\/2006 \u00a0\u00a0 Pieczka Roman<br \/>\nPrezydencja: Akademia G\u00f3rniczo-Hutnicza w Krakowie<\/strong><\/p>\n<p>Rok akademicki 2006\/2007 <b>\u00a0\u00a0 Tabaka Jacek<\/b><br \/>\nPrezydencja: <b>Akademia Rolnicza w Krakowie<\/b><\/p>\n<p>Rok akademicki 2007\/2008 <b>\u00a0\u00a0 \u0106mielewski Bartosz<\/b><br \/>\nPrezydencja: <b>Uniwersytert Przyrodniczy we Wroc\u0142awiu<\/b><\/p>\n<p>Rok akademicki 2008\/2009 <b>\u00a0\u00a0 Adamek Anna<\/b><br \/>\nPrezydencja: <b>Politechnika Warszawska<\/b><\/p>\n<p>Rok akademicki 2009\/2010<strong> \u00a0\u00a0 Szabat Aleksandra<br \/>\n<\/strong>Prezydencja: <strong>Akademia G\u00f3rniczo-Hutnicza w Krakowie<\/strong><\/p>\n<p>Rok akademicki 2010\/2011 <b>\u00a0\u00a0 in\u017c. Nykiel Grzegorz<\/b><br \/>\nPrezydencja: <b>Wojskowa Akademia Techniczna w Warszawie<\/b><\/p>\n<p>Rok akademicki 2011\/2012 <b>\u00a0\u00a0 Weronika Polnik<\/b><br \/>\nPrezydencja: <b>Politechnika \u015al\u0105ska w Gliwicach<\/b><\/p>\n<p>Rok akademicki 2012\/2013<b> <b>\u00a0\u00a0 \u017baneta Sz\u0142apka<\/b><\/b><br \/>\nPrezydencja:<b> <b>Uniwersytet Rolniczy w Krakowie<\/b><\/b><\/p>\n<p>Rok akademicki 2021\/22<b>\u00a0<b>\u00a0 \u00a0Joanna Ceranka<\/b><\/b><br \/>\nPrezydencja:<b>\u00a0<b>Politechnika Warszawska<\/b><\/b><\/p>\n<p>Rok akademicki 2022\/23<b>\u00a0 \u00a0 Aleksandra Walkowicz<\/b><br \/>\nPrezydencja:<b>\u00a0Politechnika Wroc\u0142awska<\/b><\/p>\n<p>Rok akademicki 2023\/25<b> \u00a0 \u00a0Marek Weis<\/b><br \/>\nPrezydencja:<b> Wojskowa Akademia Techniczna w Warszawie<\/b><\/p>\n<p><strong>Mo\u017ce Ci\u0119 r\u00f3wnie\u017c zainteresowa\u0107:<\/strong><br \/>\n<a href=\"http:\/\/studenci.sgp.geodezja.org.pl\/\">Oficjalna strona Og\u00f3lnopolskiego Klubu Student\u00f3w Geodezji<\/a><\/p>\n","protected":false},"excerpt":{"rendered":"<p>Ko\u0142o Naukowe Geodet\u00f3w Dahlta nale\u017cy do Og\u00f3lopolskiego Klubu Student\u00f3w Geodezji (OKSG), organizacji zrzeszaj\u0105cej student\u00f3w geodezji z wi\u0105d\u0105cych o\u015brodk\u00f3w akademickich w Polsce. Klub dzia\u0142a przy Stowarzyszeniu Geodet\u00f3w Polskich od dnia 9 kietnia 2002 roku. OKSG zrzesza student\u00f3w z Akademii G\u00f3rniczo-Hutniczej w Krakowie, Politechniki Warszawskiej, Uniwersytetu Rolniczego w Krakowie, Uniwersytetu Przyrodniczego we Wroc\u0142awiu, Uniwersytetu Warmi\u0144sko-Mazurskiego w Olsztynie, Wojskowej Akademii Technicznej w Warszawie oraz Politechniki \u015al\u0105skiej w Gliwicach. OKSG posiada sw\u00f3j statut, w\u0142adze, logo oraz realizuje cele, kt\u00f3rymi s\u0105: &#8211; og\u0142\u0119bianie wiedzy w zakresie szeroko poj\u0119tej geodezji, &#8211; nawi\u0105zanie wsp\u00f3\u0142pracy z ko\u0142ami i organizacjami z zakresu geodezji dzia\u0142aj\u0105cymi na uczelniach polskich i poza jej granicami, &#8211; stworzenie reprezentacji wyst\u0119puj\u0105cej w imieniu student\u00f3w kierunk\u00f3w geodezyjnych przy wsp\u00f3\u0142pracy z Komisjami G\u0142\u00f3wnymi SGP oraz innymi organizacjami zwi\u0105zanymi z geodezj\u0105, &#8211; pomoc studentom i absolwentom kierunk\u00f3w geodezji i pokrewnych, wymiana do\u015bwiadcze\u0144 i informacji. Cz\u0142onkowie Klubu spotykaj\u0105 si\u0119 na obradach dwa razy w ci\u0105gu roku akademickiego. Pierwszy raz podczas na prze\u0142omie listopada i grudnia, drugi na Og\u00f3lopolskiej Konferencji Student\u00f3w Geodezji. Spotkania organizuj\u0105 studenci z uczelni maj\u0105cej prezydencj\u0119 w OKSG. KNG sprawowa\u0142o prezydencj\u0119 w OKSG dwukrotnie: w roku 2007 oraz 2010. Cz\u0142onkowie Klubu uczestnicz\u0105 ponadto w Mi\u0119dzynarodowym Spotkaniu Student\u00f3w Geodezji (IGSM), Kongresie FIG, Polsko \u2013 Czesko \u2013 S\u0142owackim Dniu [&hellip;]<\/p>\n","protected":false},"author":21,"featured_media":0,"parent":281,"menu_order":2,"comment_status":"closed","ping_status":"closed","template":"","meta":{"footnotes":"","_links_to":"","_links_to_target":""},"categories":[],"tags":[],"class_list":["post-532","page","type-page","status-publish","czr-hentry"],"_links":{"self":[{"href":"https:\/\/www.kng.agh.edu.pl\/kng\/wp-json\/wp\/v2\/pages\/532","targetHints":{"allow":["GET"]}}],"collection":[{"href":"https:\/\/www.kng.agh.edu.pl\/kng\/wp-json\/wp\/v2\/pages"}],"about":[{"href":"https:\/\/www.kng.agh.edu.pl\/kng\/wp-json\/wp\/v2\/types\/page"}],"author":[{"embeddable":true,"href":"https:\/\/www.kng.agh.edu.pl\/kng\/wp-json\/wp\/v2\/users\/21"}],"replies":[{"embeddable":true,"href":"https:\/\/www.kng.agh.edu.pl\/kng\/wp-json\/wp\/v2\/comments?post=532"}],"version-history":[{"count":5,"href":"https:\/\/www.kng.agh.edu.pl\/kng\/wp-json\/wp\/v2\/pages\/532\/revisions"}],"predecessor-version":[{"id":3952,"href":"https:\/\/www.kng.agh.edu.pl\/kng\/wp-json\/wp\/v2\/pages\/532\/revisions\/3952"}],"up":[{"embeddable":true,"href":"https:\/\/www.kng.agh.edu.pl\/kng\/wp-json\/wp\/v2\/pages\/281"}],"wp:attachment":[{"href":"https:\/\/www.kng.agh.edu.pl\/kng\/wp-json\/wp\/v2\/media?parent=532"}],"wp:term":[{"taxonomy":"category","embeddable":true,"href":"https:\/\/www.kng.agh.edu.pl\/kng\/wp-json\/wp\/v2\/categories?post=532"},{"taxonomy":"post_tag","embeddable":true,"href":"https:\/\/www.kng.agh.edu.pl\/kng\/wp-json\/wp\/v2\/tags?post=532"}],"curies":[{"name":"wp","href":"https:\/\/api.w.org\/{rel}","templated":true}]}}