{"id":534,"date":"2013-02-21T23:56:31","date_gmt":"2013-02-21T22:56:31","guid":{"rendered":"http:\/\/www.kng.agh.edu.pl\/kng\/?page_id=534"},"modified":"2022-12-31T15:08:38","modified_gmt":"2022-12-31T14:08:38","slug":"igsm","status":"publish","type":"page","link":"https:\/\/www.kng.agh.edu.pl\/kng\/dzialalnosc\/igsm\/","title":{"rendered":"IGSO"},"content":{"rendered":"<p style=\"text-align: center;\"><img loading=\"lazy\" decoding=\"async\" class=\"alignnone  wp-image-3733\" src=\"http:\/\/www.kng.agh.edu.pl\/kng\/wp-content\/uploads\/1200px-Logo_International_Geodetic_Student_Organisation_IGSO.svg-300x273.png\" alt=\"1200px-Logo_International_Geodetic_Student_Organisation_(IGSO).svg\" width=\"249\" height=\"227\" srcset=\"https:\/\/www.kng.agh.edu.pl\/kng\/wp-content\/uploads\/1200px-Logo_International_Geodetic_Student_Organisation_IGSO.svg-300x273.png 300w, https:\/\/www.kng.agh.edu.pl\/kng\/wp-content\/uploads\/1200px-Logo_International_Geodetic_Student_Organisation_IGSO.svg-1024x930.png 1024w, https:\/\/www.kng.agh.edu.pl\/kng\/wp-content\/uploads\/1200px-Logo_International_Geodetic_Student_Organisation_IGSO.svg-400x363.png 400w, https:\/\/www.kng.agh.edu.pl\/kng\/wp-content\/uploads\/1200px-Logo_International_Geodetic_Student_Organisation_IGSO.svg.png 1200w\" sizes=\"auto, (max-width: 249px) 100vw, 249px\" \/><\/p>\n<p style=\"text-align: center;\">\n<p style=\"text-align: justify;\">Ko\u0142o Naukowe Geodet\u00f3w Dahlta nale\u017cy do <strong>International Geodetic Student Organisation<\/strong> mi\u0119dzynarodowej organizacji pozarz\u0105dowej, kt\u00f3rej celem jest wspieranie mi\u0119dzynarodowej wsp\u00f3\u0142pracy na rzecz post\u0119pu w geodezji we wszystkich obszarach. Zosta\u0142a ona za\u0142o\u017cona <strong>10 maja 1991 r.<\/strong> podczas czwartego International Geodetic Student Meeting (IGSM) w Uniwersytecie Technicznym w austriackim mie\u015bcie Graz. Cz\u0142onkami IGSO jest <strong>80 uczelni z 28 kraj\u00f3w \u015bwiata<\/strong>.<\/p>\n<p style=\"text-align: justify;\">IGSO ma sw\u00f3j statut, w\u0142adze, logo oraz realizuje cele, kt\u00f3rymi s\u0105:<br \/>\n&#8211; zrzeszanie zwi\u0105zk\u00f3w i organizacji student\u00f3w geodezji ze wszystkich kraj\u00f3w w celu wymiany pogl\u0105d\u00f3w na sprawy budz\u0105ce og\u00f3lne zainteresowanie cz\u0142onk\u00f3w,<br \/>\n&#8211; reprezentowanie student\u00f3w geodezji na forum publicznym,<br \/>\n&#8211; umo\u017cliwianie \u0142\u0105czno\u015bci pomi\u0119dzy poszczeg\u00f3lnymi organizacjami i zwi\u0105zkami cz\u0142onkowskimi,<br \/>\n&#8211; zapoznanie si\u0119 z warunkami spo\u0142ecznymi panuj\u0105cymi w\u015br\u00f3d student\u00f3w geodezji w poszczeg\u00f3lnych krajach w celu umo\u017cliwienia ka\u017cdemu korzystania z osi\u0105gni\u0119tego post\u0119pu,<br \/>\n&#8211; polepszenie dobrych stosunk\u00f3w z w\u0142adzami oraz umo\u017cliwienie wymiany student\u00f3w mi\u0119dzy poszczeg\u00f3lnymi krajami.<\/p>\n<p style=\"text-align: justify;\">Na czele IGSO stoi IGSA &#8211; <strong>International Geodetic Students Agency<\/strong> &#8211; rodzaj &#8222;zarz\u0105du&#8221; sk\u0142adaj\u0105cy si\u0119 Sekretarza Generalnego IGSO, Skarbnika, Cz\u0142onka Rejestracji i cz\u0142onka dodatkowego.<\/p>\n<p style=\"text-align: justify;\">Form\u0105 zjazdu IGSO jest IGSM &#8211; coroczna konferencja student\u00f3w kierunk\u00f3w zwi\u0105zanych z geodezj\u0105 . Podczas IGSM odbywa si\u0119 Zgromadzenie Og\u00f3lne organizacji (<strong>General Assembly<\/strong>) oceniaj\u0105ce dotychczasowe rezultaty jej pracy, przyjmuj\u0105ce sprawozdanie dotychczasowych w\u0142adz i wybieraj\u0105ce nowe, oraz omawiaj\u0105ce kwestie planowanych dzia\u0142a\u0144 na rok nast\u0119pny. J\u0119zykiem &#8222;urz\u0119dowym&#8221; podczas ka\u017cdego spotkania jest angielski.<\/p>\n<p style=\"text-align: justify;\"><strong>Ko\u0142o Naukowe Goedet\u00f3w organizowa\u0142o Mi\u0119dzynarodowe Spotkanie Student\u00f3w Geodezji w roku 2006.<\/strong> Wi\u0119cej informacji mo\u017cna znale\u017a\u0107 na stronie internetowej: <a href=\"http:\/\/www.igsm2006.agh.edu.pl\/\">http:\/\/www.igsm2006.agh.edu.pl\/<\/a><\/p>\n<p><strong>Gospodarze IGSM:<\/strong><br \/>\n1988 rok &#8211; Delft &#8211; Holandia<br \/>\n1989 rok &#8211; Bonn &#8211; Niemcy<br \/>\n1990 rok &#8211; Budapeszt &#8211; W\u0119gry<br \/>\n1991 rok &#8211; Graz &#8211; Austria<br \/>\n1992 rok &#8211; Londyn &#8211; Anglia<br \/>\n1993 rok &#8211; Praga &#8211; Czechy<br \/>\n1994 rok &#8211; Bochum-Essen &#8211; Niemcy<br \/>\n1995 rok &#8211; Warszawa &#8211; Polska<br \/>\n1996 rok &#8211; Hanower &#8211; Niemcy<br \/>\n1997 rok &#8211; Delft &#8211; Holandia<br \/>\n1998 rok &#8211; Madryt &#8211; Hiszpania<br \/>\n1999 rok &#8211; Valencia &#8211; Hiszpania<br \/>\n2000 rok &#8211; Le Mans &#8211; Francja<br \/>\n2001 rok &#8211; Newcastle &#8211; Anglia<br \/>\n2002 rok &#8211; Ljubljana &#8211; S\u0142owenia<br \/>\n2003 rok &#8211; Drezno &#8211; Niemcy<br \/>\n2004 rok &#8211; Helsinki|Espoo &#8211; Finlandia<br \/>\n2005 rok &#8211; Istanbu\u0142 &#8211; Turcja<br \/>\n<strong>2006 rok &#8211; Krak\u00f3w &#8211; Polska<\/strong><br \/>\n2007 rok &#8211; Sofia &#8211; Bu\u0142garia<br \/>\n2008 rok &#8211; Valencia &#8211; Hiszpania<br \/>\n2009 rok &#8211; Zurych &#8211; Szwajcaria<br \/>\n2010 rok &#8211; Zagrzeb &#8211; Chorwacja<br \/>\n2011 rok &#8211; Newcastle &#8211; Anglia<br \/>\n2012 rok &#8211; Ja\u00e9n &#8211; Hiszpania<br \/>\n2013 rok &#8211; Wroc\u0142aw &#8211; Polska<br \/>\n2014 rok &#8211; Istanbu\u0142 &#8211; Turcja<br \/>\n2015 rok &#8211; Espoo &#8211; Finlandia<br \/>\n2016 rok &#8211; Monachium &#8211; Niemcy<br \/>\n2017 rok &#8211; Zagrzeb &#8211; Chorwacja<br \/>\n2018 rok &#8211; Walencja &#8211; Hiszpania<br \/>\n2019 rok &#8211; Warszawa &#8211; Polska<br \/>\n2021 rok &#8211; Hannover &#8211; Niemcy (Online)<br \/>\n2022 rok &#8211; Hannover &amp; Hamburg &#8211; Niemcy<br \/>\n2023 rok &#8211; Walencja &#8211; Hiszpania<br \/>\n2024 rok &#8211; Sofia &#8211; Bu\u0142garia<\/p>\n","protected":false},"excerpt":{"rendered":"<p>Ko\u0142o Naukowe Geodet\u00f3w Dahlta nale\u017cy do International Geodetic Student Organisation mi\u0119dzynarodowej organizacji pozarz\u0105dowej, kt\u00f3rej celem jest wspieranie mi\u0119dzynarodowej wsp\u00f3\u0142pracy na rzecz post\u0119pu w geodezji we wszystkich obszarach. Zosta\u0142a ona za\u0142o\u017cona 10 maja 1991 r. podczas czwartego International Geodetic Student Meeting (IGSM) w Uniwersytecie Technicznym w austriackim mie\u015bcie Graz. Cz\u0142onkami IGSO jest 80 uczelni z 28 kraj\u00f3w \u015bwiata. IGSO ma sw\u00f3j statut, w\u0142adze, logo oraz realizuje cele, kt\u00f3rymi s\u0105: &#8211; zrzeszanie zwi\u0105zk\u00f3w i organizacji student\u00f3w geodezji ze wszystkich kraj\u00f3w w celu wymiany pogl\u0105d\u00f3w na sprawy budz\u0105ce og\u00f3lne zainteresowanie cz\u0142onk\u00f3w, &#8211; reprezentowanie student\u00f3w geodezji na forum publicznym, &#8211; umo\u017cliwianie \u0142\u0105czno\u015bci pomi\u0119dzy poszczeg\u00f3lnymi organizacjami i zwi\u0105zkami cz\u0142onkowskimi, &#8211; zapoznanie si\u0119 z warunkami spo\u0142ecznymi panuj\u0105cymi w\u015br\u00f3d student\u00f3w geodezji w poszczeg\u00f3lnych krajach w celu umo\u017cliwienia ka\u017cdemu korzystania z osi\u0105gni\u0119tego post\u0119pu, &#8211; polepszenie dobrych stosunk\u00f3w z w\u0142adzami oraz umo\u017cliwienie wymiany student\u00f3w mi\u0119dzy poszczeg\u00f3lnymi krajami. Na czele IGSO stoi IGSA &#8211; International Geodetic Students Agency &#8211; rodzaj &#8222;zarz\u0105du&#8221; sk\u0142adaj\u0105cy si\u0119 Sekretarza Generalnego IGSO, Skarbnika, Cz\u0142onka Rejestracji i cz\u0142onka dodatkowego. Form\u0105 zjazdu IGSO jest IGSM &#8211; coroczna konferencja student\u00f3w kierunk\u00f3w zwi\u0105zanych z geodezj\u0105 . Podczas IGSM odbywa si\u0119 Zgromadzenie Og\u00f3lne organizacji (General Assembly) oceniaj\u0105ce dotychczasowe rezultaty jej pracy, przyjmuj\u0105ce sprawozdanie dotychczasowych w\u0142adz i wybieraj\u0105ce nowe, oraz omawiaj\u0105ce kwestie [&hellip;]<\/p>\n","protected":false},"author":21,"featured_media":0,"parent":281,"menu_order":5,"comment_status":"closed","ping_status":"closed","template":"","meta":{"footnotes":"","_links_to":"","_links_to_target":""},"categories":[],"tags":[],"class_list":["post-534","page","type-page","status-publish","czr-hentry"],"_links":{"self":[{"href":"https:\/\/www.kng.agh.edu.pl\/kng\/wp-json\/wp\/v2\/pages\/534","targetHints":{"allow":["GET"]}}],"collection":[{"href":"https:\/\/www.kng.agh.edu.pl\/kng\/wp-json\/wp\/v2\/pages"}],"about":[{"href":"https:\/\/www.kng.agh.edu.pl\/kng\/wp-json\/wp\/v2\/types\/page"}],"author":[{"embeddable":true,"href":"https:\/\/www.kng.agh.edu.pl\/kng\/wp-json\/wp\/v2\/users\/21"}],"replies":[{"embeddable":true,"href":"https:\/\/www.kng.agh.edu.pl\/kng\/wp-json\/wp\/v2\/comments?post=534"}],"version-history":[{"count":2,"href":"https:\/\/www.kng.agh.edu.pl\/kng\/wp-json\/wp\/v2\/pages\/534\/revisions"}],"predecessor-version":[{"id":3735,"href":"https:\/\/www.kng.agh.edu.pl\/kng\/wp-json\/wp\/v2\/pages\/534\/revisions\/3735"}],"up":[{"embeddable":true,"href":"https:\/\/www.kng.agh.edu.pl\/kng\/wp-json\/wp\/v2\/pages\/281"}],"wp:attachment":[{"href":"https:\/\/www.kng.agh.edu.pl\/kng\/wp-json\/wp\/v2\/media?parent=534"}],"wp:term":[{"taxonomy":"category","embeddable":true,"href":"https:\/\/www.kng.agh.edu.pl\/kng\/wp-json\/wp\/v2\/categories?post=534"},{"taxonomy":"post_tag","embeddable":true,"href":"https:\/\/www.kng.agh.edu.pl\/kng\/wp-json\/wp\/v2\/tags?post=534"}],"curies":[{"name":"wp","href":"https:\/\/api.w.org\/{rel}","templated":true}]}}