{"id":592,"date":"2013-02-23T22:31:39","date_gmt":"2013-02-23T21:31:39","guid":{"rendered":"http:\/\/www.kng.agh.edu.pl\/kng\/?page_id=592"},"modified":"2022-12-31T15:22:23","modified_gmt":"2022-12-31T14:22:23","slug":"skn-agh","status":"publish","type":"page","link":"https:\/\/www.kng.agh.edu.pl\/kng\/dzialalnosc\/skn-agh\/","title":{"rendered":"SKN AGH"},"content":{"rendered":"<p style=\"text-align: center;\"><img loading=\"lazy\" decoding=\"async\" class=\"alignnone size-medium wp-image-3744\" src=\"http:\/\/www.kng.agh.edu.pl\/kng\/wp-content\/uploads\/logoskn-300x175.png\" alt=\"logoskn\" width=\"300\" height=\"175\" srcset=\"https:\/\/www.kng.agh.edu.pl\/kng\/wp-content\/uploads\/logoskn-300x175.png 300w, https:\/\/www.kng.agh.edu.pl\/kng\/wp-content\/uploads\/logoskn-400x233.png 400w, https:\/\/www.kng.agh.edu.pl\/kng\/wp-content\/uploads\/logoskn.png 1007w\" sizes=\"auto, (max-width: 300px) 100vw, 300px\" \/><\/p>\n<p style=\"text-align: justify;\"><strong>Studenckie Ko\u0142a Naukowe<\/strong> s\u0105 integralnym elementem systemu nauczania i kszta\u0142cenia w <strong>Akademii G\u00f3rniczo-Hutniczej<\/strong>. Nale\u017c\u0105 do nich <strong>najzdolniejsi studenci<\/strong>, zainteresowani pog\u0142\u0119bianiem wiedzy oraz rozwijaniem tw\u00f3rczych inspiracji naukowych. Ko\u0142a naukowe to r\u00f3wnocze\u015bnie <strong>wyzwanie dla aktywist\u00f3w<\/strong>, zainteresowanych sprawdzeniem teorii w praktyce, chc\u0105cych zmieni\u0107 oblicze swego wydzia\u0142u czy uczelni, zrealizowa\u0107 autorski projekt lub wprowadzi\u0107 w \u017cycie nowe pomys\u0142y.<\/p>\n<p style=\"text-align: justify;\">Obecnie w AGH dzia\u0142a \u0142\u0105cznie <strong>ponad 70 studenckich k\u00f3\u0142 naukowych<\/strong>. Realizuj\u0105 one r\u00f3\u017cnorodne i zr\u00f3\u017cnicowane tematycznie formy dzia\u0142alno\u015bci pod kierunkiem opiekun\u00f3w naukowych i pe\u0142nomocnik\u00f3w Rektora, powo\u0142anych dla koordynacji pracy k\u00f3\u0142 naukowych w tradycyjnie wyodr\u0119bnianych pionach uczelni \u2013 g\u00f3rniczym i hutniczym.<\/p>\n<p><strong>Ko\u0142o Naukowe Geodet\u00f3w Dahlta podlega pod pion g\u00f3rniczy.<\/strong><\/p>\n<p><strong>W ramach Studenckich K\u00f3\u0142 Naukowych AGH organizowane s\u0105:<\/strong><br \/>\n&#8211; Konferencje Studenckich K\u00f3\u0142 Naukowych,<br \/>\n&#8211; Seminaria Studenckiego Ruchu Naukowego,<br \/>\n&#8211; FORUM K\u00d3\u0141 NAUKOWYCH \u2013 spotkania z nauk\u0105 i sztuk\u0105,<br \/>\n&#8211; konkurs &#8222;GRANT REKTORSKI&#8221;,<br \/>\n&#8211; akcja &#8222;\u015awi\u0119ta Dzieciom&#8221;.<\/p>\n<p>&nbsp;<\/p>\n","protected":false},"excerpt":{"rendered":"<p>Studenckie Ko\u0142a Naukowe s\u0105 integralnym elementem systemu nauczania i kszta\u0142cenia w Akademii G\u00f3rniczo-Hutniczej. Nale\u017c\u0105 do nich najzdolniejsi studenci, zainteresowani pog\u0142\u0119bianiem wiedzy oraz rozwijaniem tw\u00f3rczych inspiracji naukowych. Ko\u0142a naukowe to r\u00f3wnocze\u015bnie wyzwanie dla aktywist\u00f3w, zainteresowanych sprawdzeniem teorii w praktyce, chc\u0105cych zmieni\u0107 oblicze swego wydzia\u0142u czy uczelni, zrealizowa\u0107 autorski projekt lub wprowadzi\u0107 w \u017cycie nowe pomys\u0142y. Obecnie w AGH dzia\u0142a \u0142\u0105cznie ponad 70 studenckich k\u00f3\u0142 naukowych. Realizuj\u0105 one r\u00f3\u017cnorodne i zr\u00f3\u017cnicowane tematycznie formy dzia\u0142alno\u015bci pod kierunkiem opiekun\u00f3w naukowych i pe\u0142nomocnik\u00f3w Rektora, powo\u0142anych dla koordynacji pracy k\u00f3\u0142 naukowych w tradycyjnie wyodr\u0119bnianych pionach uczelni \u2013 g\u00f3rniczym i hutniczym. Ko\u0142o Naukowe Geodet\u00f3w Dahlta podlega pod pion g\u00f3rniczy. W ramach Studenckich K\u00f3\u0142 Naukowych AGH organizowane s\u0105: &#8211; Konferencje Studenckich K\u00f3\u0142 Naukowych, &#8211; Seminaria Studenckiego Ruchu Naukowego, &#8211; FORUM K\u00d3\u0141 NAUKOWYCH \u2013 spotkania z nauk\u0105 i sztuk\u0105, &#8211; konkurs &#8222;GRANT REKTORSKI&#8221;, &#8211; akcja &#8222;\u015awi\u0119ta Dzieciom&#8221;. &nbsp;<\/p>\n","protected":false},"author":21,"featured_media":0,"parent":281,"menu_order":1,"comment_status":"closed","ping_status":"closed","template":"","meta":{"footnotes":"","_links_to":"","_links_to_target":""},"categories":[],"tags":[],"class_list":["post-592","page","type-page","status-publish","czr-hentry"],"_links":{"self":[{"href":"https:\/\/www.kng.agh.edu.pl\/kng\/wp-json\/wp\/v2\/pages\/592","targetHints":{"allow":["GET"]}}],"collection":[{"href":"https:\/\/www.kng.agh.edu.pl\/kng\/wp-json\/wp\/v2\/pages"}],"about":[{"href":"https:\/\/www.kng.agh.edu.pl\/kng\/wp-json\/wp\/v2\/types\/page"}],"author":[{"embeddable":true,"href":"https:\/\/www.kng.agh.edu.pl\/kng\/wp-json\/wp\/v2\/users\/21"}],"replies":[{"embeddable":true,"href":"https:\/\/www.kng.agh.edu.pl\/kng\/wp-json\/wp\/v2\/comments?post=592"}],"version-history":[{"count":2,"href":"https:\/\/www.kng.agh.edu.pl\/kng\/wp-json\/wp\/v2\/pages\/592\/revisions"}],"predecessor-version":[{"id":3745,"href":"https:\/\/www.kng.agh.edu.pl\/kng\/wp-json\/wp\/v2\/pages\/592\/revisions\/3745"}],"up":[{"embeddable":true,"href":"https:\/\/www.kng.agh.edu.pl\/kng\/wp-json\/wp\/v2\/pages\/281"}],"wp:attachment":[{"href":"https:\/\/www.kng.agh.edu.pl\/kng\/wp-json\/wp\/v2\/media?parent=592"}],"wp:term":[{"taxonomy":"category","embeddable":true,"href":"https:\/\/www.kng.agh.edu.pl\/kng\/wp-json\/wp\/v2\/categories?post=592"},{"taxonomy":"post_tag","embeddable":true,"href":"https:\/\/www.kng.agh.edu.pl\/kng\/wp-json\/wp\/v2\/tags?post=592"}],"curies":[{"name":"wp","href":"https:\/\/api.w.org\/{rel}","templated":true}]}}