{"id":602,"date":"2013-02-23T22:34:40","date_gmt":"2013-02-23T21:34:40","guid":{"rendered":"http:\/\/www.kng.agh.edu.pl\/kng\/?page_id=602"},"modified":"2022-12-31T15:14:29","modified_gmt":"2022-12-31T14:14:29","slug":"sgp-2","status":"publish","type":"page","link":"https:\/\/www.kng.agh.edu.pl\/kng\/dzialalnosc\/sgp-2\/","title":{"rendered":"SGP"},"content":{"rendered":"<p style=\"text-align: center;\"><img loading=\"lazy\" decoding=\"async\" class=\"alignnone  wp-image-3740\" src=\"http:\/\/www.kng.agh.edu.pl\/kng\/wp-content\/uploads\/sgp-logo.png\" alt=\"sgp-logo\" width=\"116\" height=\"143\" \/><\/p>\n<p style=\"text-align: justify;\">B\u0119d\u0105c w KNG Dahlta mo\u017cna r\u00f3wnie\u017c wst\u0105pi\u0107 do <strong>Ko\u0142a Student\u00f3w AGH<\/strong> nale\u017c\u0105cego do struktur <strong>Stowarzyszenia Geodet\u00f3w Polskich<\/strong>, najwi\u0119kszej pozarz\u0105dowej organizacji zrzeszaj\u0105cej geodet\u00f3w oraz student\u00f3w kierunk\u00f3w geodezyjnych pocz\u0105wszy od trzeciego roku studi\u00f3w.<\/p>\n<p style=\"text-align: justify;\">Obecnie Prezesem Student\u00f3w AGH przy SGP jest <strong>Miko\u0142aj Kowalski<\/strong><\/p>\n<p style=\"text-align: justify;\"><strong>Celami Stowarzyszenia s\u0105:<\/strong><\/p>\n<ul>\n<li style=\"text-align: justify;\">wsp\u00f3\u0142dzia\u0142anie z w\u0142a\u015bciwymi jednostkami w zakresie rozwoju techniki i produkcji, wdra\u017canie osi\u0105gni\u0119\u0107 naukowo-technicznych w dziedzinie geodezji i kartografii oraz w zakresie bhp, ochrony pracy i zawodu, a ponadto szkolenia kadr,podnoszenie poziomu wiedzy, kultury technicznej i kwalifikacji oraz kszta\u0142towanie w\u0142a\u015bciwego poziomu etyki zawodowej cz\u0142onk\u00f3w Stowarzyszenia,<\/li>\n<li style=\"text-align: justify;\">popularyzacja w spo\u0142ecze\u0144stwie zagadnie\u0144 technicznych i ekonomicznych z dziedziny geodezji i kartografii,<\/li>\n<li style=\"text-align: justify;\">inicjowanie, popieranie i prowadzenie wymiany do\u015bwiadcze\u0144 organizacyjnych i naukowo-technicznych z zagranic\u0105,<\/li>\n<li style=\"text-align: justify;\">reprezentowanie w kraju i za granic\u0105 in\u017cynier\u00f3w i technik\u00f3w zrzeszonych w SGP.<\/li>\n<\/ul>\n<p style=\"text-align: justify;\"><strong>Studencie!<\/strong> Je\u017celi uzyska\u0142e\u015b wpis na III semestr <strong>zosta\u0144 cz\u0142onkiem SGP! To proste!<\/strong><\/p>\n<ul>\n<li style=\"text-align: justify;\">\u015bci\u0105gnij i wype\u0142nij deklaracj\u0119 cz\u0142onkowsk\u0105: <a href=\"http:\/\/zarzadglowny.sgpgeodezja.nazwa.pl\/images\/docs\/Deklaracja.doc\">[pobierz]<\/a>,<\/li>\n<li style=\"text-align: justify;\">do\u0142\u0105cz do deklaracji zdj\u0119cie w formacie 3.5 x 4.5 cm,<\/li>\n<li style=\"text-align: justify;\">przygotuj op\u0142at\u0119 wpisow\u0105 w wysoko\u015bci 10 z\u0142,<\/li>\n<li style=\"text-align: justify;\">wszystko przynie\u015b na spotkanie KNG Dahlta i przeka\u017c Prezesowi, b\u0105d\u017a osobie odpowiedzialnej za kontakty z SGP.<\/li>\n<\/ul>\n<p>&nbsp;<\/p>\n<p><strong>Mo\u017ce Ci\u0119 r\u00f3wnie\u017c zainteresowa\u0107:<\/strong><br \/>\n<a href=\"http:\/\/www.sgp.geodezja.org.pl\/\">Strona internetowa Stowarzyszenia Geodet\u00f3w Polskich<\/a><br \/>\n<a href=\"http:\/\/www.sgp.krakow.pl\/\">Strona internetowa Stowarzyszenia Geodet\u00f3w Polskich Oddzia\u0142 w Krakowie<\/a><\/p>\n","protected":false},"excerpt":{"rendered":"<p>B\u0119d\u0105c w KNG Dahlta mo\u017cna r\u00f3wnie\u017c wst\u0105pi\u0107 do Ko\u0142a Student\u00f3w AGH nale\u017c\u0105cego do struktur Stowarzyszenia Geodet\u00f3w Polskich, najwi\u0119kszej pozarz\u0105dowej organizacji zrzeszaj\u0105cej geodet\u00f3w oraz student\u00f3w kierunk\u00f3w geodezyjnych pocz\u0105wszy od trzeciego roku studi\u00f3w. Obecnie Prezesem Student\u00f3w AGH przy SGP jest Miko\u0142aj Kowalski Celami Stowarzyszenia s\u0105: wsp\u00f3\u0142dzia\u0142anie z w\u0142a\u015bciwymi jednostkami w zakresie rozwoju techniki i produkcji, wdra\u017canie osi\u0105gni\u0119\u0107 naukowo-technicznych w dziedzinie geodezji i kartografii oraz w zakresie bhp, ochrony pracy i zawodu, a ponadto szkolenia kadr,podnoszenie poziomu wiedzy, kultury technicznej i kwalifikacji oraz kszta\u0142towanie w\u0142a\u015bciwego poziomu etyki zawodowej cz\u0142onk\u00f3w Stowarzyszenia, popularyzacja w spo\u0142ecze\u0144stwie zagadnie\u0144 technicznych i ekonomicznych z dziedziny geodezji i kartografii, inicjowanie, popieranie i prowadzenie wymiany do\u015bwiadcze\u0144 organizacyjnych i naukowo-technicznych z zagranic\u0105, reprezentowanie w kraju i za granic\u0105 in\u017cynier\u00f3w i technik\u00f3w zrzeszonych w SGP. Studencie! Je\u017celi uzyska\u0142e\u015b wpis na III semestr zosta\u0144 cz\u0142onkiem SGP! To proste! \u015bci\u0105gnij i wype\u0142nij deklaracj\u0119 cz\u0142onkowsk\u0105: [pobierz], do\u0142\u0105cz do deklaracji zdj\u0119cie w formacie 3.5 x 4.5 cm, przygotuj op\u0142at\u0119 wpisow\u0105 w wysoko\u015bci 10 z\u0142, wszystko przynie\u015b na spotkanie KNG Dahlta i przeka\u017c Prezesowi, b\u0105d\u017a osobie odpowiedzialnej za kontakty z SGP. &nbsp; Mo\u017ce Ci\u0119 r\u00f3wnie\u017c zainteresowa\u0107: Strona internetowa Stowarzyszenia Geodet\u00f3w Polskich Strona internetowa Stowarzyszenia Geodet\u00f3w Polskich Oddzia\u0142 w Krakowie<\/p>\n","protected":false},"author":21,"featured_media":0,"parent":281,"menu_order":4,"comment_status":"closed","ping_status":"closed","template":"","meta":{"footnotes":"","_links_to":"","_links_to_target":""},"categories":[],"tags":[],"class_list":["post-602","page","type-page","status-publish","czr-hentry"],"_links":{"self":[{"href":"https:\/\/www.kng.agh.edu.pl\/kng\/wp-json\/wp\/v2\/pages\/602","targetHints":{"allow":["GET"]}}],"collection":[{"href":"https:\/\/www.kng.agh.edu.pl\/kng\/wp-json\/wp\/v2\/pages"}],"about":[{"href":"https:\/\/www.kng.agh.edu.pl\/kng\/wp-json\/wp\/v2\/types\/page"}],"author":[{"embeddable":true,"href":"https:\/\/www.kng.agh.edu.pl\/kng\/wp-json\/wp\/v2\/users\/21"}],"replies":[{"embeddable":true,"href":"https:\/\/www.kng.agh.edu.pl\/kng\/wp-json\/wp\/v2\/comments?post=602"}],"version-history":[{"count":2,"href":"https:\/\/www.kng.agh.edu.pl\/kng\/wp-json\/wp\/v2\/pages\/602\/revisions"}],"predecessor-version":[{"id":3741,"href":"https:\/\/www.kng.agh.edu.pl\/kng\/wp-json\/wp\/v2\/pages\/602\/revisions\/3741"}],"up":[{"embeddable":true,"href":"https:\/\/www.kng.agh.edu.pl\/kng\/wp-json\/wp\/v2\/pages\/281"}],"wp:attachment":[{"href":"https:\/\/www.kng.agh.edu.pl\/kng\/wp-json\/wp\/v2\/media?parent=602"}],"wp:term":[{"taxonomy":"category","embeddable":true,"href":"https:\/\/www.kng.agh.edu.pl\/kng\/wp-json\/wp\/v2\/categories?post=602"},{"taxonomy":"post_tag","embeddable":true,"href":"https:\/\/www.kng.agh.edu.pl\/kng\/wp-json\/wp\/v2\/tags?post=602"}],"curies":[{"name":"wp","href":"https:\/\/api.w.org\/{rel}","templated":true}]}}